{"id":9785,"date":"2020-06-09T11:53:13","date_gmt":"2020-06-09T09:53:13","guid":{"rendered":"https:\/\/www.grupo-ebei.es\/confbe\/2020\/?page_id=9785"},"modified":"2023-06-12T14:11:10","modified_gmt":"2023-06-12T12:11:10","slug":"modalidades-de-participacion","status":"publish","type":"page","link":"https:\/\/grupo-ebei.com\/confbe\/2023\/modalidades-de-participacion\/","title":{"rendered":"Modalidades de participaci\u00f3n"},"content":{"rendered":"<section class=\"l-section wpb_row height_auto color_primary with_shape\"><div class=\"l-section-shape type_wave pos_bottom\" style=\"height:10vh;\"><svg xmlns=\"http:\/\/www.w3.org\/2000\/svg\" viewBox=\"0 4 64 4\" preserveAspectRatio=\"none\" width=\"100%\" height=\"100%\">\r\n\t<path fill=\"currentColor\" d=\"M64 6 C32 0 32 12 0 6 L0 8 L64 8 Z\"\/>\r\n<\/svg><\/div><div class=\"l-section-h i-cf\"><div class=\"g-cols vc_row type_default valign_top\"><div class=\"vc_col-sm-12 wpb_column vc_column_container\"><div class=\"vc_column-inner\"><div class=\"wpb_wrapper\"><div class=\"w-separator size_small\"><\/div><div class=\"w-separator size_huge\"><\/div><\/div><\/div><\/div><\/div><\/div><\/section><section class=\"l-section wpb_row height_auto\"><div class=\"l-section-h i-cf\"><div class=\"g-cols vc_row type_default valign_top\"><div class=\"vc_col-sm-3 wpb_column vc_column_container\"><div class=\"vc_column-inner\"><div class=\"wpb_wrapper\"><div class=\"w-separator size_large\"><\/div><div class=\"w-separator size_small\"><\/div><div class=\"w-menu  us_custom_54633498 layout_ver style_blocks us_menu_1\"><ul id=\"menu-menu-info-general-es\" class=\"menu\"><li id=\"menu-item-9750\" class=\"menu-general-item menu-item menu-item-type-post_type menu-item-object-page menu-item-9750\"><a href=\"https:\/\/grupo-ebei.com\/confbe\/2023\/lineas-de-trabajo\/\">L\u00edneas de trabajo<\/a><\/li><li id=\"menu-item-10335\" class=\"menu-general-item menu-item menu-item-type-post_type menu-item-object-page menu-item-10335\"><a href=\"https:\/\/grupo-ebei.com\/confbe\/2023\/destinatarios\/\">Principales destinatarios\/as<\/a><\/li><li id=\"menu-item-9970\" class=\"menu-general-item menu-item menu-item-type-post_type menu-item-object-page menu-item-9970\"><a href=\"https:\/\/grupo-ebei.com\/confbe\/2023\/modalidades-de-participacion\/\">Modalidades de participaci\u00f3n<\/a><\/li><li id=\"menu-item-9752\" class=\"menu-general-item menu-item menu-item-type-post_type menu-item-object-page menu-item-9752\"><a href=\"https:\/\/grupo-ebei.com\/confbe\/2023\/plenarios\/\">Conferenciantes plenarios<\/a><\/li><li id=\"menu-item-10331\" class=\"menu-general-item menu-item menu-item-type-post_type menu-item-object-page menu-item-10331\"><a href=\"https:\/\/grupo-ebei.com\/confbe\/2023\/fechas-clave\/\">Fechas clave<\/a><\/li><li id=\"menu-item-9969\" class=\"menu-general-item menu-item menu-item-type-post_type menu-item-object-page menu-item-9969\"><a href=\"https:\/\/grupo-ebei.com\/confbe\/2023\/tasas-de-participacion\/\">Tasas de participaci\u00f3n<\/a><\/li><li id=\"menu-item-10332\" class=\"menu-general-item menu-item menu-item-type-post_type menu-item-object-page menu-item-10332\"><a href=\"https:\/\/grupo-ebei.com\/confbe\/2023\/procedimiento-de-inscripcion\/\">Procedimiento de inscripci\u00f3n<\/a><\/li><li id=\"menu-item-10070\" class=\"menu-general-item menu-item menu-item-type-post_type menu-item-object-page menu-item-10070\"><a href=\"https:\/\/grupo-ebei.com\/confbe\/2023\/gestion-de-resumenes\/\">Presentaci\u00f3n de res\u00famenes<\/a><\/li><li id=\"menu-item-10571\" class=\"menu-item menu-item-type-post_type menu-item-object-page menu-item-10571\"><a href=\"https:\/\/grupo-ebei.com\/confbe\/2023\/envio-de-comunicaciones\/\">Env\u00edo de comunicaciones<\/a><\/li><li id=\"menu-item-10588\" class=\"menu-item menu-item-type-post_type menu-item-object-page menu-item-10588\"><a href=\"https:\/\/grupo-ebei.com\/confbe\/2023\/libro-de-capitulos\/\">Libro de Cap\u00edtulos<\/a><\/li><li id=\"menu-item-10073\" class=\"menu-general-item menu-item menu-item-type-post_type menu-item-object-page menu-item-10073\"><a href=\"https:\/\/grupo-ebei.com\/confbe\/2023\/organizacion\/\">Organizaci\u00f3n y comit\u00e9s<\/a><\/li><li id=\"menu-item-9751\" class=\"menu-general-item menu-item menu-item-type-post_type menu-item-object-page menu-item-9751\"><a href=\"https:\/\/grupo-ebei.com\/confbe\/2023\/entidades\/\">Entidades organizadoras<\/a><\/li><\/ul><style>.us_menu_1 .menu>li{margin-bottom:0.8rem}.us_menu_1 .menu>li>a{padding:0.9em 0.9em}.us_menu_1 .menu>li>a{background:linear-gradient(135deg,#00a3d9,#00194e)}.us_menu_1 .menu>li>a{color:#ffffff}.us_menu_1 .menu>.menu-item>a:hover{background:linear-gradient(165deg,#00a3d9,#00194e)}.us_menu_1 .menu>.current-menu-item>a{color:#f5f5f5}@media ( max-width:600px ){.us_menu_1 .menu{display:block!important}.us_menu_1 .menu>li{margin:0 0 0.8rem}}<\/style><\/div><\/div><\/div><\/div><div class=\"vc_col-sm-9 wpb_column vc_column_container\"><div class=\"vc_column-inner us_custom_75e2102a \"><div class=\"wpb_wrapper\"><div class=\"w-separator size_small\"><\/div><div class=\"w-separator size_large\"><\/div>[vc_custom_heading text=\u00bb\u00bfInteresado\/a en participar?\u00bb font_container=\u00bbtag:h2|text_align:center\u00bb use_theme_fonts=\u00bbyes\u00bb]<div class=\"w-separator size_custom\" style=\"height:1rem;\"><\/div>[vc_custom_heading text=\u00bbEn la presente edici\u00f3n del Congreso se han establecido las siguientes modalidades de participaci\u00f3n. Pulse sobre cada modalidad para obtener m\u00e1s informaci\u00f3n.\u00bb font_container=\u00bbtag:p|text_align:center\u00bb use_theme_fonts=\u00bbyes\u00bb css=\u00bb%7B%22default%22%3A%7B%22font-weight%22%3A%22500%22%2C%22font-size%22%3A%221.2rem%22%7D%7D\u00bb]<div class=\"w-separator size_small\"><\/div><div class=\"w-tabs us_custom_91b1a7f2 style_default switch_click accordion title_atleft icon_triangle iconpos_right \"><div class=\"w-tabs-sections\"><div class=\"w-tabs-sections-h\"><div class=\"w-tabs-section with_icon\" id=\"69d274b53acb4\" style=\"background:linear-gradient(135deg,#00a3d9,#00194e);color:#ffffff;\"><button class=\"w-tabs-section-header\" style=\"font-size:1.2rem;\" aria-controls=\"content-69d274b53acb4\"><div class=\"w-tabs-section-header-h\"><i class=\"far fa-video\"><\/i><h3 class=\"w-tabs-section-title\">CONFERENCIAS PLENARIAS<\/h3><div class=\"w-tabs-section-control\"><\/div><\/div><\/button><div class=\"w-tabs-section-content us_custom_ef209e8f\" id=\"content-69d274b53acb4\" aria-expanded=\"false\"><div  class=\"w-tabs-section-content-h i-cf\"><div class=\"wpb_text_column us_custom_601b3763\" ><div class=\"wpb_wrapper\"><p align=\"justify\">El Comit\u00e9 Organizador del Congreso tiene el honor de confirmar la celebraci\u00f3n de diferentes sesiones plenarias a cargo de expertos de renombrado prestigio. Puede consultar todos los detalles relativos a dichas sesiones a trav\u00e9s del siguiente enlace.<\/p>\n<\/div><\/div><div class=\"w-separator size_custom\" style=\"height:1rem;\"><\/div><div class=\"w-btn-wrapper width_auto align_center\"><a class=\"w-btn us-btn-style_4\" href=\"https:\/\/grupo-ebei.com\/confbe\/2023\/plenarios\/\"><span class=\"w-btn-label\">Conferenciantes Plenarios<\/span><\/a><\/div><\/div><\/div><\/div><div class=\"w-tabs-section with_icon active\" id=\"69d274b53acbd\" style=\"background:linear-gradient(135deg,#00a3d9,#00194e);color:#ffffff;\"><button class=\"w-tabs-section-header active\" style=\"font-size:1.2rem;\" aria-controls=\"content-69d274b53acbd\"><div class=\"w-tabs-section-header-h\"><i class=\"far fa-video\"><\/i><h3 class=\"w-tabs-section-title\">COMUNICACIONES<\/h3><div class=\"w-tabs-section-control\"><\/div><\/div><\/button><div class=\"w-tabs-section-content us_custom_e74b353e\" id=\"content-69d274b53acbd\" aria-expanded=\"true\"><div  class=\"w-tabs-section-content-h i-cf\"><div class=\"wpb_text_column us_custom_a99925c3\" ><div class=\"wpb_wrapper\"><p><code style=\"display: none;\"><br \/>\n<\/code><\/p>\n<p align=\"justify\" class=\"vc_custom_heading us_custom_abc5744b\">En las cuales se presenten los resultados de estudios relacionados con las tem\u00e1ticas recogidas en el Congreso y agrupados por el Comit\u00e9 Cient\u00edfico siguiendo las distintas \u00e1reas que se han establecido. Puede consultar las l\u00edneas tem\u00e1ticas definidas en la secci\u00f3n \u2018L\u00edneas de trabajo\u2019. Estas comunicaciones, de investigaci\u00f3n o de experiencias en el aula, se dividir\u00e1n en dos modalidades:<\/p>\n<p><code style=\"display: none;\"><br \/>\n<\/code><code style=\"display: none;\"><br \/>\n<\/code><code style=\"display: none;\"><br \/>\n<\/code><code style=\"display: none;\">    <\/code><\/p>\n<ul>\n<ul>\n<li align=\"justify\"><b>COMUNICACIONES PRESENCIALES:<\/b>\u00a0Resultados de investigaci\u00f3n y de pr\u00e1cticas docentes.<\/li>\n<\/ul>\n<ul>\n<li align=\"justify\" class=\"vc_custom_heading us_custom_4e1149e1\"><b>COMUNICACIONES EN FORMATO V\u00cdDEO:<\/b> Resultados de investigaci\u00f3n y de pr\u00e1cticas docentes en formato multimedia (en caso de participaci\u00f3n virtual).\u00a0<\/li>\n<\/ul>\n<\/ul>\n<p><code style=\"display: none;\"><br \/>\n<\/code><code style=\"display: none;\">    <\/code><\/p>\n<ul>\n<ul>\n<li align=\"justify\" class=\"vc_custom_heading us_custom_4e1149e1\"><b>COMUNICACIONES EN FORMATO TEXTO:<\/b> Resultados de investigaci\u00f3n y de pr\u00e1cticas docentes en formato texto.<\/li>\n<\/ul>\n<\/ul>\n<p align=\"justify\"><span>Las contribuciones al Congreso deber\u00e1n ser trabajos in\u00e9ditos, de car\u00e1cter cient\u00edfico o profesional sobre cualquiera de las l\u00edneas tem\u00e1ticas propuestas. Las comunicaciones en formato texto deber\u00e1n estar escritas en la plantilla que se puede descargar en la secci\u00f3n &#8216;Env\u00edo de comunicaciones&#8217; del presente sitio web. La extensi\u00f3n ser\u00e1 de 3000 palabras, referencias incluidas.<\/span><\/p>\n<p><code style=\"display: none;\"><br \/>\n<\/code><code style=\"display: none;\"><br \/>\n<\/code><\/p>\n<\/div><\/div><div class=\"w-separator size_custom\" style=\"height:1rem;\"><\/div><div class=\"w-btn-wrapper width_auto align_center\"><a class=\"w-btn us-btn-style_4\" href=\"https:\/\/grupo-ebei.com\/confbe\/2023\/envio-de-comunicaciones\/\"><span class=\"w-btn-label\">Env\u00edo de comunicaciones<\/span><\/a><\/div><\/div><\/div><\/div><div class=\"w-tabs-section with_icon\" id=\"69d274b53acc2\" style=\"background:linear-gradient(135deg,#00a3d9,#00194e);color:#ffffff;\"><button class=\"w-tabs-section-header\" style=\"font-size:1.2rem;\" aria-controls=\"content-69d274b53acc2\"><div class=\"w-tabs-section-header-h\"><i class=\"fas fa-comment-smile\"><\/i><h3 class=\"w-tabs-section-title\">DI\u00c1LOGOS CIENT\u00cdFICO \/ FORMATIVOS<\/h3><div class=\"w-tabs-section-control\"><\/div><\/div><\/button><div class=\"w-tabs-section-content\" id=\"content-69d274b53acc2\" aria-expanded=\"false\"><div  class=\"w-tabs-section-content-h i-cf\"><div class=\"wpb_text_column us_custom_63948721\" ><div class=\"wpb_wrapper\"><p><code style=\"display: none;\"><br \/>\n<\/code><\/p>\n<p align=\"justify\" class=\"vc_custom_heading us_custom_abc5744b\">Cada di\u00e1logo, tendr\u00e1 una duraci\u00f3n de<b> entre 30 y 60 minutos<\/b>, posibilitando el intercambio de ideas en torno a aspectos clave, cient\u00edficos o formativos, por parte de entre dos y tres participantes.<\/p>\n<p><code style=\"display: none;\"><br \/>\n<\/code><\/p>\n<p align=\"justify\"><span>El objetivo de estos di\u00e1logos es, por tanto, plantear\u00a0<\/span><b>un tema de candente actualidad en educaci\u00f3n biling\u00fce<\/b><span> y aportar dos puntos de vista sobre el mismo, de manera que se genere debate entre los participantes. Estos di\u00e1logos, han de tener un <b>m\u00e1ximo de 2-3 participantes<\/b> y el Comit\u00e9 Cient\u00edfico seleccionar\u00e1 las mejores propuestas para su celebraci\u00f3n (que se notificar\u00e1 con antelaci\u00f3n a los coordinadores).\u00a0<\/span><\/p>\n<\/div><\/div><\/div><\/div><\/div><div class=\"w-tabs-section with_icon\" id=\"69d274b53acc9\" style=\"background:linear-gradient(135deg,#00a3d9,#00194e);color:#ffffff;\"><button class=\"w-tabs-section-header\" style=\"font-size:1.2rem;\" aria-controls=\"content-69d274b53acc9\"><div class=\"w-tabs-section-header-h\"><i class=\"fas fa-chalkboard-teacher\"><\/i><h3 class=\"w-tabs-section-title\">TALLERES FORMATIVOS<\/h3><div class=\"w-tabs-section-control\"><\/div><\/div><\/button><div class=\"w-tabs-section-content\" id=\"content-69d274b53acc9\" aria-expanded=\"false\"><div  class=\"w-tabs-section-content-h i-cf\"><div class=\"wpb_text_column us_custom_63948721\" ><div class=\"wpb_wrapper\"><p align=\"justify\" class=\"vc_custom_heading us_custom_abc5744b\">Los Talleres Formativos surgen como una alternativa a las Comunicaciones. En ellos se desarrollar\u00e1n propuestas formativas relacionadas con la Educaci\u00f3n Biling\u00fce.<\/p>\n<\/div><\/div><\/div><\/div><\/div><\/div><\/div><\/div><div class=\"w-separator size_small\"><\/div><div class=\"w-separator size_small\"><\/div><div class=\"w-separator size_huge\"><\/div><div class=\"w-separator size_huge\"><\/div><\/div><\/div><\/div><\/div><\/div><\/section><section class=\"l-section wpb_row height_custom color_primary with_shape\"><div class=\"l-section-shape type_wave pos_bottom\" style=\"height:10vh;\"><svg xmlns=\"http:\/\/www.w3.org\/2000\/svg\" viewBox=\"0 4 64 4\" preserveAspectRatio=\"none\" width=\"100%\" height=\"100%\">\r\n\t<path fill=\"currentColor\" d=\"M64 6 C32 0 32 12 0 6 L0 8 L64 8 Z\"\/>\r\n<\/svg><\/div><div class=\"l-section-h i-cf\"><div class=\"g-cols vc_row type_default valign_top\"><div class=\"vc_col-sm-12 wpb_column vc_column_container\"><div class=\"vc_column-inner\"><div class=\"wpb_wrapper\"><div class=\"wpb_text_column\" ><div class=\"wpb_wrapper\"><p><code style=\"display: none;\"><br \/>\n<\/code><\/p>\n<h2 style=\"text-align: center;\">Acceda a la Plataforma para env\u00edo de comunicaciones<\/h2>\n<p><code style=\"display: none;\"><br \/>\n<\/code><\/p>\n<p style=\"text-align: center;\">Aseg\u00farese de haber realizado correctamente el proceso de inscripci\u00f3n siguiendo los pasos descritos en el apartado \u00abProcedimiento de inscripci\u00f3n\u00bb.<\/p>\n<p><code style=\"display: none;\"><br \/>\n<\/code><\/p>\n<\/div><\/div><div class=\"w-separator size_small\"><\/div><div class=\"w-btn-wrapper width_auto align_center\"><a class=\"w-btn us-btn-style_4\" href=\"https:\/\/grupo-ebei.com\/confbe\/ojsebei\/index.php\/confbe2023\/\" target=\"_blank\" rel=\"noopener\"><span class=\"w-btn-label\">ACCESO PLATAFORMA OJS<\/span><\/a><\/div><div class=\"w-separator size_medium\"><\/div><\/div><\/div><\/div><\/div><\/div><\/section>","protected":false},"excerpt":{"rendered":"L\u00edneas de trabajoPrincipales destinatarios\/asModalidades de participaci\u00f3nConferenciantes plenariosFechas claveTasas de participaci\u00f3nProcedimiento de inscripci\u00f3nPresentaci\u00f3n de res\u00famenesEnv\u00edo de comunicacionesLibro de Cap\u00edtulosOrganizaci\u00f3n y comit\u00e9sEntidades organizadoras[vc_custom_heading text=\"\u00bfInteresado\/a en participar?\" font_container=\"tag:h2|text_align:center\" use_theme_fonts=\"yes\"][vc_custom_heading text=\"En la presente edici\u00f3n del Congreso se han establecido las siguientes modalidades de participaci\u00f3n. Pulse sobre cada modalidad para obtener m\u00e1s informaci\u00f3n.\" font_container=\"tag:p|text_align:center\" use_theme_fonts=\"yes\" css=\"%7B%22default%22%3A%7B%22font-weight%22%3A%22500%22%2C%22font-size%22%3A%221.2rem%22%7D%7D\"]CONFERENCIAS PLENARIASEl Comit\u00e9 Organizador del...","protected":false},"author":1,"featured_media":0,"parent":0,"menu_order":0,"comment_status":"closed","ping_status":"closed","template":"","meta":{"spay_email":""},"yoast_head":"<!-- This site is optimized with the Yoast SEO plugin v18.8 - https:\/\/yoast.com\/wordpress\/plugins\/seo\/ -->\n<title>Modalidades de participaci\u00f3n - IX Congreso Internacional sobre Educaci\u00f3n Biling\u00fce<\/title>\n<meta name=\"robots\" content=\"index, follow, max-snippet:-1, max-image-preview:large, max-video-preview:-1\" \/>\n<link rel=\"canonical\" href=\"https:\/\/grupo-ebei.com\/confbe\/2023\/modalidades-de-participacion\/\" \/>\n<meta property=\"og:locale\" content=\"es_ES\" \/>\n<meta property=\"og:type\" content=\"article\" \/>\n<meta property=\"og:title\" content=\"Modalidades de participaci\u00f3n - IX Congreso Internacional sobre Educaci\u00f3n Biling\u00fce\" \/>\n<meta property=\"og:url\" content=\"https:\/\/grupo-ebei.com\/confbe\/2023\/modalidades-de-participacion\/\" \/>\n<meta property=\"og:site_name\" content=\"IX Congreso Internacional sobre Educaci\u00f3n Biling\u00fce\" \/>\n<meta property=\"article:modified_time\" content=\"2023-06-12T12:11:10+00:00\" \/>\n<meta name=\"twitter:card\" content=\"summary_large_image\" \/>\n<meta name=\"twitter:label1\" content=\"Tiempo de lectura\" \/>\n\t<meta name=\"twitter:data1\" content=\"3 minutos\" \/>\n<script type=\"application\/ld+json\" class=\"yoast-schema-graph\">{\"@context\":\"https:\/\/schema.org\",\"@graph\":[{\"@type\":\"WebSite\",\"@id\":\"https:\/\/grupo-ebei.com\/confbe\/2023\/#website\",\"url\":\"https:\/\/grupo-ebei.com\/confbe\/2023\/\",\"name\":\"IX Congreso Internacional sobre Educaci\u00f3n Biling\u00fce\",\"description\":\"VIII International Conference on Bilingual Education\",\"potentialAction\":[{\"@type\":\"SearchAction\",\"target\":{\"@type\":\"EntryPoint\",\"urlTemplate\":\"https:\/\/grupo-ebei.com\/confbe\/2023\/?s={search_term_string}\"},\"query-input\":\"required name=search_term_string\"}],\"inLanguage\":\"es\"},{\"@type\":\"WebPage\",\"@id\":\"https:\/\/grupo-ebei.com\/confbe\/2023\/modalidades-de-participacion\/#webpage\",\"url\":\"https:\/\/grupo-ebei.com\/confbe\/2023\/modalidades-de-participacion\/\",\"name\":\"Modalidades de participaci\u00f3n - IX Congreso Internacional sobre Educaci\u00f3n Biling\u00fce\",\"isPartOf\":{\"@id\":\"https:\/\/grupo-ebei.com\/confbe\/2023\/#website\"},\"datePublished\":\"2020-06-09T09:53:13+00:00\",\"dateModified\":\"2023-06-12T12:11:10+00:00\",\"breadcrumb\":{\"@id\":\"https:\/\/grupo-ebei.com\/confbe\/2023\/modalidades-de-participacion\/#breadcrumb\"},\"inLanguage\":\"es\",\"potentialAction\":[{\"@type\":\"ReadAction\",\"target\":[\"https:\/\/grupo-ebei.com\/confbe\/2023\/modalidades-de-participacion\/\"]}]},{\"@type\":\"BreadcrumbList\",\"@id\":\"https:\/\/grupo-ebei.com\/confbe\/2023\/modalidades-de-participacion\/#breadcrumb\",\"itemListElement\":[{\"@type\":\"ListItem\",\"position\":1,\"name\":\"Home\",\"item\":\"https:\/\/grupo-ebei.com\/confbe\/2023\/\"},{\"@type\":\"ListItem\",\"position\":2,\"name\":\"Modalidades de participaci\u00f3n\"}]}]}<\/script>\n<!-- \/ Yoast SEO plugin. -->","yoast_head_json":{"title":"Modalidades de participaci\u00f3n - IX Congreso Internacional sobre Educaci\u00f3n Biling\u00fce","robots":{"index":"index","follow":"follow","max-snippet":"max-snippet:-1","max-image-preview":"max-image-preview:large","max-video-preview":"max-video-preview:-1"},"canonical":"https:\/\/grupo-ebei.com\/confbe\/2023\/modalidades-de-participacion\/","og_locale":"es_ES","og_type":"article","og_title":"Modalidades de participaci\u00f3n - IX Congreso Internacional sobre Educaci\u00f3n Biling\u00fce","og_url":"https:\/\/grupo-ebei.com\/confbe\/2023\/modalidades-de-participacion\/","og_site_name":"IX Congreso Internacional sobre Educaci\u00f3n Biling\u00fce","article_modified_time":"2023-06-12T12:11:10+00:00","twitter_card":"summary_large_image","twitter_misc":{"Tiempo de lectura":"3 minutos"},"schema":{"@context":"https:\/\/schema.org","@graph":[{"@type":"WebSite","@id":"https:\/\/grupo-ebei.com\/confbe\/2023\/#website","url":"https:\/\/grupo-ebei.com\/confbe\/2023\/","name":"IX Congreso Internacional sobre Educaci\u00f3n Biling\u00fce","description":"VIII International Conference on Bilingual Education","potentialAction":[{"@type":"SearchAction","target":{"@type":"EntryPoint","urlTemplate":"https:\/\/grupo-ebei.com\/confbe\/2023\/?s={search_term_string}"},"query-input":"required name=search_term_string"}],"inLanguage":"es"},{"@type":"WebPage","@id":"https:\/\/grupo-ebei.com\/confbe\/2023\/modalidades-de-participacion\/#webpage","url":"https:\/\/grupo-ebei.com\/confbe\/2023\/modalidades-de-participacion\/","name":"Modalidades de participaci\u00f3n - IX Congreso Internacional sobre Educaci\u00f3n Biling\u00fce","isPartOf":{"@id":"https:\/\/grupo-ebei.com\/confbe\/2023\/#website"},"datePublished":"2020-06-09T09:53:13+00:00","dateModified":"2023-06-12T12:11:10+00:00","breadcrumb":{"@id":"https:\/\/grupo-ebei.com\/confbe\/2023\/modalidades-de-participacion\/#breadcrumb"},"inLanguage":"es","potentialAction":[{"@type":"ReadAction","target":["https:\/\/grupo-ebei.com\/confbe\/2023\/modalidades-de-participacion\/"]}]},{"@type":"BreadcrumbList","@id":"https:\/\/grupo-ebei.com\/confbe\/2023\/modalidades-de-participacion\/#breadcrumb","itemListElement":[{"@type":"ListItem","position":1,"name":"Home","item":"https:\/\/grupo-ebei.com\/confbe\/2023\/"},{"@type":"ListItem","position":2,"name":"Modalidades de participaci\u00f3n"}]}]}},"_links":{"self":[{"href":"https:\/\/grupo-ebei.com\/confbe\/2023\/wp-json\/wp\/v2\/pages\/9785"}],"collection":[{"href":"https:\/\/grupo-ebei.com\/confbe\/2023\/wp-json\/wp\/v2\/pages"}],"about":[{"href":"https:\/\/grupo-ebei.com\/confbe\/2023\/wp-json\/wp\/v2\/types\/page"}],"author":[{"embeddable":true,"href":"https:\/\/grupo-ebei.com\/confbe\/2023\/wp-json\/wp\/v2\/users\/1"}],"replies":[{"embeddable":true,"href":"https:\/\/grupo-ebei.com\/confbe\/2023\/wp-json\/wp\/v2\/comments?post=9785"}],"version-history":[{"count":52,"href":"https:\/\/grupo-ebei.com\/confbe\/2023\/wp-json\/wp\/v2\/pages\/9785\/revisions"}],"predecessor-version":[{"id":11159,"href":"https:\/\/grupo-ebei.com\/confbe\/2023\/wp-json\/wp\/v2\/pages\/9785\/revisions\/11159"}],"wp:attachment":[{"href":"https:\/\/grupo-ebei.com\/confbe\/2023\/wp-json\/wp\/v2\/media?parent=9785"}],"curies":[{"name":"wp","href":"https:\/\/api.w.org\/{rel}","templated":true}]}}