{"id":9628,"date":"2020-06-08T21:04:30","date_gmt":"2020-06-08T19:04:30","guid":{"rendered":"https:\/\/www.grupo-ebei.es\/confbe\/2020\/?page_id=9628"},"modified":"2023-05-16T08:41:48","modified_gmt":"2023-05-16T06:41:48","slug":"entidades","status":"publish","type":"page","link":"https:\/\/grupo-ebei.com\/confbe\/2023\/entidades\/","title":{"rendered":"Entidades organizadoras"},"content":{"rendered":"<section class=\"l-section wpb_row height_auto color_primary with_shape\" id=\"overview\"><div class=\"l-section-shape type_wave pos_bottom\" style=\"height:12vh;\"><svg xmlns=\"http:\/\/www.w3.org\/2000\/svg\" viewBox=\"0 4 64 4\" preserveAspectRatio=\"none\" width=\"100%\" height=\"100%\">\r\n\t<path fill=\"currentColor\" d=\"M64 6 C32 0 32 12 0 6 L0 8 L64 8 Z\"\/>\r\n<\/svg><\/div><div class=\"l-section-h i-cf\"><div class=\"g-cols vc_row type_default valign_middle\"><div class=\"vc_col-sm-12 wpb_column vc_column_container align_center_xs\"><div class=\"vc_column-inner\"><div class=\"wpb_wrapper\"><div class=\"w-separator size_huge\"><\/div><div class=\"w-separator size_small\"><\/div><\/div><\/div><\/div><\/div><\/div><\/section><section class=\"l-section wpb_row height_auto\"><div class=\"l-section-h i-cf\"><div class=\"g-cols vc_row type_default valign_middle\"><div class=\"vc_col-sm-4 wpb_column vc_column_container align_center_xs\"><div class=\"vc_column-inner\"><div class=\"wpb_wrapper\"><div class=\"w-separator size_custom\" style=\"height:60px;\"><\/div><div class=\"w-image style_shadow-1 align_center\"><div class=\"w-image-h\"><img width=\"353\" height=\"500\" src=\"data:image\/svg+xml,%3Csvg xmlns=%22http:\/\/www.w3.org\/2000\/svg%22 viewBox=%220 0 353 500%22%3E%3C\/svg%3E\" data-lazy-type=\"image\" data-src=\"https:\/\/grupo-ebei.com\/confbe\/2023\/wp-content\/uploads\/2023\/04\/pagina-principal-portada_2023-353x500.jpg\" class=\"lazy lazy-hidden attachment-us_353_500_crop size-us_353_500_crop\" alt=\"\" loading=\"lazy\" srcset=\"\" data-srcset=\"https:\/\/grupo-ebei.com\/confbe\/2023\/wp-content\/uploads\/2023\/04\/pagina-principal-portada_2023-353x500.jpg 353w, https:\/\/grupo-ebei.com\/confbe\/2023\/wp-content\/uploads\/2023\/04\/pagina-principal-portada_2023-212x300.jpg 212w, https:\/\/grupo-ebei.com\/confbe\/2023\/wp-content\/uploads\/2023\/04\/pagina-principal-portada_2023-724x1024.jpg 724w, https:\/\/grupo-ebei.com\/confbe\/2023\/wp-content\/uploads\/2023\/04\/pagina-principal-portada_2023-141x200.jpg 141w, https:\/\/grupo-ebei.com\/confbe\/2023\/wp-content\/uploads\/2023\/04\/pagina-principal-portada_2023-71x100.jpg 71w, https:\/\/grupo-ebei.com\/confbe\/2023\/wp-content\/uploads\/2023\/04\/pagina-principal-portada_2023-85x120.jpg 85w, https:\/\/grupo-ebei.com\/confbe\/2023\/wp-content\/uploads\/2023\/04\/pagina-principal-portada_2023-177x250.jpg 177w, https:\/\/grupo-ebei.com\/confbe\/2023\/wp-content\/uploads\/2023\/04\/pagina-principal-portada_2023-565x800.jpg 565w, https:\/\/grupo-ebei.com\/confbe\/2023\/wp-content\/uploads\/2023\/04\/pagina-principal-portada_2023-424x600.jpg 424w, https:\/\/grupo-ebei.com\/confbe\/2023\/wp-content\/uploads\/2023\/04\/pagina-principal-portada_2023-283x400.jpg 283w, https:\/\/grupo-ebei.com\/confbe\/2023\/wp-content\/uploads\/2023\/04\/pagina-principal-portada_2023-318x450.jpg 318w, https:\/\/grupo-ebei.com\/confbe\/2023\/wp-content\/uploads\/2023\/04\/pagina-principal-portada_2023.jpg 842w\" sizes=\"(max-width: 353px) 100vw, 353px\" \/><\/div><\/div><\/div><\/div><\/div><div class=\"vc_col-sm-8 wpb_column vc_column_container\"><div class=\"vc_column-inner us_custom_abcfbf3b \"><div class=\"wpb_wrapper\"><div class=\"w-separator size_small\"><\/div>[vc_custom_heading text=\u00bbEntidades organizadoras\u00bb use_theme_fonts=\u00bbyes\u00bb]<div class=\"wpb_text_column\" ><div class=\"wpb_wrapper\"><p align=\"justify\">Desde el Comit\u00e9 Organizador del Congreso Internacional sobre Educaci\u00f3n Biling\u00fce nos gustar\u00eda agradecer el enorme apoyo ofrecido por todas y cada una de las entidades que, como en anteriores ediciones, brindan sus recursos para hacer cada a\u00f1o de este evento un foro internacional que permita el intercambio y la difusi\u00f3n del conocimiento cient\u00edfico acerca de la Educaci\u00f3n Biling\u00fce.<\/p>\n<\/div><\/div><\/div><\/div><\/div><\/div><\/div><\/section>","protected":false},"excerpt":{"rendered":"[vc_custom_heading text=\"Entidades organizadoras\" use_theme_fonts=\"yes\"]Desde el Comit\u00e9 Organizador del Congreso Internacional sobre Educaci\u00f3n Biling\u00fce nos gustar\u00eda agradecer el enorme apoyo ofrecido por todas y cada una de las entidades que, como en anteriores ediciones, brindan sus recursos para hacer cada a\u00f1o de este evento un foro internacional que permita el intercambio y la difusi\u00f3n del conocimiento...","protected":false},"author":1,"featured_media":0,"parent":0,"menu_order":0,"comment_status":"closed","ping_status":"closed","template":"","meta":{"spay_email":""},"yoast_head":"<!-- This site is optimized with the Yoast SEO plugin v18.8 - https:\/\/yoast.com\/wordpress\/plugins\/seo\/ -->\n<title>Entidades organizadoras - IX Congreso Internacional sobre Educaci\u00f3n Biling\u00fce<\/title>\n<meta name=\"robots\" content=\"index, follow, max-snippet:-1, max-image-preview:large, max-video-preview:-1\" \/>\n<link rel=\"canonical\" href=\"https:\/\/grupo-ebei.com\/confbe\/2023\/entidades\/\" \/>\n<meta property=\"og:locale\" content=\"es_ES\" \/>\n<meta property=\"og:type\" content=\"article\" \/>\n<meta property=\"og:title\" content=\"Entidades organizadoras - IX Congreso Internacional sobre Educaci\u00f3n Biling\u00fce\" \/>\n<meta property=\"og:url\" content=\"https:\/\/grupo-ebei.com\/confbe\/2023\/entidades\/\" \/>\n<meta property=\"og:site_name\" content=\"IX Congreso Internacional sobre Educaci\u00f3n Biling\u00fce\" \/>\n<meta property=\"article:modified_time\" content=\"2023-05-16T06:41:48+00:00\" \/>\n<meta name=\"twitter:card\" content=\"summary_large_image\" \/>\n<meta name=\"twitter:label1\" content=\"Tiempo de lectura\" \/>\n\t<meta name=\"twitter:data1\" content=\"1 minuto\" \/>\n<script type=\"application\/ld+json\" class=\"yoast-schema-graph\">{\"@context\":\"https:\/\/schema.org\",\"@graph\":[{\"@type\":\"WebSite\",\"@id\":\"https:\/\/grupo-ebei.com\/confbe\/2023\/#website\",\"url\":\"https:\/\/grupo-ebei.com\/confbe\/2023\/\",\"name\":\"IX Congreso Internacional sobre Educaci\u00f3n Biling\u00fce\",\"description\":\"VIII International Conference on Bilingual Education\",\"potentialAction\":[{\"@type\":\"SearchAction\",\"target\":{\"@type\":\"EntryPoint\",\"urlTemplate\":\"https:\/\/grupo-ebei.com\/confbe\/2023\/?s={search_term_string}\"},\"query-input\":\"required name=search_term_string\"}],\"inLanguage\":\"es\"},{\"@type\":\"WebPage\",\"@id\":\"https:\/\/grupo-ebei.com\/confbe\/2023\/entidades\/#webpage\",\"url\":\"https:\/\/grupo-ebei.com\/confbe\/2023\/entidades\/\",\"name\":\"Entidades organizadoras - IX Congreso Internacional sobre Educaci\u00f3n Biling\u00fce\",\"isPartOf\":{\"@id\":\"https:\/\/grupo-ebei.com\/confbe\/2023\/#website\"},\"datePublished\":\"2020-06-08T19:04:30+00:00\",\"dateModified\":\"2023-05-16T06:41:48+00:00\",\"breadcrumb\":{\"@id\":\"https:\/\/grupo-ebei.com\/confbe\/2023\/entidades\/#breadcrumb\"},\"inLanguage\":\"es\",\"potentialAction\":[{\"@type\":\"ReadAction\",\"target\":[\"https:\/\/grupo-ebei.com\/confbe\/2023\/entidades\/\"]}]},{\"@type\":\"BreadcrumbList\",\"@id\":\"https:\/\/grupo-ebei.com\/confbe\/2023\/entidades\/#breadcrumb\",\"itemListElement\":[{\"@type\":\"ListItem\",\"position\":1,\"name\":\"Home\",\"item\":\"https:\/\/grupo-ebei.com\/confbe\/2023\/\"},{\"@type\":\"ListItem\",\"position\":2,\"name\":\"Entidades organizadoras\"}]}]}<\/script>\n<!-- \/ Yoast SEO plugin. -->","yoast_head_json":{"title":"Entidades organizadoras - IX Congreso Internacional sobre Educaci\u00f3n Biling\u00fce","robots":{"index":"index","follow":"follow","max-snippet":"max-snippet:-1","max-image-preview":"max-image-preview:large","max-video-preview":"max-video-preview:-1"},"canonical":"https:\/\/grupo-ebei.com\/confbe\/2023\/entidades\/","og_locale":"es_ES","og_type":"article","og_title":"Entidades organizadoras - IX Congreso Internacional sobre Educaci\u00f3n Biling\u00fce","og_url":"https:\/\/grupo-ebei.com\/confbe\/2023\/entidades\/","og_site_name":"IX Congreso Internacional sobre Educaci\u00f3n Biling\u00fce","article_modified_time":"2023-05-16T06:41:48+00:00","twitter_card":"summary_large_image","twitter_misc":{"Tiempo de lectura":"1 minuto"},"schema":{"@context":"https:\/\/schema.org","@graph":[{"@type":"WebSite","@id":"https:\/\/grupo-ebei.com\/confbe\/2023\/#website","url":"https:\/\/grupo-ebei.com\/confbe\/2023\/","name":"IX Congreso Internacional sobre Educaci\u00f3n Biling\u00fce","description":"VIII International Conference on Bilingual Education","potentialAction":[{"@type":"SearchAction","target":{"@type":"EntryPoint","urlTemplate":"https:\/\/grupo-ebei.com\/confbe\/2023\/?s={search_term_string}"},"query-input":"required name=search_term_string"}],"inLanguage":"es"},{"@type":"WebPage","@id":"https:\/\/grupo-ebei.com\/confbe\/2023\/entidades\/#webpage","url":"https:\/\/grupo-ebei.com\/confbe\/2023\/entidades\/","name":"Entidades organizadoras - IX Congreso Internacional sobre Educaci\u00f3n Biling\u00fce","isPartOf":{"@id":"https:\/\/grupo-ebei.com\/confbe\/2023\/#website"},"datePublished":"2020-06-08T19:04:30+00:00","dateModified":"2023-05-16T06:41:48+00:00","breadcrumb":{"@id":"https:\/\/grupo-ebei.com\/confbe\/2023\/entidades\/#breadcrumb"},"inLanguage":"es","potentialAction":[{"@type":"ReadAction","target":["https:\/\/grupo-ebei.com\/confbe\/2023\/entidades\/"]}]},{"@type":"BreadcrumbList","@id":"https:\/\/grupo-ebei.com\/confbe\/2023\/entidades\/#breadcrumb","itemListElement":[{"@type":"ListItem","position":1,"name":"Home","item":"https:\/\/grupo-ebei.com\/confbe\/2023\/"},{"@type":"ListItem","position":2,"name":"Entidades organizadoras"}]}]}},"_links":{"self":[{"href":"https:\/\/grupo-ebei.com\/confbe\/2023\/wp-json\/wp\/v2\/pages\/9628"}],"collection":[{"href":"https:\/\/grupo-ebei.com\/confbe\/2023\/wp-json\/wp\/v2\/pages"}],"about":[{"href":"https:\/\/grupo-ebei.com\/confbe\/2023\/wp-json\/wp\/v2\/types\/page"}],"author":[{"embeddable":true,"href":"https:\/\/grupo-ebei.com\/confbe\/2023\/wp-json\/wp\/v2\/users\/1"}],"replies":[{"embeddable":true,"href":"https:\/\/grupo-ebei.com\/confbe\/2023\/wp-json\/wp\/v2\/comments?post=9628"}],"version-history":[{"count":27,"href":"https:\/\/grupo-ebei.com\/confbe\/2023\/wp-json\/wp\/v2\/pages\/9628\/revisions"}],"predecessor-version":[{"id":11130,"href":"https:\/\/grupo-ebei.com\/confbe\/2023\/wp-json\/wp\/v2\/pages\/9628\/revisions\/11130"}],"wp:attachment":[{"href":"https:\/\/grupo-ebei.com\/confbe\/2023\/wp-json\/wp\/v2\/media?parent=9628"}],"curies":[{"name":"wp","href":"https:\/\/api.w.org\/{rel}","templated":true}]}}