{"id":10748,"date":"2020-09-09T13:25:31","date_gmt":"2020-09-09T11:25:31","guid":{"rendered":"https:\/\/www.grupo-ebei.es\/confbe\/2020\/?page_id=10748"},"modified":"2022-06-24T14:41:35","modified_gmt":"2022-06-24T12:41:35","slug":"communications-submission","status":"publish","type":"page","link":"https:\/\/grupo-ebei.com\/confbe\/2023\/en\/communications-submission\/","title":{"rendered":"Communications submission"},"content":{"rendered":"<section class=\"l-section wpb_row height_auto color_primary with_shape\"><div class=\"l-section-shape type_wave pos_bottom\" style=\"height:10vh;\"><svg xmlns=\"http:\/\/www.w3.org\/2000\/svg\" viewBox=\"0 4 64 4\" preserveAspectRatio=\"none\" width=\"100%\" height=\"100%\">\r\n\t<path fill=\"currentColor\" d=\"M64 6 C32 0 32 12 0 6 L0 8 L64 8 Z\"\/>\r\n<\/svg><\/div><div class=\"l-section-h i-cf\"><div class=\"g-cols vc_row type_default valign_top\"><div class=\"vc_col-sm-12 wpb_column vc_column_container\"><div class=\"vc_column-inner\"><div class=\"wpb_wrapper\"><div class=\"w-separator size_small\"><\/div><div class=\"w-separator size_huge\"><\/div><\/div><\/div><\/div><\/div><\/div><\/section><section class=\"l-section wpb_row height_custom\"><div class=\"l-section-h i-cf\"><div class=\"g-cols vc_row type_default valign_top\"><div class=\"vc_col-sm-3 wpb_column vc_column_container\"><div class=\"vc_column-inner\"><div class=\"wpb_wrapper\"><div class=\"w-menu  us_custom_54633498 layout_ver style_blocks us_menu_1\"><ul id=\"menu-menu-info-general-es\" class=\"menu\"><li id=\"menu-item-9750\" class=\"menu-general-item menu-item menu-item-type-post_type menu-item-object-page menu-item-9750\"><a href=\"https:\/\/grupo-ebei.com\/confbe\/2023\/lineas-de-trabajo\/\">L\u00edneas de trabajo<\/a><\/li><li id=\"menu-item-10335\" class=\"menu-general-item menu-item menu-item-type-post_type menu-item-object-page menu-item-10335\"><a href=\"https:\/\/grupo-ebei.com\/confbe\/2023\/destinatarios\/\">Principales destinatarios\/as<\/a><\/li><li id=\"menu-item-9970\" class=\"menu-general-item menu-item menu-item-type-post_type menu-item-object-page menu-item-9970\"><a href=\"https:\/\/grupo-ebei.com\/confbe\/2023\/modalidades-de-participacion\/\">Modalidades de participaci\u00f3n<\/a><\/li><li id=\"menu-item-9752\" class=\"menu-general-item menu-item menu-item-type-post_type menu-item-object-page menu-item-9752\"><a href=\"https:\/\/grupo-ebei.com\/confbe\/2023\/plenarios\/\">Conferenciantes plenarios<\/a><\/li><li id=\"menu-item-10331\" class=\"menu-general-item menu-item menu-item-type-post_type menu-item-object-page menu-item-10331\"><a href=\"https:\/\/grupo-ebei.com\/confbe\/2023\/fechas-clave\/\">Fechas clave<\/a><\/li><li id=\"menu-item-9969\" class=\"menu-general-item menu-item menu-item-type-post_type menu-item-object-page menu-item-9969\"><a href=\"https:\/\/grupo-ebei.com\/confbe\/2023\/tasas-de-participacion\/\">Tasas de participaci\u00f3n<\/a><\/li><li id=\"menu-item-10332\" class=\"menu-general-item menu-item menu-item-type-post_type menu-item-object-page menu-item-10332\"><a href=\"https:\/\/grupo-ebei.com\/confbe\/2023\/procedimiento-de-inscripcion\/\">Procedimiento de inscripci\u00f3n<\/a><\/li><li id=\"menu-item-10070\" class=\"menu-general-item menu-item menu-item-type-post_type menu-item-object-page menu-item-10070\"><a href=\"https:\/\/grupo-ebei.com\/confbe\/2023\/gestion-de-resumenes\/\">Presentaci\u00f3n de res\u00famenes<\/a><\/li><li id=\"menu-item-10571\" class=\"menu-item menu-item-type-post_type menu-item-object-page menu-item-10571\"><a href=\"https:\/\/grupo-ebei.com\/confbe\/2023\/envio-de-comunicaciones\/\">Env\u00edo de comunicaciones<\/a><\/li><li id=\"menu-item-10588\" class=\"menu-item menu-item-type-post_type menu-item-object-page menu-item-10588\"><a href=\"https:\/\/grupo-ebei.com\/confbe\/2023\/libro-de-capitulos\/\">Libro de Cap\u00edtulos<\/a><\/li><li id=\"menu-item-10073\" class=\"menu-general-item menu-item menu-item-type-post_type menu-item-object-page menu-item-10073\"><a href=\"https:\/\/grupo-ebei.com\/confbe\/2023\/organizacion\/\">Organizaci\u00f3n y comit\u00e9s<\/a><\/li><li id=\"menu-item-9751\" class=\"menu-general-item menu-item menu-item-type-post_type menu-item-object-page menu-item-9751\"><a href=\"https:\/\/grupo-ebei.com\/confbe\/2023\/entidades\/\">Entidades organizadoras<\/a><\/li><\/ul><style>.us_menu_1 .menu>li{margin-bottom:0.8rem}.us_menu_1 .menu>li>a{padding:0.9em 0.9em}.us_menu_1 .menu>li>a{background:linear-gradient(135deg,#00a3d9,#00194e)}.us_menu_1 .menu>li>a{color:#ffffff}.us_menu_1 .menu>.menu-item>a:hover{background:linear-gradient(165deg,#00a3d9,#00194e)}.us_menu_1 .menu>.current-menu-item>a{color:#f5f5f5}@media ( max-width:600px ){.us_menu_1 .menu{display:block!important}.us_menu_1 .menu>li{margin:0 0 0.8rem}}<\/style><\/div><\/div><\/div><\/div><div class=\"vc_col-sm-9 wpb_column vc_column_container\"><div class=\"vc_column-inner us_custom_c15099d3 \"><div class=\"wpb_wrapper\"><div class=\"wpb_text_column\" ><div class=\"wpb_wrapper\"><p><code style=\"display: none;\"><br \/>\n<\/code><\/p>\n<h2>Information about submitting communications<\/h2>\n<p><code style=\"display: none;\"><br \/>\n<\/code><\/p>\n<p align=\"justify\"><b>After receiving the acceptance of their communication proposal<\/b>, authors must <b>send their communications through the form<\/b> provided for this purpose in this section. Regardless of the modality of participation, a photograph of each author must be attached, as well as a brief biography to make the presentation more user-friendly for the audience, and a contact email to facilitate dialogue and the exchange of questions among participants.<\/p>\n<p align=\"justify\"><b>COMMUNICATIONS SUBMISSION DEADLINE:<\/b> 19\/10\/2022.<\/p>\n<\/div><\/div><div class=\"w-separator size_small\"><\/div><div class=\"w-btn-wrapper width_auto align_center\"><a class=\"w-btn us-btn-style_1 popmake-ventana-emergente-envio-comunicaciones-en icon_atleft\" href=\"https:\/\/grupo-ebei.com\/confbe\/ojsebei\/index.php\/confbe\" target=\"_blank\" rel=\"noopener\"><i class=\"fas fa-file-import\"><\/i><span class=\"w-btn-label\">COMMUNICATIONS SUBMISSION FORM<\/span><\/a><\/div><div class=\"w-separator size_small\"><\/div><div class=\"wpb_text_column\" ><div class=\"wpb_wrapper\"><p><code style=\"display: none;\"><br \/>\n<\/code><\/p>\n<p align=\"justify\" class=\"vc_custom_heading us_custom_abc5744b\"><b>Communications in text format<\/b> must be written in the <b>template that can be downloaded below<\/b>. The length will be <b>3000 words<\/b>, including references.<\/p>\n<p><code style=\"display: none;\"><br \/>\n<\/code><\/p>\n<\/div><\/div><div class=\"w-separator size_small\"><\/div><div class=\"w-btn-wrapper width_auto align_center\"><a class=\"w-btn us-btn-style_1 icon_atleft\" href=\"https:\/\/grupo-ebei.com\/confbe\/2023\/wp-content\/uploads\/2020\/09\/CONFBE_2020_TEMPLATE.docx\"><i class=\"fas fa-file-download\"><\/i><span class=\"w-btn-label\">TEMPLATE FOR COMMUNICATIONS<\/span><\/a><\/div><div class=\"w-separator size_small\"><\/div><div class=\"wpb_text_column\" ><div class=\"wpb_wrapper\"><p><code style=\"display: none;\"><br \/>\n<\/code><\/p>\n<p align=\"justify\"><b>Communications in video<\/b> must be send in a video format, with a maximun size of 100 MB, and include index, abstract and bibliographical references. Attach a photograph of each author is mandatory, as well as a short biography to make the presentation more friendly to your audience and a contact email address. PowerPoint presentations must have between 10 and 25 slides and include the narration by the author. This PowerPoint presentation should be exported to video format for submission. For further information about this through the following link: <a href=\"https:\/\/support.office.com\/en-us\/article\/Record-a-slide-show-with-narration-and-slide-timings-0b9502c6-5f6c-40ae-b1e7-e47d8741161c#OfficeVersion=2013,_2016\" target=\"_blank\" rel=\"noopener noreferrer\">\u201cRecord a slide show with narration and slide timings\u201d.<\/a><\/p>\n<p align=\"justify\" class=\"vc_custom_heading us_custom_abc5744b\"><strong><img loading=\"lazy\" src=\"data:image\/svg+xml,%3Csvg xmlns=%22http:\/\/www.w3.org\/2000\/svg%22 viewBox=%220 0 300 69%22%3E%3C\/svg%3E\" data-lazy-type=\"image\" data-src=\"https:\/\/grupo-ebei.com\/confbe\/2023\/wp-content\/uploads\/2020\/09\/89130-wetransfer-default-logo-rgb-original-1365619064-1-300x69-1.png\" alt=\"\" width=\"300\" height=\"69\" class=\"lazy lazy-hidden size-full wp-image-10561 aligncenter\" srcset=\"\" data-srcset=\"https:\/\/grupo-ebei.com\/confbe\/2023\/wp-content\/uploads\/2020\/09\/89130-wetransfer-default-logo-rgb-original-1365619064-1-300x69-1.png 300w, https:\/\/grupo-ebei.com\/confbe\/2023\/wp-content\/uploads\/2020\/09\/89130-wetransfer-default-logo-rgb-original-1365619064-1-300x69-1-200x46.png 200w, https:\/\/grupo-ebei.com\/confbe\/2023\/wp-content\/uploads\/2020\/09\/89130-wetransfer-default-logo-rgb-original-1365619064-1-300x69-1-100x23.png 100w, https:\/\/grupo-ebei.com\/confbe\/2023\/wp-content\/uploads\/2020\/09\/89130-wetransfer-default-logo-rgb-original-1365619064-1-300x69-1-120x28.png 120w, https:\/\/grupo-ebei.com\/confbe\/2023\/wp-content\/uploads\/2020\/09\/89130-wetransfer-default-logo-rgb-original-1365619064-1-300x69-1-250x58.png 250w\" sizes=\"(max-width: 300px) 100vw, 300px\" \/><\/strong><\/p>\n<p align=\"justify\">Please send your communication in video format via WeTransfer. Please note that there are two ways to send files: via e-mail or via a download link. Select the option \u00abSend -&gt; Link\u00bb to obtain the download URL of that file, which you will have to provide through the form for sending virtual communications available below. Through this link, our team will download the file for its subsequent publication on the Virtual Platform of the Conference.<\/p>\n<p align=\"justify\">Here you can find a tutorial: \u201c<a href=\"https:\/\/wetransfer.zendesk.com\/hc\/en-us\/articles\/202702233\" target=\"_blank\" rel=\"noopener noreferrer\">How to send a file using WeTransfer service<\/a>\u201c.<\/p>\n<p><code style=\"display: none;\"><br \/>\n<\/code><\/p>\n<\/div><\/div><div class=\"w-separator size_small\"><\/div><\/div><\/div><\/div><\/div><\/div><\/section><section class=\"l-section wpb_row height_custom color_primary with_shape\"><div class=\"l-section-shape type_wave pos_top hor_flip\" style=\"height:10vh;\"><svg xmlns=\"http:\/\/www.w3.org\/2000\/svg\" viewBox=\"0 4 64 4\" preserveAspectRatio=\"none\" width=\"100%\" height=\"100%\">\r\n\t<path fill=\"currentColor\" d=\"M64 6 C32 0 32 12 0 6 L0 8 L64 8 Z\"\/>\r\n<\/svg><\/div><div class=\"l-section-h i-cf\"><div class=\"g-cols vc_row type_default valign_top\"><div class=\"vc_col-sm-8 wpb_column vc_column_container\"><div class=\"vc_column-inner us_custom_75e2102a \"><div class=\"wpb_wrapper\"><div class=\"w-separator size_custom\" style=\"height:3rem;\"><\/div>[vc_custom_heading text=\u00bbConference Dates &amp; Deadlines\u00bb use_theme_fonts=\u00bbyes\u00bb link=\u00bb|||\u00bb]<div class=\"wpb_text_column\" ><div class=\"wpb_wrapper\"><p><code style=\"display: none;\"><br \/>\n<\/code><\/p>\n<p align=\"justify\">Please check the different key dates for this edition of the International Conference on Bilingual Education: Submission of abstracts, Notification of acceptance, deadline for registration of participants of the different modalities, etc.<\/p>\n<p><code style=\"display: none;\"><br \/>\n<\/code><\/p>\n<\/div><\/div><\/div><\/div><\/div><div class=\"vc_col-sm-4 wpb_column vc_column_container\"><div class=\"vc_column-inner\"><div class=\"wpb_wrapper\"><div class=\"w-separator size_custom\" style=\"height:4rem;\"><\/div><div class=\"ult-just-icon-wrapper  \"><div class=\"align-icon\" style=\"text-align:center;\">\n<a class=\"aio-tooltip 69d299b5c6b54\" href=\"https:\/\/grupo-ebei.com\/confbe\/2023\/fechas-clave\"  data-toggle=\"tooltip\" data-placement=\"\"><div class=\"aio-icon none \"  style=\"color:#ffffff;font-size:160px;display:inline-block;\">\n\t<i class=\"Defaults-calendar\"><\/i>\n<\/div><\/a><\/div><\/div><\/div><\/div><\/div><\/div><\/div><\/section>","protected":false},"excerpt":{"rendered":"L\u00edneas de trabajoPrincipales destinatarios\/asModalidades de participaci\u00f3nConferenciantes plenariosFechas claveTasas de participaci\u00f3nProcedimiento de inscripci\u00f3nPresentaci\u00f3n de res\u00famenesEnv\u00edo de comunicacionesLibro de Cap\u00edtulosOrganizaci\u00f3n y comit\u00e9sEntidades organizadoras Information about submitting communications After receiving the acceptance of their communication proposal, authors must send their communications through the form provided for this purpose in this section. Regardless of the modality of participation, a...","protected":false},"author":1,"featured_media":0,"parent":0,"menu_order":0,"comment_status":"closed","ping_status":"closed","template":"","meta":{"spay_email":""},"yoast_head":"<!-- This site is optimized with the Yoast SEO plugin v18.8 - https:\/\/yoast.com\/wordpress\/plugins\/seo\/ -->\n<title>Communications submission - IX Congreso Internacional sobre Educaci\u00f3n Biling\u00fce<\/title>\n<meta name=\"robots\" content=\"index, follow, max-snippet:-1, max-image-preview:large, max-video-preview:-1\" \/>\n<link rel=\"canonical\" href=\"https:\/\/grupo-ebei.com\/confbe\/2023\/communications-submission\/\" \/>\n<meta property=\"og:locale\" content=\"es_ES\" \/>\n<meta property=\"og:type\" content=\"article\" \/>\n<meta property=\"og:title\" content=\"Communications submission - IX Congreso Internacional sobre Educaci\u00f3n Biling\u00fce\" \/>\n<meta property=\"og:url\" content=\"https:\/\/grupo-ebei.com\/confbe\/2023\/en\/communications-submission\/\" \/>\n<meta property=\"og:site_name\" content=\"IX Congreso Internacional sobre Educaci\u00f3n Biling\u00fce\" \/>\n<meta property=\"article:modified_time\" content=\"2022-06-24T12:41:35+00:00\" \/>\n<meta property=\"og:image\" content=\"https:\/\/grupo-ebei.com\/confbe\/2023\/wp-content\/uploads\/2020\/09\/89130-wetransfer-default-logo-rgb-original-1365619064-1-300x69-1.png\" \/>\n<meta name=\"twitter:card\" content=\"summary_large_image\" \/>\n<meta name=\"twitter:label1\" content=\"Tiempo de lectura\" \/>\n\t<meta name=\"twitter:data1\" content=\"2 minutos\" \/>\n<script type=\"application\/ld+json\" class=\"yoast-schema-graph\">{\"@context\":\"https:\/\/schema.org\",\"@graph\":[{\"@type\":\"WebSite\",\"@id\":\"https:\/\/grupo-ebei.com\/confbe\/2023\/#website\",\"url\":\"https:\/\/grupo-ebei.com\/confbe\/2023\/\",\"name\":\"IX Congreso Internacional sobre Educaci\u00f3n Biling\u00fce\",\"description\":\"VIII International Conference on Bilingual Education\",\"potentialAction\":[{\"@type\":\"SearchAction\",\"target\":{\"@type\":\"EntryPoint\",\"urlTemplate\":\"https:\/\/grupo-ebei.com\/confbe\/2023\/?s={search_term_string}\"},\"query-input\":\"required name=search_term_string\"}],\"inLanguage\":\"es\"},{\"@type\":\"ImageObject\",\"inLanguage\":\"es\",\"@id\":\"https:\/\/grupo-ebei.com\/confbe\/2023\/en\/communications-submission\/#primaryimage\",\"url\":\"https:\/\/grupo-ebei.com\/confbe\/2023\/wp-content\/uploads\/2020\/09\/89130-wetransfer-default-logo-rgb-original-1365619064-1-300x69-1.png\",\"contentUrl\":\"https:\/\/grupo-ebei.com\/confbe\/2023\/wp-content\/uploads\/2020\/09\/89130-wetransfer-default-logo-rgb-original-1365619064-1-300x69-1.png\",\"width\":300,\"height\":69},{\"@type\":\"WebPage\",\"@id\":\"https:\/\/grupo-ebei.com\/confbe\/2023\/en\/communications-submission\/#webpage\",\"url\":\"https:\/\/grupo-ebei.com\/confbe\/2023\/en\/communications-submission\/\",\"name\":\"Communications submission - IX Congreso Internacional sobre Educaci\u00f3n Biling\u00fce\",\"isPartOf\":{\"@id\":\"https:\/\/grupo-ebei.com\/confbe\/2023\/#website\"},\"primaryImageOfPage\":{\"@id\":\"https:\/\/grupo-ebei.com\/confbe\/2023\/en\/communications-submission\/#primaryimage\"},\"datePublished\":\"2020-09-09T11:25:31+00:00\",\"dateModified\":\"2022-06-24T12:41:35+00:00\",\"breadcrumb\":{\"@id\":\"https:\/\/grupo-ebei.com\/confbe\/2023\/en\/communications-submission\/#breadcrumb\"},\"inLanguage\":\"es\",\"potentialAction\":[{\"@type\":\"ReadAction\",\"target\":[\"https:\/\/grupo-ebei.com\/confbe\/2023\/en\/communications-submission\/\"]}]},{\"@type\":\"BreadcrumbList\",\"@id\":\"https:\/\/grupo-ebei.com\/confbe\/2023\/en\/communications-submission\/#breadcrumb\",\"itemListElement\":[{\"@type\":\"ListItem\",\"position\":1,\"name\":\"Home\",\"item\":\"https:\/\/grupo-ebei.com\/confbe\/2023\/\"},{\"@type\":\"ListItem\",\"position\":2,\"name\":\"Communications submission\"}]}]}<\/script>\n<!-- \/ Yoast SEO plugin. -->","yoast_head_json":{"title":"Communications submission - IX Congreso Internacional sobre Educaci\u00f3n Biling\u00fce","robots":{"index":"index","follow":"follow","max-snippet":"max-snippet:-1","max-image-preview":"max-image-preview:large","max-video-preview":"max-video-preview:-1"},"canonical":"https:\/\/grupo-ebei.com\/confbe\/2023\/communications-submission\/","og_locale":"es_ES","og_type":"article","og_title":"Communications submission - IX Congreso Internacional sobre Educaci\u00f3n Biling\u00fce","og_url":"https:\/\/grupo-ebei.com\/confbe\/2023\/en\/communications-submission\/","og_site_name":"IX Congreso Internacional sobre Educaci\u00f3n Biling\u00fce","article_modified_time":"2022-06-24T12:41:35+00:00","og_image":[{"url":"https:\/\/grupo-ebei.com\/confbe\/2023\/wp-content\/uploads\/2020\/09\/89130-wetransfer-default-logo-rgb-original-1365619064-1-300x69-1.png"}],"twitter_card":"summary_large_image","twitter_misc":{"Tiempo de lectura":"2 minutos"},"schema":{"@context":"https:\/\/schema.org","@graph":[{"@type":"WebSite","@id":"https:\/\/grupo-ebei.com\/confbe\/2023\/#website","url":"https:\/\/grupo-ebei.com\/confbe\/2023\/","name":"IX Congreso Internacional sobre Educaci\u00f3n Biling\u00fce","description":"VIII International Conference on Bilingual Education","potentialAction":[{"@type":"SearchAction","target":{"@type":"EntryPoint","urlTemplate":"https:\/\/grupo-ebei.com\/confbe\/2023\/?s={search_term_string}"},"query-input":"required name=search_term_string"}],"inLanguage":"es"},{"@type":"ImageObject","inLanguage":"es","@id":"https:\/\/grupo-ebei.com\/confbe\/2023\/en\/communications-submission\/#primaryimage","url":"https:\/\/grupo-ebei.com\/confbe\/2023\/wp-content\/uploads\/2020\/09\/89130-wetransfer-default-logo-rgb-original-1365619064-1-300x69-1.png","contentUrl":"https:\/\/grupo-ebei.com\/confbe\/2023\/wp-content\/uploads\/2020\/09\/89130-wetransfer-default-logo-rgb-original-1365619064-1-300x69-1.png","width":300,"height":69},{"@type":"WebPage","@id":"https:\/\/grupo-ebei.com\/confbe\/2023\/en\/communications-submission\/#webpage","url":"https:\/\/grupo-ebei.com\/confbe\/2023\/en\/communications-submission\/","name":"Communications submission - IX Congreso Internacional sobre Educaci\u00f3n Biling\u00fce","isPartOf":{"@id":"https:\/\/grupo-ebei.com\/confbe\/2023\/#website"},"primaryImageOfPage":{"@id":"https:\/\/grupo-ebei.com\/confbe\/2023\/en\/communications-submission\/#primaryimage"},"datePublished":"2020-09-09T11:25:31+00:00","dateModified":"2022-06-24T12:41:35+00:00","breadcrumb":{"@id":"https:\/\/grupo-ebei.com\/confbe\/2023\/en\/communications-submission\/#breadcrumb"},"inLanguage":"es","potentialAction":[{"@type":"ReadAction","target":["https:\/\/grupo-ebei.com\/confbe\/2023\/en\/communications-submission\/"]}]},{"@type":"BreadcrumbList","@id":"https:\/\/grupo-ebei.com\/confbe\/2023\/en\/communications-submission\/#breadcrumb","itemListElement":[{"@type":"ListItem","position":1,"name":"Home","item":"https:\/\/grupo-ebei.com\/confbe\/2023\/"},{"@type":"ListItem","position":2,"name":"Communications submission"}]}]}},"_links":{"self":[{"href":"https:\/\/grupo-ebei.com\/confbe\/2023\/wp-json\/wp\/v2\/pages\/10748"}],"collection":[{"href":"https:\/\/grupo-ebei.com\/confbe\/2023\/wp-json\/wp\/v2\/pages"}],"about":[{"href":"https:\/\/grupo-ebei.com\/confbe\/2023\/wp-json\/wp\/v2\/types\/page"}],"author":[{"embeddable":true,"href":"https:\/\/grupo-ebei.com\/confbe\/2023\/wp-json\/wp\/v2\/users\/1"}],"replies":[{"embeddable":true,"href":"https:\/\/grupo-ebei.com\/confbe\/2023\/wp-json\/wp\/v2\/comments?post=10748"}],"version-history":[{"count":6,"href":"https:\/\/grupo-ebei.com\/confbe\/2023\/wp-json\/wp\/v2\/pages\/10748\/revisions"}],"predecessor-version":[{"id":10945,"href":"https:\/\/grupo-ebei.com\/confbe\/2023\/wp-json\/wp\/v2\/pages\/10748\/revisions\/10945"}],"wp:attachment":[{"href":"https:\/\/grupo-ebei.com\/confbe\/2023\/wp-json\/wp\/v2\/media?parent=10748"}],"curies":[{"name":"wp","href":"https:\/\/api.w.org\/{rel}","templated":true}]}}