{"id":10706,"date":"2020-09-08T14:09:45","date_gmt":"2020-09-08T12:09:45","guid":{"rendered":"https:\/\/www.grupo-ebei.es\/confbe\/2020\/?page_id=10706"},"modified":"2023-09-12T14:37:37","modified_gmt":"2023-09-12T12:37:37","slug":"conference-deadlines","status":"publish","type":"page","link":"https:\/\/grupo-ebei.com\/confbe\/2023\/en\/conference-deadlines\/","title":{"rendered":"Conference Dates &#038; Deadlines"},"content":{"rendered":"<section class=\"l-section wpb_row height_auto color_primary with_shape\"><div class=\"l-section-shape type_wave pos_bottom\" style=\"height:10vh;\"><svg xmlns=\"http:\/\/www.w3.org\/2000\/svg\" viewBox=\"0 4 64 4\" preserveAspectRatio=\"none\" width=\"100%\" height=\"100%\">\r\n\t<path fill=\"currentColor\" d=\"M64 6 C32 0 32 12 0 6 L0 8 L64 8 Z\"\/>\r\n<\/svg><\/div><div class=\"l-section-h i-cf\"><div class=\"g-cols vc_row type_default valign_top\"><div class=\"vc_col-sm-12 wpb_column vc_column_container\"><div class=\"vc_column-inner\"><div class=\"wpb_wrapper\"><div class=\"w-separator size_small\"><\/div><div class=\"w-separator size_huge\"><\/div><\/div><\/div><\/div><\/div><\/div><\/section><section class=\"l-section wpb_row height_custom\"><div class=\"l-section-h i-cf\"><div class=\"g-cols vc_row type_default valign_top\"><div class=\"vc_col-sm-3 wpb_column vc_column_container\"><div class=\"vc_column-inner\"><div class=\"wpb_wrapper\"><div class=\"w-menu  us_custom_54633498 layout_ver style_blocks us_menu_1\"><ul id=\"menu-menu-info-general-es\" class=\"menu\"><li id=\"menu-item-9750\" class=\"menu-general-item menu-item menu-item-type-post_type menu-item-object-page menu-item-9750\"><a href=\"https:\/\/grupo-ebei.com\/confbe\/2023\/lineas-de-trabajo\/\">L\u00edneas de trabajo<\/a><\/li><li id=\"menu-item-10335\" class=\"menu-general-item menu-item menu-item-type-post_type menu-item-object-page menu-item-10335\"><a href=\"https:\/\/grupo-ebei.com\/confbe\/2023\/destinatarios\/\">Principales destinatarios\/as<\/a><\/li><li id=\"menu-item-9970\" class=\"menu-general-item menu-item menu-item-type-post_type menu-item-object-page menu-item-9970\"><a href=\"https:\/\/grupo-ebei.com\/confbe\/2023\/modalidades-de-participacion\/\">Modalidades de participaci\u00f3n<\/a><\/li><li id=\"menu-item-9752\" class=\"menu-general-item menu-item menu-item-type-post_type menu-item-object-page menu-item-9752\"><a href=\"https:\/\/grupo-ebei.com\/confbe\/2023\/plenarios\/\">Conferenciantes plenarios<\/a><\/li><li id=\"menu-item-10331\" class=\"menu-general-item menu-item menu-item-type-post_type menu-item-object-page menu-item-10331\"><a href=\"https:\/\/grupo-ebei.com\/confbe\/2023\/fechas-clave\/\">Fechas clave<\/a><\/li><li id=\"menu-item-9969\" class=\"menu-general-item menu-item menu-item-type-post_type menu-item-object-page menu-item-9969\"><a href=\"https:\/\/grupo-ebei.com\/confbe\/2023\/tasas-de-participacion\/\">Tasas de participaci\u00f3n<\/a><\/li><li id=\"menu-item-10332\" class=\"menu-general-item menu-item menu-item-type-post_type menu-item-object-page menu-item-10332\"><a href=\"https:\/\/grupo-ebei.com\/confbe\/2023\/procedimiento-de-inscripcion\/\">Procedimiento de inscripci\u00f3n<\/a><\/li><li id=\"menu-item-10070\" class=\"menu-general-item menu-item menu-item-type-post_type menu-item-object-page menu-item-10070\"><a href=\"https:\/\/grupo-ebei.com\/confbe\/2023\/gestion-de-resumenes\/\">Presentaci\u00f3n de res\u00famenes<\/a><\/li><li id=\"menu-item-10571\" class=\"menu-item menu-item-type-post_type menu-item-object-page menu-item-10571\"><a href=\"https:\/\/grupo-ebei.com\/confbe\/2023\/envio-de-comunicaciones\/\">Env\u00edo de comunicaciones<\/a><\/li><li id=\"menu-item-10588\" class=\"menu-item menu-item-type-post_type menu-item-object-page menu-item-10588\"><a href=\"https:\/\/grupo-ebei.com\/confbe\/2023\/libro-de-capitulos\/\">Libro de Cap\u00edtulos<\/a><\/li><li id=\"menu-item-10073\" class=\"menu-general-item menu-item menu-item-type-post_type menu-item-object-page menu-item-10073\"><a href=\"https:\/\/grupo-ebei.com\/confbe\/2023\/organizacion\/\">Organizaci\u00f3n y comit\u00e9s<\/a><\/li><li id=\"menu-item-9751\" class=\"menu-general-item menu-item menu-item-type-post_type menu-item-object-page menu-item-9751\"><a href=\"https:\/\/grupo-ebei.com\/confbe\/2023\/entidades\/\">Entidades organizadoras<\/a><\/li><\/ul><style>.us_menu_1 .menu>li{margin-bottom:0.9rem}.us_menu_1 .menu>li>a{padding:1.1em 0.9em}.us_menu_1 .menu>li>a{background:linear-gradient(125deg,#00a3d9,#00194e)}.us_menu_1 .menu>li>a{color:#ffffff}.us_menu_1 .menu>.menu-item>a:hover{background:linear-gradient(170deg,#00a3d9,#00194e)}.us_menu_1 .menu>.current-menu-item>a{color:#f5f5f5}@media ( max-width:600px ){.us_menu_1 .menu{display:block!important}.us_menu_1 .menu>li{margin:0 0 0.9rem}}<\/style><\/div><\/div><\/div><\/div><div class=\"vc_col-sm-9 wpb_column vc_column_container\"><div class=\"vc_column-inner us_custom_c15099d3 \"><div class=\"wpb_wrapper\">[vc_custom_heading text=\u00bbXI INTERNATIONAL CONFERENCE ON BILINGUAL EDUCATION\u00bb font_container=\u00bbtag:h2|text_align:center\u00bb use_theme_fonts=\u00bbyes\u00bb css=\u00bb%7B%22default%22%3A%7B%22color%22%3A%22%23013e67%22%2C%22font-size%22%3A%222.5rem%22%2C%22margin-bottom%22%3A%220px%22%7D%7D\u00bb][vc_custom_heading text=\u00bbConference Dates &amp; Deadlines\u00bb font_container=\u00bbtag:h2|text_align:center\u00bb use_theme_fonts=\u00bbyes\u00bb css=\u00bb%7B%22default%22%3A%7B%22color%22%3A%22%23013e67%22%2C%22font-weight%22%3A%22500%22%2C%22font-size%22%3A%221.4rem%22%2C%22margin-top%22%3A%220px%22%2C%22margin-bottom%22%3A%2215px%22%7D%7D\u00bb]<div class=\"w-separator size_custom with_line width_default thick_2 style_solid color_border align_center\" style=\"height:1rem;\"><div class=\"w-separator-h\"><\/div><\/div><div class=\"w-separator size_medium\"><\/div><div class=\"g-cols wpb_row  type_default valign_top vc_inner\"><div class=\"vc_col-sm-4 wpb_column vc_column_container\"><div class=\"vc_column-inner\"><div class=\"wpb_wrapper\"><div class=\"w-iconbox us_custom_ce028b67 iconpos_top style_outlined color_custom align_center has_text_color\"><div class=\"w-iconbox-icon\" style=\"box-shadow:0 0 0 2px #013e67 inset;background:#013e67;color:#0063aa;\"><i class=\"fad fa-calendar\"><\/i><\/div><div class=\"w-iconbox-meta\"><h4 class=\"w-iconbox-title\">SUBMISSION OF ABSTRACTS<\/h4><div class=\"w-iconbox-text\"><p><code style=\"display: none;\"><br \/>\n<\/code><\/p>\n<p class=\"vc_custom_heading wpb_animate_when_almost_visible wpb_fadeInUp fadeInUp vc_custom_1560930171239 wpb_start_animation animated\">Deadline: <b>01\/10\/2023<\/b><\/p>\n<p><code style=\"display: none;\"><br \/>\n<\/code><\/p>\n<\/div><\/div><\/div><\/div><\/div><\/div><div class=\"vc_col-sm-4 wpb_column vc_column_container\"><div class=\"vc_column-inner\"><div class=\"wpb_wrapper\"><div class=\"w-iconbox us_custom_ce028b67 iconpos_top style_outlined color_custom align_center has_text_color\"><div class=\"w-iconbox-icon\" style=\"box-shadow:0 0 0 2px #013e67 inset;background:#013e67;color:#0063aa;\"><i class=\"fad fa-calendar\"><\/i><\/div><div class=\"w-iconbox-meta\"><h4 class=\"w-iconbox-title\">ACCEPTANCE FOR ABSTRACTS<\/h4><div class=\"w-iconbox-text\"><p><code style=\"display: none;\"><br \/>\n<\/code><\/p>\n<p class=\"vc_custom_heading wpb_animate_when_almost_visible wpb_fadeInUp fadeInUp vc_custom_1560930171239 wpb_start_animation animated\">Deadline: <b>06\/10\/2023<\/b><\/p>\n<p><code style=\"display: none;\"><br \/>\n<\/code><\/p>\n<\/div><\/div><\/div><\/div><\/div><\/div><div class=\"vc_col-sm-4 wpb_column vc_column_container\"><div class=\"vc_column-inner\"><div class=\"wpb_wrapper\"><div class=\"w-iconbox us_custom_ce028b67 iconpos_top style_outlined color_custom align_center has_text_color\"><div class=\"w-iconbox-icon\" style=\"box-shadow:0 0 0 2px #013e67 inset;background:#013e67;color:#0063aa;\"><i class=\"fad fa-calendar\"><\/i><\/div><div class=\"w-iconbox-meta\"><h4 class=\"w-iconbox-title\">COMMUNICATIONS SUBMISSION<\/h4><div class=\"w-iconbox-text\"><p><code style=\"display: none;\"><br \/>\n<\/code><\/p>\n<p class=\"vc_custom_heading wpb_animate_when_almost_visible wpb_fadeInUp fadeInUp vc_custom_1560930171239 wpb_start_animation animated\">Deadline: <b>19\/10\/2023<\/b><\/p>\n<p><code style=\"display: none;\"><br \/>\n<\/code><\/p>\n<\/div><\/div><\/div><\/div><\/div><\/div><\/div><div class=\"w-separator size_medium\"><\/div><div class=\"g-cols wpb_row  type_default valign_top vc_inner\"><div class=\"vc_col-sm-4 wpb_column vc_column_container\"><div class=\"vc_column-inner\"><div class=\"wpb_wrapper\"><div class=\"w-iconbox us_custom_ce028b67 iconpos_top style_outlined color_custom align_center has_text_color\"><div class=\"w-iconbox-icon\" style=\"box-shadow:0 0 0 2px #013e67 inset;background:#013e67;color:#0063aa;\"><i class=\"fad fa-calendar\"><\/i><\/div><div class=\"w-iconbox-meta\"><h4 class=\"w-iconbox-title\">EARLY BIRD<\/h4><div class=\"w-iconbox-text\"><p><code style=\"display: none;\"><br \/>\n<\/code><\/p>\n<p class=\"vc_custom_heading wpb_animate_when_almost_visible wpb_fadeInUp fadeInUp vc_custom_1560930171239 wpb_start_animation animated\">Deadline: <b>13\/10\/2023<\/b><\/p>\n<p><code style=\"display: none;\"><br \/>\n<\/code><\/p>\n<\/div><\/div><\/div><\/div><\/div><\/div><div class=\"vc_col-sm-4 wpb_column vc_column_container\"><div class=\"vc_column-inner\"><div class=\"wpb_wrapper\"><div class=\"w-iconbox us_custom_ce028b67 iconpos_top style_outlined color_custom align_center has_text_color\"><div class=\"w-iconbox-icon\" style=\"box-shadow:0 0 0 2px #013e67 inset;background:#013e67;color:#0063aa;\"><i class=\"fad fa-calendar\"><\/i><\/div><div class=\"w-iconbox-meta\"><h4 class=\"w-iconbox-title\">NORMAL REGISTRATION<\/h4><div class=\"w-iconbox-text\"><p><code style=\"display: none;\"><br \/>\n<\/code><\/p>\n<p class=\"vc_custom_heading wpb_animate_when_almost_visible wpb_fadeInUp fadeInUp vc_custom_1560930171239 wpb_start_animation animated\">Deadline: 24<b>\/10\/2023<\/b><\/p>\n<p><code style=\"display: none;\"><br \/>\n<\/code><\/p>\n<\/div><\/div><\/div><\/div><\/div><\/div><div class=\"vc_col-sm-4 wpb_column vc_column_container\"><div class=\"vc_column-inner\"><div class=\"wpb_wrapper\"><div class=\"w-iconbox us_custom_ce028b67 iconpos_top style_outlined color_custom align_center has_text_color\"><div class=\"w-iconbox-icon\" style=\"box-shadow:0 0 0 2px #013e67 inset;background:#013e67;color:#0063aa;\"><i class=\"fad fa-calendar\"><\/i><\/div><div class=\"w-iconbox-meta\"><h4 class=\"w-iconbox-title\">SUBMISSION OF CHAPTERS<\/h4><div class=\"w-iconbox-text\"><p><code style=\"display: none;\"><br \/>\n<\/code><\/p>\n<p class=\"vc_custom_heading wpb_animate_when_almost_visible wpb_fadeInUp fadeInUp vc_custom_1560930171239 wpb_start_animation animated\">Deadline: <b>30\/12\/2023<\/b><\/p>\n<p><code style=\"display: none;\"><br \/>\n<\/code><\/p>\n<\/div><\/div><\/div><\/div><\/div><\/div><\/div><div class=\"w-separator size_medium\"><\/div><div class=\"w-separator size_custom with_line width_default thick_2 style_solid color_border align_center\" style=\"height:1rem;\"><div class=\"w-separator-h\"><\/div><\/div><div class=\"w-separator size_small\"><\/div><div class=\"wpb_text_column us_custom_793da9f1\" ><div class=\"wpb_wrapper\"><p><code style=\"display: none;\"><br \/>\n<\/code><\/p>\n<p align=\"justify\"><b>IMPORTANT NOTE:<\/b> Communications in video and text format must be sent before the deadline indicated, following the format and procedure described in the section \u00abcommunications submission\u00bb.<\/p>\n<p><code style=\"display: none;\"><br \/>\n<\/code><\/p>\n<\/div><\/div><div class=\"w-separator size_small\"><\/div><div class=\"w-separator size_custom with_line width_default thick_2 style_solid color_border align_center\" style=\"height:1rem;\"><div class=\"w-separator-h\"><\/div><\/div><\/div><\/div><\/div><\/div><\/div><\/section><section class=\"l-section wpb_row height_auto\"><div class=\"l-section-h i-cf\"><div class=\"g-cols vc_row type_default valign_top\"><div class=\"vc_col-sm-12 wpb_column vc_column_container\"><div class=\"vc_column-inner\"><div class=\"wpb_wrapper\"><div class=\"w-separator size_custom with_line width_default thick_2 style_solid color_border align_center\" style=\"height:0.5rem;\"><div class=\"w-separator-h\"><\/div><\/div><\/div><\/div><\/div><\/div><\/div><\/section><section class=\"l-section wpb_row height_auto\"><div class=\"l-section-h i-cf\"><div class=\"g-cols vc_row type_default valign_top\"><div class=\"vc_col-sm-6 wpb_column vc_column_container\"><div class=\"vc_column-inner us_custom_a4ab7074 \"><div class=\"wpb_wrapper\"><div class=\"w-separator size_large\"><\/div><div class=\"w-separator size_custom\" style=\"height:1rem;\"><\/div><div class=\"w-iconbox iconpos_left style_default color_primary align_left\"><div class=\"w-iconbox-icon\"><i class=\"far fa-money-bill-alt\"><\/i><\/div><div class=\"w-iconbox-meta\"><h4 class=\"w-iconbox-title\">Discount on participation fee<\/h4><div class=\"w-iconbox-text\"><p><code style=\"display: none;\"><br \/>\n<\/code><\/p>\n<p align=\"justify\" class=\"vc_custom_heading wpb_animate_when_almost_visible wpb_fadeInUp fadeInUp vc_custom_1558515856679 wpb_start_animation animated\"><b>University students (undergraduate and postgraduate)<\/b> can register at reduced rate. In these cases, they need to justify their affiliation by submitting in the Registration Form, along with proof of payment, a copy of their tuition fees of the academic year.<\/p>\n<p>To take advantage of this discount, <b>they must provide the aforementioned documentation<\/b> on the form for sending proof of registration.<\/p>\n<p><code style=\"display: none;\"><br \/>\n<\/code><\/p>\n<\/div><\/div><\/div><div class=\"w-separator size_medium\"><\/div><div class=\"w-iconbox iconpos_left style_default color_primary align_left\"><div class=\"w-iconbox-icon\"><i class=\"far fa-bullhorn\"><\/i><\/div><div class=\"w-iconbox-meta\"><h4 class=\"w-iconbox-title\">Key dates for participants<\/h4><div class=\"w-iconbox-text\"><p><code style=\"display: none;\"><br \/>\n<\/code><\/p>\n<p align=\"justify\">Keep in mind the different key dates and deadlines for correct participation in the Conference. As in previous editions, the organising committee has established a tighter schedule in order to facilitate and encourage participation in the virtual mode.<\/p>\n<p><code style=\"display: none;\"><br \/>\n<\/code><\/p>\n<\/div><\/div><\/div><div class=\"w-separator size_medium\"><\/div><\/div><\/div><\/div><div class=\"vc_col-sm-6 wpb_column vc_column_container\"><div class=\"vc_column-inner us_custom_1044a294 \"><div class=\"wpb_wrapper\"><div class=\"w-separator size_large\"><\/div><div class=\"w-separator size_custom\" style=\"height:1rem;\"><\/div><div class=\"w-iconbox iconpos_left style_default color_primary align_left\"><div class=\"w-iconbox-icon\"><i class=\"far fa-comments\"><\/i><\/div><div class=\"w-iconbox-meta\"><h4 class=\"w-iconbox-title\">Do you have any questions?<\/h4><div class=\"w-iconbox-text\"><p><code style=\"display: none;\"><br \/>\n<\/code><\/p>\n<p align=\"justify\">If you have any queries, would like to inform us of any difficulties you have encountered, problems accessing the contents or if you would like to make a suggestion that could help us to improve the development of the Conference, you can contact the organising team through the consultation mailbox available in the contact section.<\/p>\n<p><code style=\"display: none;\"><br \/>\n<\/code><\/p>\n<\/div><\/div><\/div><div class=\"w-separator size_custom\" style=\"height:5em;\"><\/div><div class=\"w-image align_center\"><div class=\"w-image-h\"><img width=\"150\" height=\"150\" src=\"data:image\/svg+xml,%3Csvg xmlns=%22http:\/\/www.w3.org\/2000\/svg%22 viewBox=%220 0 150 150%22%3E%3C\/svg%3E\" data-lazy-type=\"image\" data-src=\"https:\/\/grupo-ebei.com\/confbe\/2023\/wp-content\/uploads\/2023\/05\/SELLO-CONFBE2023-150x150.png\" class=\"lazy lazy-hidden attachment-thumbnail size-thumbnail\" alt=\"\" loading=\"lazy\" srcset=\"\" data-srcset=\"https:\/\/grupo-ebei.com\/confbe\/2023\/wp-content\/uploads\/2023\/05\/SELLO-CONFBE2023-150x150.png 150w, https:\/\/grupo-ebei.com\/confbe\/2023\/wp-content\/uploads\/2023\/05\/SELLO-CONFBE2023.png 200w, https:\/\/grupo-ebei.com\/confbe\/2023\/wp-content\/uploads\/2023\/05\/SELLO-CONFBE2023-100x100.png 100w, https:\/\/grupo-ebei.com\/confbe\/2023\/wp-content\/uploads\/2023\/05\/SELLO-CONFBE2023-120x120.png 120w, https:\/\/grupo-ebei.com\/confbe\/2023\/wp-content\/uploads\/2023\/05\/SELLO-CONFBE2023-175x175.png 175w\" sizes=\"(max-width: 150px) 100vw, 150px\" \/><\/div><\/div><div class=\"w-separator size_medium\"><\/div><\/div><\/div><\/div><\/div><\/div><\/section><section class=\"l-section wpb_row height_auto\"><div class=\"l-section-h i-cf\"><div class=\"g-cols vc_row type_default valign_top\"><div class=\"vc_col-sm-12 wpb_column vc_column_container\"><div class=\"vc_column-inner\"><div class=\"wpb_wrapper\"><div class=\"w-separator size_small with_line width_default thick_2 style_solid color_border align_center\"><div class=\"w-separator-h\"><\/div><\/div><div class=\"w-separator size_medium\"><\/div><\/div><\/div><\/div><\/div><\/div><\/section><section class=\"l-section wpb_row height_custom color_primary with_shape\"><div class=\"l-section-shape type_wave pos_top hor_flip\" style=\"height:10vh;\"><svg xmlns=\"http:\/\/www.w3.org\/2000\/svg\" viewBox=\"0 4 64 4\" preserveAspectRatio=\"none\" width=\"100%\" height=\"100%\">\r\n\t<path fill=\"currentColor\" d=\"M64 6 C32 0 32 12 0 6 L0 8 L64 8 Z\"\/>\r\n<\/svg><\/div><div class=\"l-section-h i-cf\"><div class=\"g-cols vc_row type_default valign_top\"><div class=\"vc_col-sm-12 wpb_column vc_column_container\"><div class=\"vc_column-inner\"><div class=\"wpb_wrapper\"><div class=\"w-separator size_large\"><\/div><div class=\"w-actionbox color_primary controls_right\"><div class=\"w-actionbox-text\"><h2>Register and participate!<\/h2><p>We provide you with all the information about the registration procedure and the requirements for participation in the Conference.<\/p>\n<\/div><div class=\"w-actionbox-controls\"><a class=\"w-btn us-btn-style_4 icon_atleft\" href=\"https:\/\/grupo-ebei.com\/confbe\/2023\/en\/registration-procedure\/\" style=\"font-size:18px;\"><i class=\"fal fa-file-signature\"><\/i><span class=\"w-btn-label\">REGISTRATION PROCEDURE<\/span><\/a><\/div><\/div><\/div><\/div><\/div><\/div><\/div><\/section>","protected":false},"excerpt":{"rendered":"L\u00edneas de trabajoPrincipales destinatarios\/asModalidades de participaci\u00f3nConferenciantes plenariosFechas claveTasas de participaci\u00f3nProcedimiento de inscripci\u00f3nPresentaci\u00f3n de res\u00famenesEnv\u00edo de comunicacionesLibro de Cap\u00edtulosOrganizaci\u00f3n y comit\u00e9sEntidades organizadoras[vc_custom_heading text=\"XI INTERNATIONAL CONFERENCE ON BILINGUAL EDUCATION\" font_container=\"tag:h2|text_align:center\" use_theme_fonts=\"yes\" css=\"%7B%22default%22%3A%7B%22color%22%3A%22%23013e67%22%2C%22font-size%22%3A%222.5rem%22%2C%22margin-bottom%22%3A%220px%22%7D%7D\"][vc_custom_heading text=\"Conference Dates &amp; Deadlines\" font_container=\"tag:h2|text_align:center\" use_theme_fonts=\"yes\" css=\"%7B%22default%22%3A%7B%22color%22%3A%22%23013e67%22%2C%22font-weight%22%3A%22500%22%2C%22font-size%22%3A%221.4rem%22%2C%22margin-top%22%3A%220px%22%2C%22margin-bottom%22%3A%2215px%22%7D%7D\"]SUBMISSION OF ABSTRACTS Deadline: 01\/10\/2023 ACCEPTANCE FOR ABSTRACTS Deadline: 06\/10\/2023 COMMUNICATIONS SUBMISSION Deadline: 19\/10\/2023 EARLY BIRD Deadline: 13\/10\/2023 NORMAL...","protected":false},"author":1,"featured_media":0,"parent":0,"menu_order":0,"comment_status":"closed","ping_status":"closed","template":"","meta":{"spay_email":""},"yoast_head":"<!-- This site is optimized with the Yoast SEO plugin v18.8 - https:\/\/yoast.com\/wordpress\/plugins\/seo\/ -->\n<title>Conference Dates &amp; Deadlines - IX Congreso Internacional sobre Educaci\u00f3n Biling\u00fce<\/title>\n<meta name=\"robots\" content=\"index, follow, max-snippet:-1, max-image-preview:large, max-video-preview:-1\" \/>\n<link rel=\"canonical\" href=\"https:\/\/grupo-ebei.com\/confbe\/2023\/conference-deadlines\/\" \/>\n<meta property=\"og:locale\" content=\"es_ES\" \/>\n<meta property=\"og:type\" content=\"article\" \/>\n<meta property=\"og:title\" content=\"Conference Dates &amp; Deadlines - IX Congreso Internacional sobre Educaci\u00f3n Biling\u00fce\" \/>\n<meta property=\"og:url\" content=\"https:\/\/grupo-ebei.com\/confbe\/2023\/en\/conference-deadlines\/\" \/>\n<meta property=\"og:site_name\" content=\"IX Congreso Internacional sobre Educaci\u00f3n Biling\u00fce\" \/>\n<meta property=\"article:modified_time\" content=\"2023-09-12T12:37:37+00:00\" \/>\n<meta name=\"twitter:card\" content=\"summary_large_image\" \/>\n<meta name=\"twitter:label1\" content=\"Tiempo de lectura\" \/>\n\t<meta name=\"twitter:data1\" content=\"2 minutos\" \/>\n<script type=\"application\/ld+json\" class=\"yoast-schema-graph\">{\"@context\":\"https:\/\/schema.org\",\"@graph\":[{\"@type\":\"WebSite\",\"@id\":\"https:\/\/grupo-ebei.com\/confbe\/2023\/#website\",\"url\":\"https:\/\/grupo-ebei.com\/confbe\/2023\/\",\"name\":\"IX Congreso Internacional sobre Educaci\u00f3n Biling\u00fce\",\"description\":\"VIII International Conference on Bilingual Education\",\"potentialAction\":[{\"@type\":\"SearchAction\",\"target\":{\"@type\":\"EntryPoint\",\"urlTemplate\":\"https:\/\/grupo-ebei.com\/confbe\/2023\/?s={search_term_string}\"},\"query-input\":\"required name=search_term_string\"}],\"inLanguage\":\"es\"},{\"@type\":\"WebPage\",\"@id\":\"https:\/\/grupo-ebei.com\/confbe\/2023\/en\/conference-deadlines\/#webpage\",\"url\":\"https:\/\/grupo-ebei.com\/confbe\/2023\/en\/conference-deadlines\/\",\"name\":\"Conference Dates & Deadlines - IX Congreso Internacional sobre Educaci\u00f3n Biling\u00fce\",\"isPartOf\":{\"@id\":\"https:\/\/grupo-ebei.com\/confbe\/2023\/#website\"},\"datePublished\":\"2020-09-08T12:09:45+00:00\",\"dateModified\":\"2023-09-12T12:37:37+00:00\",\"breadcrumb\":{\"@id\":\"https:\/\/grupo-ebei.com\/confbe\/2023\/en\/conference-deadlines\/#breadcrumb\"},\"inLanguage\":\"es\",\"potentialAction\":[{\"@type\":\"ReadAction\",\"target\":[\"https:\/\/grupo-ebei.com\/confbe\/2023\/en\/conference-deadlines\/\"]}]},{\"@type\":\"BreadcrumbList\",\"@id\":\"https:\/\/grupo-ebei.com\/confbe\/2023\/en\/conference-deadlines\/#breadcrumb\",\"itemListElement\":[{\"@type\":\"ListItem\",\"position\":1,\"name\":\"Home\",\"item\":\"https:\/\/grupo-ebei.com\/confbe\/2023\/\"},{\"@type\":\"ListItem\",\"position\":2,\"name\":\"Conference Dates &#038; Deadlines\"}]}]}<\/script>\n<!-- \/ Yoast SEO plugin. -->","yoast_head_json":{"title":"Conference Dates & Deadlines - IX Congreso Internacional sobre Educaci\u00f3n Biling\u00fce","robots":{"index":"index","follow":"follow","max-snippet":"max-snippet:-1","max-image-preview":"max-image-preview:large","max-video-preview":"max-video-preview:-1"},"canonical":"https:\/\/grupo-ebei.com\/confbe\/2023\/conference-deadlines\/","og_locale":"es_ES","og_type":"article","og_title":"Conference Dates & Deadlines - IX Congreso Internacional sobre Educaci\u00f3n Biling\u00fce","og_url":"https:\/\/grupo-ebei.com\/confbe\/2023\/en\/conference-deadlines\/","og_site_name":"IX Congreso Internacional sobre Educaci\u00f3n Biling\u00fce","article_modified_time":"2023-09-12T12:37:37+00:00","twitter_card":"summary_large_image","twitter_misc":{"Tiempo de lectura":"2 minutos"},"schema":{"@context":"https:\/\/schema.org","@graph":[{"@type":"WebSite","@id":"https:\/\/grupo-ebei.com\/confbe\/2023\/#website","url":"https:\/\/grupo-ebei.com\/confbe\/2023\/","name":"IX Congreso Internacional sobre Educaci\u00f3n Biling\u00fce","description":"VIII International Conference on Bilingual Education","potentialAction":[{"@type":"SearchAction","target":{"@type":"EntryPoint","urlTemplate":"https:\/\/grupo-ebei.com\/confbe\/2023\/?s={search_term_string}"},"query-input":"required name=search_term_string"}],"inLanguage":"es"},{"@type":"WebPage","@id":"https:\/\/grupo-ebei.com\/confbe\/2023\/en\/conference-deadlines\/#webpage","url":"https:\/\/grupo-ebei.com\/confbe\/2023\/en\/conference-deadlines\/","name":"Conference Dates & Deadlines - IX Congreso Internacional sobre Educaci\u00f3n Biling\u00fce","isPartOf":{"@id":"https:\/\/grupo-ebei.com\/confbe\/2023\/#website"},"datePublished":"2020-09-08T12:09:45+00:00","dateModified":"2023-09-12T12:37:37+00:00","breadcrumb":{"@id":"https:\/\/grupo-ebei.com\/confbe\/2023\/en\/conference-deadlines\/#breadcrumb"},"inLanguage":"es","potentialAction":[{"@type":"ReadAction","target":["https:\/\/grupo-ebei.com\/confbe\/2023\/en\/conference-deadlines\/"]}]},{"@type":"BreadcrumbList","@id":"https:\/\/grupo-ebei.com\/confbe\/2023\/en\/conference-deadlines\/#breadcrumb","itemListElement":[{"@type":"ListItem","position":1,"name":"Home","item":"https:\/\/grupo-ebei.com\/confbe\/2023\/"},{"@type":"ListItem","position":2,"name":"Conference Dates &#038; Deadlines"}]}]}},"_links":{"self":[{"href":"https:\/\/grupo-ebei.com\/confbe\/2023\/wp-json\/wp\/v2\/pages\/10706"}],"collection":[{"href":"https:\/\/grupo-ebei.com\/confbe\/2023\/wp-json\/wp\/v2\/pages"}],"about":[{"href":"https:\/\/grupo-ebei.com\/confbe\/2023\/wp-json\/wp\/v2\/types\/page"}],"author":[{"embeddable":true,"href":"https:\/\/grupo-ebei.com\/confbe\/2023\/wp-json\/wp\/v2\/users\/1"}],"replies":[{"embeddable":true,"href":"https:\/\/grupo-ebei.com\/confbe\/2023\/wp-json\/wp\/v2\/comments?post=10706"}],"version-history":[{"count":10,"href":"https:\/\/grupo-ebei.com\/confbe\/2023\/wp-json\/wp\/v2\/pages\/10706\/revisions"}],"predecessor-version":[{"id":11176,"href":"https:\/\/grupo-ebei.com\/confbe\/2023\/wp-json\/wp\/v2\/pages\/10706\/revisions\/11176"}],"wp:attachment":[{"href":"https:\/\/grupo-ebei.com\/confbe\/2023\/wp-json\/wp\/v2\/media?parent=10706"}],"curies":[{"name":"wp","href":"https:\/\/api.w.org\/{rel}","templated":true}]}}