{"id":10578,"date":"2020-09-07T12:34:52","date_gmt":"2020-09-07T10:34:52","guid":{"rendered":"https:\/\/www.grupo-ebei.es\/confbe\/2020\/?page_id=10578"},"modified":"2024-01-11T00:54:10","modified_gmt":"2024-01-10T22:54:10","slug":"libro-de-capitulos","status":"publish","type":"page","link":"https:\/\/grupo-ebei.com\/confbe\/2023\/libro-de-capitulos\/","title":{"rendered":"Libro de Cap\u00edtulos"},"content":{"rendered":"<section class=\"l-section wpb_row height_auto color_primary with_shape\"><div class=\"l-section-shape type_wave pos_bottom\" style=\"height:10vh;\"><svg xmlns=\"http:\/\/www.w3.org\/2000\/svg\" viewBox=\"0 4 64 4\" preserveAspectRatio=\"none\" width=\"100%\" height=\"100%\">\r\n\t<path fill=\"currentColor\" d=\"M64 6 C32 0 32 12 0 6 L0 8 L64 8 Z\"\/>\r\n<\/svg><\/div><div class=\"l-section-h i-cf\"><div class=\"g-cols vc_row type_default valign_top\"><div class=\"vc_col-sm-12 wpb_column vc_column_container\"><div class=\"vc_column-inner\"><div class=\"wpb_wrapper\"><div class=\"w-separator size_small\"><\/div><div class=\"w-separator size_huge\"><\/div><\/div><\/div><\/div><\/div><\/div><\/section><section class=\"l-section wpb_row height_custom\"><div class=\"l-section-h i-cf\"><div class=\"g-cols vc_row type_default valign_top\"><div class=\"vc_col-sm-3 wpb_column vc_column_container\"><div class=\"vc_column-inner\"><div class=\"wpb_wrapper\"><div class=\"w-menu  us_custom_54633498 layout_ver style_blocks us_menu_1\"><ul id=\"menu-menu-info-general-es\" class=\"menu\"><li id=\"menu-item-9750\" class=\"menu-general-item menu-item menu-item-type-post_type menu-item-object-page menu-item-9750\"><a href=\"https:\/\/grupo-ebei.com\/confbe\/2023\/lineas-de-trabajo\/\">L\u00edneas de trabajo<\/a><\/li><li id=\"menu-item-10335\" class=\"menu-general-item menu-item menu-item-type-post_type menu-item-object-page menu-item-10335\"><a href=\"https:\/\/grupo-ebei.com\/confbe\/2023\/destinatarios\/\">Principales destinatarios\/as<\/a><\/li><li id=\"menu-item-9970\" class=\"menu-general-item menu-item menu-item-type-post_type menu-item-object-page menu-item-9970\"><a href=\"https:\/\/grupo-ebei.com\/confbe\/2023\/modalidades-de-participacion\/\">Modalidades de participaci\u00f3n<\/a><\/li><li id=\"menu-item-9752\" class=\"menu-general-item menu-item menu-item-type-post_type menu-item-object-page menu-item-9752\"><a href=\"https:\/\/grupo-ebei.com\/confbe\/2023\/plenarios\/\">Conferenciantes plenarios<\/a><\/li><li id=\"menu-item-10331\" class=\"menu-general-item menu-item menu-item-type-post_type menu-item-object-page menu-item-10331\"><a href=\"https:\/\/grupo-ebei.com\/confbe\/2023\/fechas-clave\/\">Fechas clave<\/a><\/li><li id=\"menu-item-9969\" class=\"menu-general-item menu-item menu-item-type-post_type menu-item-object-page menu-item-9969\"><a href=\"https:\/\/grupo-ebei.com\/confbe\/2023\/tasas-de-participacion\/\">Tasas de participaci\u00f3n<\/a><\/li><li id=\"menu-item-10332\" class=\"menu-general-item menu-item menu-item-type-post_type menu-item-object-page menu-item-10332\"><a href=\"https:\/\/grupo-ebei.com\/confbe\/2023\/procedimiento-de-inscripcion\/\">Procedimiento de inscripci\u00f3n<\/a><\/li><li id=\"menu-item-10070\" class=\"menu-general-item menu-item menu-item-type-post_type menu-item-object-page menu-item-10070\"><a href=\"https:\/\/grupo-ebei.com\/confbe\/2023\/gestion-de-resumenes\/\">Presentaci\u00f3n de res\u00famenes<\/a><\/li><li id=\"menu-item-10571\" class=\"menu-item menu-item-type-post_type menu-item-object-page menu-item-10571\"><a href=\"https:\/\/grupo-ebei.com\/confbe\/2023\/envio-de-comunicaciones\/\">Env\u00edo de comunicaciones<\/a><\/li><li id=\"menu-item-10588\" class=\"menu-item menu-item-type-post_type menu-item-object-page menu-item-10588\"><a href=\"https:\/\/grupo-ebei.com\/confbe\/2023\/libro-de-capitulos\/\">Libro de Cap\u00edtulos<\/a><\/li><li id=\"menu-item-10073\" class=\"menu-general-item menu-item menu-item-type-post_type menu-item-object-page menu-item-10073\"><a href=\"https:\/\/grupo-ebei.com\/confbe\/2023\/organizacion\/\">Organizaci\u00f3n y comit\u00e9s<\/a><\/li><li id=\"menu-item-9751\" class=\"menu-general-item menu-item menu-item-type-post_type menu-item-object-page menu-item-9751\"><a href=\"https:\/\/grupo-ebei.com\/confbe\/2023\/entidades\/\">Entidades organizadoras<\/a><\/li><\/ul><style>.us_menu_1 .menu>li{margin-bottom:0.8rem}.us_menu_1 .menu>li>a{padding:0.9em 0.9em}.us_menu_1 .menu>li>a{background:linear-gradient(135deg,#00a3d9,#00194e)}.us_menu_1 .menu>li>a{color:#ffffff}.us_menu_1 .menu>.menu-item>a:hover{background:linear-gradient(165deg,#00a3d9,#00194e)}.us_menu_1 .menu>.current-menu-item>a{color:#f5f5f5}@media ( max-width:600px ){.us_menu_1 .menu{display:block!important}.us_menu_1 .menu>li{margin:0 0 0.8rem}}<\/style><\/div><\/div><\/div><\/div><div class=\"vc_col-sm-9 wpb_column vc_column_container\"><div class=\"vc_column-inner us_custom_c15099d3 \"><div class=\"wpb_wrapper\"><div class=\"wpb_text_column\" ><div class=\"wpb_wrapper\"><p><code style=\"display: none;\"><br \/>\n<\/code><\/p>\n<h2>Normas para incluir trabajos en el libro de cap\u00edtulos<\/h2>\n<p><code style=\"display: none;\"><br \/>\n<\/code><\/p>\n<\/div><\/div><div class=\"wpb_text_column\" ><div class=\"wpb_wrapper\"><p><code style=\"display: none;\"><br \/>\n<\/code><\/p>\n<div class=\"wpb_text_column wpb_content_element  wpb_animate_when_almost_visible wpb_fadeIn fadeIn vc_custom_1574180765763 wpb_start_animation animated\">\n<div class=\"wpb_wrapper\">\n<p align=\"justify\"><span>Los autores tendr\u00e1n la posibilidad de presentar uno de sus trabajos aceptados,<\/span> en formato cap\u00edtulo<span>,<\/span> para que sea sometido a evaluaci\u00f3n. <b>Los cap\u00edtulos remitidos por los ponentes para su publicaci\u00f3n ser\u00e1n sometidos a un proceso de revisi\u00f3n por pares ciegos. Los mejores trabajos se publicar\u00e1n en un volumen en la prestigiosa editorial Peter Lang<\/b>.\u00a0Puede <span>consultar la fecha l\u00edmite para el env\u00edo de cap\u00edtulos<\/span> a trav\u00e9s del apartado \u201cFechas clave\u201d del presente sitio web. Solo podr\u00e1n ser enviados en formato cap\u00edtulo para su evaluaci\u00f3n aquellos trabajos que previamente hayan sido aceptados como comunicaci\u00f3n en formato texto, comunicaci\u00f3n en formato v\u00eddeo o di\u00e1logo cient\u00edfico\/formativo.<\/p>\n<p align=\"justify\">El trabajo debe contener los <b>siguientes apartados<\/b>: Introducci\u00f3n, M\u00e9todo (Materiales, Participantes, Dise\u00f1o, Procedimiento), Resultados, Discusi\u00f3n\/Conclusiones y Referencias. Cuando no sean trabajos estrictamente de investigaci\u00f3n, se debe especificar la metodolog\u00eda seguida. <b>Para su env\u00edo deber\u00e1 utilizarse la plantilla disponible en esta p\u00e1gina web<\/b>, y <b>la extensi\u00f3n total\u00a0del cap\u00edtulo no debe superar las 12 p\u00e1ginas en A4. <\/b>, (texto principal, referencias, figuras, tablas, ap\u00e9ndices e ilustraciones).\u00a0<b>Han de respetarse las indicaciones de estilo que se facilitan en la Hoja de Estilo.<\/b><\/p>\n<p align=\"justify\">Asimismo, <span><b>se incluir\u00e1 <\/b><b>un resumen, en espa\u00f1ol y en ingl\u00e9s<\/b> (m\u00e1ximo 150 palabras para cada uno de los res\u00famenes<\/span>, y se contabilizar\u00e1n aparte de las palabras del texto principal). El <b>resumen deber\u00e1 estar estructurado en los siguientes apartados<\/b>: Antecedentes, M\u00e9todo, Resultados y Conclusiones.<\/p>\n<\/div>\n<p align=\"justify\"><b>Los trabajos remitidos deben ser in\u00e9ditos<\/b>, es decir, ni publicados ni en proceso de publicaci\u00f3n. Una vez enviado el trabajo se asume que todos los autores del mismo han dado su conformidad.<\/p>\n<\/div>\n<p><code style=\"display: none;\"><br \/>\n<\/code><\/p>\n<h2>Fecha de env\u00edo para la edici\u00f3n actual: <b>28 de febrero de 2024<\/b><\/h2>\n<p>Editora: Dra. Adela Gonz\u00e1lez Fern\u00e1ndez (Universidad de C\u00f3rdoba)<\/p>\n<ul>\n<li>La contribuci\u00f3n se remitir\u00e1 por correo-e a la editora: <b>adela.gonzalez@uco.es<\/b><\/li>\n<\/ul>\n<\/div><\/div><div class=\"w-separator size_large\"><\/div><\/div><\/div><\/div><\/div><\/div><\/section><section class=\"l-section wpb_row height_custom\"><div class=\"l-section-h i-cf\"><div class=\"g-cols vc_row type_default valign_top\"><div class=\"vc_col-sm-12 wpb_column vc_column_container\"><div class=\"vc_column-inner\"><div class=\"wpb_wrapper\"><div class=\"w-btn-wrapper width_auto align_center\"><a class=\"w-btn us-btn-style_1\" href=\"https:\/\/grupo-ebei.com\/confbe\/2023\/wp-content\/uploads\/2024\/01\/Hoja-de-estilo-de-referencia-3.docx\" target=\"_blank\" title=\"Plantilla\" rel=\"noopener\"><span class=\"w-btn-label\">Descarga de Hoja de Estilo<\/span><\/a><\/div><div class=\"w-btn-wrapper width_full\"><a class=\"w-btn us-btn-style_2\" href=\"mailto:adela.gonzalez@uco.es\" target=\"_blank\" rel=\"noopener\"><span class=\"w-btn-label\">Enviar a adela.gonzalez@uco.es<\/span><\/a><\/div><\/div><\/div><\/div><\/div><\/div><\/section>","protected":false},"excerpt":{"rendered":"L\u00edneas de trabajoPrincipales destinatarios\/asModalidades de participaci\u00f3nConferenciantes plenariosFechas claveTasas de participaci\u00f3nProcedimiento de inscripci\u00f3nPresentaci\u00f3n de res\u00famenesEnv\u00edo de comunicacionesLibro de Cap\u00edtulosOrganizaci\u00f3n y comit\u00e9sEntidades organizadoras Normas para incluir trabajos en el libro de cap\u00edtulos Los autores tendr\u00e1n la posibilidad de presentar uno de sus trabajos aceptados, en formato cap\u00edtulo, para que sea sometido a evaluaci\u00f3n. Los cap\u00edtulos remitidos por...","protected":false},"author":1,"featured_media":0,"parent":0,"menu_order":0,"comment_status":"closed","ping_status":"closed","template":"","meta":{"spay_email":""},"yoast_head":"<!-- This site is optimized with the Yoast SEO plugin v18.8 - https:\/\/yoast.com\/wordpress\/plugins\/seo\/ -->\n<title>Libro de Cap\u00edtulos - IX Congreso Internacional sobre Educaci\u00f3n Biling\u00fce<\/title>\n<meta name=\"robots\" content=\"index, follow, max-snippet:-1, max-image-preview:large, max-video-preview:-1\" \/>\n<link rel=\"canonical\" href=\"https:\/\/grupo-ebei.com\/confbe\/2023\/libro-de-capitulos\/\" \/>\n<meta property=\"og:locale\" content=\"es_ES\" \/>\n<meta property=\"og:type\" content=\"article\" \/>\n<meta property=\"og:title\" content=\"Libro de Cap\u00edtulos - IX Congreso Internacional sobre Educaci\u00f3n Biling\u00fce\" \/>\n<meta property=\"og:url\" content=\"https:\/\/grupo-ebei.com\/confbe\/2023\/libro-de-capitulos\/\" \/>\n<meta property=\"og:site_name\" content=\"IX Congreso Internacional sobre Educaci\u00f3n Biling\u00fce\" \/>\n<meta property=\"article:modified_time\" content=\"2024-01-10T22:54:10+00:00\" \/>\n<meta name=\"twitter:card\" content=\"summary_large_image\" \/>\n<meta name=\"twitter:label1\" content=\"Tiempo de lectura\" \/>\n\t<meta name=\"twitter:data1\" content=\"2 minutos\" \/>\n<script type=\"application\/ld+json\" class=\"yoast-schema-graph\">{\"@context\":\"https:\/\/schema.org\",\"@graph\":[{\"@type\":\"WebSite\",\"@id\":\"https:\/\/grupo-ebei.com\/confbe\/2023\/#website\",\"url\":\"https:\/\/grupo-ebei.com\/confbe\/2023\/\",\"name\":\"IX Congreso Internacional sobre Educaci\u00f3n Biling\u00fce\",\"description\":\"VIII International Conference on Bilingual Education\",\"potentialAction\":[{\"@type\":\"SearchAction\",\"target\":{\"@type\":\"EntryPoint\",\"urlTemplate\":\"https:\/\/grupo-ebei.com\/confbe\/2023\/?s={search_term_string}\"},\"query-input\":\"required name=search_term_string\"}],\"inLanguage\":\"es\"},{\"@type\":\"WebPage\",\"@id\":\"https:\/\/grupo-ebei.com\/confbe\/2023\/libro-de-capitulos\/#webpage\",\"url\":\"https:\/\/grupo-ebei.com\/confbe\/2023\/libro-de-capitulos\/\",\"name\":\"Libro de Cap\u00edtulos - IX Congreso Internacional sobre Educaci\u00f3n Biling\u00fce\",\"isPartOf\":{\"@id\":\"https:\/\/grupo-ebei.com\/confbe\/2023\/#website\"},\"datePublished\":\"2020-09-07T10:34:52+00:00\",\"dateModified\":\"2024-01-10T22:54:10+00:00\",\"breadcrumb\":{\"@id\":\"https:\/\/grupo-ebei.com\/confbe\/2023\/libro-de-capitulos\/#breadcrumb\"},\"inLanguage\":\"es\",\"potentialAction\":[{\"@type\":\"ReadAction\",\"target\":[\"https:\/\/grupo-ebei.com\/confbe\/2023\/libro-de-capitulos\/\"]}]},{\"@type\":\"BreadcrumbList\",\"@id\":\"https:\/\/grupo-ebei.com\/confbe\/2023\/libro-de-capitulos\/#breadcrumb\",\"itemListElement\":[{\"@type\":\"ListItem\",\"position\":1,\"name\":\"Home\",\"item\":\"https:\/\/grupo-ebei.com\/confbe\/2023\/\"},{\"@type\":\"ListItem\",\"position\":2,\"name\":\"Libro de Cap\u00edtulos\"}]}]}<\/script>\n<!-- \/ Yoast SEO plugin. -->","yoast_head_json":{"title":"Libro de Cap\u00edtulos - IX Congreso Internacional sobre Educaci\u00f3n Biling\u00fce","robots":{"index":"index","follow":"follow","max-snippet":"max-snippet:-1","max-image-preview":"max-image-preview:large","max-video-preview":"max-video-preview:-1"},"canonical":"https:\/\/grupo-ebei.com\/confbe\/2023\/libro-de-capitulos\/","og_locale":"es_ES","og_type":"article","og_title":"Libro de Cap\u00edtulos - IX Congreso Internacional sobre Educaci\u00f3n Biling\u00fce","og_url":"https:\/\/grupo-ebei.com\/confbe\/2023\/libro-de-capitulos\/","og_site_name":"IX Congreso Internacional sobre Educaci\u00f3n Biling\u00fce","article_modified_time":"2024-01-10T22:54:10+00:00","twitter_card":"summary_large_image","twitter_misc":{"Tiempo de lectura":"2 minutos"},"schema":{"@context":"https:\/\/schema.org","@graph":[{"@type":"WebSite","@id":"https:\/\/grupo-ebei.com\/confbe\/2023\/#website","url":"https:\/\/grupo-ebei.com\/confbe\/2023\/","name":"IX Congreso Internacional sobre Educaci\u00f3n Biling\u00fce","description":"VIII International Conference on Bilingual Education","potentialAction":[{"@type":"SearchAction","target":{"@type":"EntryPoint","urlTemplate":"https:\/\/grupo-ebei.com\/confbe\/2023\/?s={search_term_string}"},"query-input":"required name=search_term_string"}],"inLanguage":"es"},{"@type":"WebPage","@id":"https:\/\/grupo-ebei.com\/confbe\/2023\/libro-de-capitulos\/#webpage","url":"https:\/\/grupo-ebei.com\/confbe\/2023\/libro-de-capitulos\/","name":"Libro de Cap\u00edtulos - IX Congreso Internacional sobre Educaci\u00f3n Biling\u00fce","isPartOf":{"@id":"https:\/\/grupo-ebei.com\/confbe\/2023\/#website"},"datePublished":"2020-09-07T10:34:52+00:00","dateModified":"2024-01-10T22:54:10+00:00","breadcrumb":{"@id":"https:\/\/grupo-ebei.com\/confbe\/2023\/libro-de-capitulos\/#breadcrumb"},"inLanguage":"es","potentialAction":[{"@type":"ReadAction","target":["https:\/\/grupo-ebei.com\/confbe\/2023\/libro-de-capitulos\/"]}]},{"@type":"BreadcrumbList","@id":"https:\/\/grupo-ebei.com\/confbe\/2023\/libro-de-capitulos\/#breadcrumb","itemListElement":[{"@type":"ListItem","position":1,"name":"Home","item":"https:\/\/grupo-ebei.com\/confbe\/2023\/"},{"@type":"ListItem","position":2,"name":"Libro de Cap\u00edtulos"}]}]}},"_links":{"self":[{"href":"https:\/\/grupo-ebei.com\/confbe\/2023\/wp-json\/wp\/v2\/pages\/10578"}],"collection":[{"href":"https:\/\/grupo-ebei.com\/confbe\/2023\/wp-json\/wp\/v2\/pages"}],"about":[{"href":"https:\/\/grupo-ebei.com\/confbe\/2023\/wp-json\/wp\/v2\/types\/page"}],"author":[{"embeddable":true,"href":"https:\/\/grupo-ebei.com\/confbe\/2023\/wp-json\/wp\/v2\/users\/1"}],"replies":[{"embeddable":true,"href":"https:\/\/grupo-ebei.com\/confbe\/2023\/wp-json\/wp\/v2\/comments?post=10578"}],"version-history":[{"count":18,"href":"https:\/\/grupo-ebei.com\/confbe\/2023\/wp-json\/wp\/v2\/pages\/10578\/revisions"}],"predecessor-version":[{"id":11270,"href":"https:\/\/grupo-ebei.com\/confbe\/2023\/wp-json\/wp\/v2\/pages\/10578\/revisions\/11270"}],"wp:attachment":[{"href":"https:\/\/grupo-ebei.com\/confbe\/2023\/wp-json\/wp\/v2\/media?parent=10578"}],"curies":[{"name":"wp","href":"https:\/\/api.w.org\/{rel}","templated":true}]}}