{"id":10549,"date":"2020-09-07T10:40:34","date_gmt":"2020-09-07T08:40:34","guid":{"rendered":"https:\/\/www.grupo-ebei.es\/confbe\/2020\/?page_id=10549"},"modified":"2023-06-12T14:17:47","modified_gmt":"2023-06-12T12:17:47","slug":"envio-de-comunicaciones","status":"publish","type":"page","link":"https:\/\/grupo-ebei.com\/confbe\/2023\/envio-de-comunicaciones\/","title":{"rendered":"Env\u00edo de comunicaciones"},"content":{"rendered":"<section class=\"l-section wpb_row height_auto color_primary with_shape\"><div class=\"l-section-shape type_wave pos_bottom\" style=\"height:10vh;\"><svg xmlns=\"http:\/\/www.w3.org\/2000\/svg\" viewBox=\"0 4 64 4\" preserveAspectRatio=\"none\" width=\"100%\" height=\"100%\">\r\n\t<path fill=\"currentColor\" d=\"M64 6 C32 0 32 12 0 6 L0 8 L64 8 Z\"\/>\r\n<\/svg><\/div><div class=\"l-section-h i-cf\"><div class=\"g-cols vc_row type_default valign_top\"><div class=\"vc_col-sm-12 wpb_column vc_column_container\"><div class=\"vc_column-inner\"><div class=\"wpb_wrapper\"><div class=\"w-separator size_small\"><\/div><div class=\"w-separator size_huge\"><\/div><\/div><\/div><\/div><\/div><\/div><\/section><section class=\"l-section wpb_row height_custom\"><div class=\"l-section-h i-cf\"><div class=\"g-cols vc_row type_default valign_top\"><div class=\"vc_col-sm-3 wpb_column vc_column_container\"><div class=\"vc_column-inner\"><div class=\"wpb_wrapper\"><div class=\"w-menu  us_custom_54633498 layout_ver style_blocks us_menu_1\"><ul id=\"menu-menu-info-general-es\" class=\"menu\"><li id=\"menu-item-9750\" class=\"menu-general-item menu-item menu-item-type-post_type menu-item-object-page menu-item-9750\"><a href=\"https:\/\/grupo-ebei.com\/confbe\/2023\/lineas-de-trabajo\/\">L\u00edneas de trabajo<\/a><\/li><li id=\"menu-item-10335\" class=\"menu-general-item menu-item menu-item-type-post_type menu-item-object-page menu-item-10335\"><a href=\"https:\/\/grupo-ebei.com\/confbe\/2023\/destinatarios\/\">Principales destinatarios\/as<\/a><\/li><li id=\"menu-item-9970\" class=\"menu-general-item menu-item menu-item-type-post_type menu-item-object-page menu-item-9970\"><a href=\"https:\/\/grupo-ebei.com\/confbe\/2023\/modalidades-de-participacion\/\">Modalidades de participaci\u00f3n<\/a><\/li><li id=\"menu-item-9752\" class=\"menu-general-item menu-item menu-item-type-post_type menu-item-object-page menu-item-9752\"><a href=\"https:\/\/grupo-ebei.com\/confbe\/2023\/plenarios\/\">Conferenciantes plenarios<\/a><\/li><li id=\"menu-item-10331\" class=\"menu-general-item menu-item menu-item-type-post_type menu-item-object-page menu-item-10331\"><a href=\"https:\/\/grupo-ebei.com\/confbe\/2023\/fechas-clave\/\">Fechas clave<\/a><\/li><li id=\"menu-item-9969\" class=\"menu-general-item menu-item menu-item-type-post_type menu-item-object-page menu-item-9969\"><a href=\"https:\/\/grupo-ebei.com\/confbe\/2023\/tasas-de-participacion\/\">Tasas de participaci\u00f3n<\/a><\/li><li id=\"menu-item-10332\" class=\"menu-general-item menu-item menu-item-type-post_type menu-item-object-page menu-item-10332\"><a href=\"https:\/\/grupo-ebei.com\/confbe\/2023\/procedimiento-de-inscripcion\/\">Procedimiento de inscripci\u00f3n<\/a><\/li><li id=\"menu-item-10070\" class=\"menu-general-item menu-item menu-item-type-post_type menu-item-object-page menu-item-10070\"><a href=\"https:\/\/grupo-ebei.com\/confbe\/2023\/gestion-de-resumenes\/\">Presentaci\u00f3n de res\u00famenes<\/a><\/li><li id=\"menu-item-10571\" class=\"menu-item menu-item-type-post_type menu-item-object-page menu-item-10571\"><a href=\"https:\/\/grupo-ebei.com\/confbe\/2023\/envio-de-comunicaciones\/\">Env\u00edo de comunicaciones<\/a><\/li><li id=\"menu-item-10588\" class=\"menu-item menu-item-type-post_type menu-item-object-page menu-item-10588\"><a href=\"https:\/\/grupo-ebei.com\/confbe\/2023\/libro-de-capitulos\/\">Libro de Cap\u00edtulos<\/a><\/li><li id=\"menu-item-10073\" class=\"menu-general-item menu-item menu-item-type-post_type menu-item-object-page menu-item-10073\"><a href=\"https:\/\/grupo-ebei.com\/confbe\/2023\/organizacion\/\">Organizaci\u00f3n y comit\u00e9s<\/a><\/li><li id=\"menu-item-9751\" class=\"menu-general-item menu-item menu-item-type-post_type menu-item-object-page menu-item-9751\"><a href=\"https:\/\/grupo-ebei.com\/confbe\/2023\/entidades\/\">Entidades organizadoras<\/a><\/li><\/ul><style>.us_menu_1 .menu>li{margin-bottom:0.8rem}.us_menu_1 .menu>li>a{padding:0.9em 0.9em}.us_menu_1 .menu>li>a{background:linear-gradient(135deg,#00a3d9,#00194e)}.us_menu_1 .menu>li>a{color:#ffffff}.us_menu_1 .menu>.menu-item>a:hover{background:linear-gradient(165deg,#00a3d9,#00194e)}.us_menu_1 .menu>.current-menu-item>a{color:#f5f5f5}@media ( max-width:600px ){.us_menu_1 .menu{display:block!important}.us_menu_1 .menu>li{margin:0 0 0.8rem}}<\/style><\/div><\/div><\/div><\/div><div class=\"vc_col-sm-9 wpb_column vc_column_container\"><div class=\"vc_column-inner us_custom_c15099d3 \"><div class=\"wpb_wrapper\"><div class=\"wpb_text_column\" ><div class=\"wpb_wrapper\"><p><code style=\"display: none;\"><br \/>\n<\/code><\/p>\n<h2>Informaci\u00f3n acerca del env\u00edo de comunicaciones<\/h2>\n<p><code style=\"display: none;\"><br \/>\n<\/code><\/p>\n<p align=\"justify\" class=\"vc_custom_heading us_custom_abc5744b\"><b>Tras recibir la aceptaci\u00f3n de su propuesta de comunicaci\u00f3n<\/b>, y solo en el caso en que se haya optado por la modalidad de participaci\u00f3n virtual,\u00a0 los autores deber\u00e1n <b>enviar sus comunicaciones a trav\u00e9s del formulario<\/b> habilitado a tal efecto en esta secci\u00f3n web. Independientemente de la modalidad de participaci\u00f3n, se deber\u00e1 adjuntar una fotograf\u00eda de cada autor as\u00ed como una breve biograf\u00eda para hacer la presentaci\u00f3n m\u00e1s amigable a su audiencia, as\u00ed como un correo electr\u00f3nico de contacto para facilitar el di\u00e1logo y el intercambio de preguntas entre los participantes.<\/p>\n<p align=\"justify\" class=\"vc_custom_heading us_custom_abc5744b\"><b>FECHA L\u00cdMITE PARA EL ENV\u00cdO DE COMUNICACIONES:<\/b> 19-10-2023.<span><\/span><\/p>\n<\/div><\/div><div class=\"w-separator size_small\"><\/div><div class=\"w-btn-wrapper width_auto align_center\"><a class=\"w-btn us-btn-style_1 popmake-ventana-emergente-envio-comunicaciones icon_atleft\" href=\"https:\/\/grupo-ebei.com\/confbe\/2023\/envio-de-comunicaciones\"><i class=\"fas fa-file-import\"><\/i><span class=\"w-btn-label\">FORMULARIO PARA EL ENV\u00cdO DE COMUNICACIONES<\/span><\/a><\/div><div class=\"w-separator size_small\"><\/div><div class=\"wpb_text_column\" ><div class=\"wpb_wrapper\"><p><code style=\"display: none;\"><br \/>\n<\/code><\/p>\n<p align=\"justify\" class=\"vc_custom_heading us_custom_abc5744b\"><span>Las <b>comunicaciones en formato texto<\/b> deber\u00e1n estar escritas en la <b>plantilla que se puede descargar a continuaci\u00f3n<\/b>. La extensi\u00f3n ser\u00e1 de <b>3000 palabras<\/b>, referencias incluidas.<\/span><\/p>\n<p><code style=\"display: none;\"><br \/>\n<\/code><\/p>\n<\/div><\/div><div class=\"w-separator size_small\"><\/div><div class=\"w-btn-wrapper width_auto align_center\"><a class=\"w-btn us-btn-style_1 icon_atleft\" href=\"https:\/\/grupo-ebei.com\/confbe\/2023\/wp-content\/uploads\/2020\/09\/PLANTILLA_CONFBE_2020.docx\"><i class=\"fas fa-file-download\"><\/i><span class=\"w-btn-label\">PLANTILLA PARA COMUNICACIONES<\/span><\/a><\/div><div class=\"w-separator size_small\"><\/div><div class=\"wpb_text_column\" ><div class=\"wpb_wrapper\"><p><code style=\"display: none;\"><br \/>\n<\/code><\/p>\n<p align=\"justify\" class=\"vc_custom_heading us_custom_abc5744b\"><span>Las <b>comunicaciones en formato v\u00eddeo<\/b><\/span> deber\u00e1n incluir un \u00edndice o gui\u00f3n, el <em>abstract<\/em> y las referencias bibliogr\u00e1ficas, adem\u00e1s del contenido. En caso de hacer la <span>presentaci\u00f3n en PowerPoint<\/span>, debe tener <span>entre 10 y 25 diapositivas e incluir la narraci\u00f3n o exposici\u00f3n<\/span> de las mismas para su presentaci\u00f3n (esto puede hacerse bien en el mismo PowerPoint, o bien a trav\u00e9s de un archivo con\u00a0el audio\u00a0grabado, que\u00a0luego se pega a la presentaci\u00f3n de PowerPoint). Dicha presentaci\u00f3n de PowerPoint deber\u00e1 exportarse a formato v\u00eddeo para su env\u00edo. Puede consultar m\u00e1s informaci\u00f3n al respecto a trav\u00e9s del siguiente enlace: <a href=\"https:\/\/support.office.com\/es-es\/article\/Grabar-una-presentaci%C3%B3n-con-diapositivas-con-los-intervalos-de-diapositiva-y-la-narraci%C3%B3n-0b9502c6-5f6c-40ae-b1e7-e47d8741161c\" target=\"_blank\" rel=\"noopener noreferrer\">\u201cGrabar una presentaci\u00f3n con diapositivas con los intervalos de diapositiva y la narraci\u00f3n<\/a>\u201c<strong>.<\/strong><\/p>\n<p align=\"justify\" class=\"vc_custom_heading us_custom_abc5744b\"><strong><img loading=\"lazy\" src=\"data:image\/svg+xml,%3Csvg xmlns=%22http:\/\/www.w3.org\/2000\/svg%22 viewBox=%220 0 300 69%22%3E%3C\/svg%3E\" data-lazy-type=\"image\" data-src=\"https:\/\/grupo-ebei.com\/confbe\/2023\/wp-content\/uploads\/2020\/09\/89130-wetransfer-default-logo-rgb-original-1365619064-1-300x69-1.png\" alt=\"\" width=\"300\" height=\"69\" class=\"lazy lazy-hidden size-full wp-image-10561 aligncenter\" srcset=\"\" data-srcset=\"https:\/\/grupo-ebei.com\/confbe\/2023\/wp-content\/uploads\/2020\/09\/89130-wetransfer-default-logo-rgb-original-1365619064-1-300x69-1.png 300w, https:\/\/grupo-ebei.com\/confbe\/2023\/wp-content\/uploads\/2020\/09\/89130-wetransfer-default-logo-rgb-original-1365619064-1-300x69-1-200x46.png 200w, https:\/\/grupo-ebei.com\/confbe\/2023\/wp-content\/uploads\/2020\/09\/89130-wetransfer-default-logo-rgb-original-1365619064-1-300x69-1-100x23.png 100w, https:\/\/grupo-ebei.com\/confbe\/2023\/wp-content\/uploads\/2020\/09\/89130-wetransfer-default-logo-rgb-original-1365619064-1-300x69-1-120x28.png 120w, https:\/\/grupo-ebei.com\/confbe\/2023\/wp-content\/uploads\/2020\/09\/89130-wetransfer-default-logo-rgb-original-1365619064-1-300x69-1-250x58.png 250w\" sizes=\"(max-width: 300px) 100vw, 300px\" \/><\/strong><\/p>\n<p align=\"justify\">Por favor, <b>env\u00ede su comunicaci\u00f3n en formato v\u00eddeo a trav\u00e9s de <a href=\"https:\/\/wetransfer.com\/\" target=\"_blank\" rel=\"noopener noreferrer\">WeTransfer<\/a><\/b>. Tenga en cuenta que existen dos modos para el env\u00edo de ficheros: a trav\u00e9s de correo electr\u00f3nico o a trav\u00e9s de un enlace de descarga. Seleccione la opci\u00f3n \u201cSend -&gt; Link\u201d para obtener la <b>URL de descarga de dicho fichero<\/b>, que deber\u00e1 facilitar a trav\u00e9s del formulario para el env\u00edo de comunicaciones virtuales disponible m\u00e1s abajo. A trav\u00e9s de dicho enlace, nuestro equipo proceder\u00e1 a la descarga de dicho fichero para su posterior publicaci\u00f3n en la Plataforma Virtual del Congreso.<\/p>\n<p align=\"justify\">Si tiene alguna duda acerca de c\u00f3mo realizar un env\u00edo a trav\u00e9s de WeTransfer, puede consultar el siguiente enlace: \u201c<a href=\"https:\/\/wetransfer.zendesk.com\/hc\/en-us\/articles\/202702233\" target=\"_blank\" rel=\"noopener noreferrer\">How to send a file using WeTransfer service<\/a>\u201c.<\/p>\n<p><code style=\"display: none;\"><br \/>\n<\/code><\/p>\n<\/div><\/div><div class=\"w-separator size_small\"><\/div><\/div><\/div><\/div><\/div><\/div><\/section><section class=\"l-section wpb_row height_custom color_primary with_shape\"><div class=\"l-section-shape type_wave pos_top hor_flip\" style=\"height:10vh;\"><svg xmlns=\"http:\/\/www.w3.org\/2000\/svg\" viewBox=\"0 4 64 4\" preserveAspectRatio=\"none\" width=\"100%\" height=\"100%\">\r\n\t<path fill=\"currentColor\" d=\"M64 6 C32 0 32 12 0 6 L0 8 L64 8 Z\"\/>\r\n<\/svg><\/div><div class=\"l-section-h i-cf\"><div class=\"g-cols vc_row type_default valign_top\"><div class=\"vc_col-sm-8 wpb_column vc_column_container\"><div class=\"vc_column-inner us_custom_75e2102a \"><div class=\"wpb_wrapper\"><div class=\"w-separator size_custom\" style=\"height:3rem;\"><\/div>[vc_custom_heading text=\u00bbFechas clave\u00bb use_theme_fonts=\u00bbyes\u00bb link=\u00bb|||\u00bb]<div class=\"wpb_text_column\" ><div class=\"wpb_wrapper\"><p align=\"justify\">Consulte las diferentes fechas establecidas para la presente edici\u00f3n del Congreso Internacional sobre Educaci\u00f3n Biling\u00fce: Env\u00edo de res\u00famenes, Notificaci\u00f3n de aceptaci\u00f3n de res\u00famenes, fecha l\u00edmite para el registro de participantes de las diferentes modalidades, etc.<\/p>\n<\/div><\/div><\/div><\/div><\/div><div class=\"vc_col-sm-4 wpb_column vc_column_container\"><div class=\"vc_column-inner\"><div class=\"wpb_wrapper\"><div class=\"w-separator size_custom\" style=\"height:4rem;\"><\/div><div class=\"ult-just-icon-wrapper  \"><div class=\"align-icon\" style=\"text-align:center;\">\n<a class=\"aio-tooltip 69d2722ae4eb0\" href=\"https:\/\/grupo-ebei.com\/confbe\/2023\/fechas-clave\"  data-toggle=\"tooltip\" data-placement=\"\"><div class=\"aio-icon none \"  style=\"color:#ffffff;font-size:160px;display:inline-block;\">\n\t<i class=\"Defaults-calendar\"><\/i>\n<\/div><\/a><\/div><\/div><\/div><\/div><\/div><\/div><\/div><\/section>","protected":false},"excerpt":{"rendered":"L\u00edneas de trabajoPrincipales destinatarios\/asModalidades de participaci\u00f3nConferenciantes plenariosFechas claveTasas de participaci\u00f3nProcedimiento de inscripci\u00f3nPresentaci\u00f3n de res\u00famenesEnv\u00edo de comunicacionesLibro de Cap\u00edtulosOrganizaci\u00f3n y comit\u00e9sEntidades organizadoras Informaci\u00f3n acerca del env\u00edo de comunicaciones Tras recibir la aceptaci\u00f3n de su propuesta de comunicaci\u00f3n, y solo en el caso en que se haya optado por la modalidad de participaci\u00f3n virtual,\u00a0 los autores deber\u00e1n...","protected":false},"author":1,"featured_media":0,"parent":0,"menu_order":0,"comment_status":"closed","ping_status":"closed","template":"","meta":{"spay_email":""},"yoast_head":"<!-- This site is optimized with the Yoast SEO plugin v18.8 - https:\/\/yoast.com\/wordpress\/plugins\/seo\/ -->\n<title>Env\u00edo de comunicaciones - IX Congreso Internacional sobre Educaci\u00f3n Biling\u00fce<\/title>\n<meta name=\"robots\" content=\"index, follow, max-snippet:-1, max-image-preview:large, max-video-preview:-1\" \/>\n<link rel=\"canonical\" href=\"https:\/\/grupo-ebei.com\/confbe\/2023\/envio-de-comunicaciones\/\" \/>\n<meta property=\"og:locale\" content=\"es_ES\" \/>\n<meta property=\"og:type\" content=\"article\" \/>\n<meta property=\"og:title\" content=\"Env\u00edo de comunicaciones - IX Congreso Internacional sobre Educaci\u00f3n Biling\u00fce\" \/>\n<meta property=\"og:url\" content=\"https:\/\/grupo-ebei.com\/confbe\/2023\/envio-de-comunicaciones\/\" \/>\n<meta property=\"og:site_name\" content=\"IX Congreso Internacional sobre Educaci\u00f3n Biling\u00fce\" \/>\n<meta property=\"article:modified_time\" content=\"2023-06-12T12:17:47+00:00\" \/>\n<meta property=\"og:image\" content=\"https:\/\/grupo-ebei.com\/confbe\/2023\/wp-content\/uploads\/2020\/09\/89130-wetransfer-default-logo-rgb-original-1365619064-1-300x69-1.png\" \/>\n<meta name=\"twitter:card\" content=\"summary_large_image\" \/>\n<meta name=\"twitter:label1\" content=\"Tiempo de lectura\" \/>\n\t<meta name=\"twitter:data1\" content=\"3 minutos\" \/>\n<script type=\"application\/ld+json\" class=\"yoast-schema-graph\">{\"@context\":\"https:\/\/schema.org\",\"@graph\":[{\"@type\":\"WebSite\",\"@id\":\"https:\/\/grupo-ebei.com\/confbe\/2023\/#website\",\"url\":\"https:\/\/grupo-ebei.com\/confbe\/2023\/\",\"name\":\"IX Congreso Internacional sobre Educaci\u00f3n Biling\u00fce\",\"description\":\"VIII International Conference on Bilingual Education\",\"potentialAction\":[{\"@type\":\"SearchAction\",\"target\":{\"@type\":\"EntryPoint\",\"urlTemplate\":\"https:\/\/grupo-ebei.com\/confbe\/2023\/?s={search_term_string}\"},\"query-input\":\"required name=search_term_string\"}],\"inLanguage\":\"es\"},{\"@type\":\"ImageObject\",\"inLanguage\":\"es\",\"@id\":\"https:\/\/grupo-ebei.com\/confbe\/2023\/envio-de-comunicaciones\/#primaryimage\",\"url\":\"https:\/\/grupo-ebei.com\/confbe\/2023\/wp-content\/uploads\/2020\/09\/89130-wetransfer-default-logo-rgb-original-1365619064-1-300x69-1.png\",\"contentUrl\":\"https:\/\/grupo-ebei.com\/confbe\/2023\/wp-content\/uploads\/2020\/09\/89130-wetransfer-default-logo-rgb-original-1365619064-1-300x69-1.png\",\"width\":300,\"height\":69},{\"@type\":\"WebPage\",\"@id\":\"https:\/\/grupo-ebei.com\/confbe\/2023\/envio-de-comunicaciones\/#webpage\",\"url\":\"https:\/\/grupo-ebei.com\/confbe\/2023\/envio-de-comunicaciones\/\",\"name\":\"Env\u00edo de comunicaciones - IX Congreso Internacional sobre Educaci\u00f3n Biling\u00fce\",\"isPartOf\":{\"@id\":\"https:\/\/grupo-ebei.com\/confbe\/2023\/#website\"},\"primaryImageOfPage\":{\"@id\":\"https:\/\/grupo-ebei.com\/confbe\/2023\/envio-de-comunicaciones\/#primaryimage\"},\"datePublished\":\"2020-09-07T08:40:34+00:00\",\"dateModified\":\"2023-06-12T12:17:47+00:00\",\"breadcrumb\":{\"@id\":\"https:\/\/grupo-ebei.com\/confbe\/2023\/envio-de-comunicaciones\/#breadcrumb\"},\"inLanguage\":\"es\",\"potentialAction\":[{\"@type\":\"ReadAction\",\"target\":[\"https:\/\/grupo-ebei.com\/confbe\/2023\/envio-de-comunicaciones\/\"]}]},{\"@type\":\"BreadcrumbList\",\"@id\":\"https:\/\/grupo-ebei.com\/confbe\/2023\/envio-de-comunicaciones\/#breadcrumb\",\"itemListElement\":[{\"@type\":\"ListItem\",\"position\":1,\"name\":\"Home\",\"item\":\"https:\/\/grupo-ebei.com\/confbe\/2023\/\"},{\"@type\":\"ListItem\",\"position\":2,\"name\":\"Env\u00edo de comunicaciones\"}]}]}<\/script>\n<!-- \/ Yoast SEO plugin. -->","yoast_head_json":{"title":"Env\u00edo de comunicaciones - IX Congreso Internacional sobre Educaci\u00f3n Biling\u00fce","robots":{"index":"index","follow":"follow","max-snippet":"max-snippet:-1","max-image-preview":"max-image-preview:large","max-video-preview":"max-video-preview:-1"},"canonical":"https:\/\/grupo-ebei.com\/confbe\/2023\/envio-de-comunicaciones\/","og_locale":"es_ES","og_type":"article","og_title":"Env\u00edo de comunicaciones - IX Congreso Internacional sobre Educaci\u00f3n Biling\u00fce","og_url":"https:\/\/grupo-ebei.com\/confbe\/2023\/envio-de-comunicaciones\/","og_site_name":"IX Congreso Internacional sobre Educaci\u00f3n Biling\u00fce","article_modified_time":"2023-06-12T12:17:47+00:00","og_image":[{"url":"https:\/\/grupo-ebei.com\/confbe\/2023\/wp-content\/uploads\/2020\/09\/89130-wetransfer-default-logo-rgb-original-1365619064-1-300x69-1.png"}],"twitter_card":"summary_large_image","twitter_misc":{"Tiempo de lectura":"3 minutos"},"schema":{"@context":"https:\/\/schema.org","@graph":[{"@type":"WebSite","@id":"https:\/\/grupo-ebei.com\/confbe\/2023\/#website","url":"https:\/\/grupo-ebei.com\/confbe\/2023\/","name":"IX Congreso Internacional sobre Educaci\u00f3n Biling\u00fce","description":"VIII International Conference on Bilingual Education","potentialAction":[{"@type":"SearchAction","target":{"@type":"EntryPoint","urlTemplate":"https:\/\/grupo-ebei.com\/confbe\/2023\/?s={search_term_string}"},"query-input":"required name=search_term_string"}],"inLanguage":"es"},{"@type":"ImageObject","inLanguage":"es","@id":"https:\/\/grupo-ebei.com\/confbe\/2023\/envio-de-comunicaciones\/#primaryimage","url":"https:\/\/grupo-ebei.com\/confbe\/2023\/wp-content\/uploads\/2020\/09\/89130-wetransfer-default-logo-rgb-original-1365619064-1-300x69-1.png","contentUrl":"https:\/\/grupo-ebei.com\/confbe\/2023\/wp-content\/uploads\/2020\/09\/89130-wetransfer-default-logo-rgb-original-1365619064-1-300x69-1.png","width":300,"height":69},{"@type":"WebPage","@id":"https:\/\/grupo-ebei.com\/confbe\/2023\/envio-de-comunicaciones\/#webpage","url":"https:\/\/grupo-ebei.com\/confbe\/2023\/envio-de-comunicaciones\/","name":"Env\u00edo de comunicaciones - IX Congreso Internacional sobre Educaci\u00f3n Biling\u00fce","isPartOf":{"@id":"https:\/\/grupo-ebei.com\/confbe\/2023\/#website"},"primaryImageOfPage":{"@id":"https:\/\/grupo-ebei.com\/confbe\/2023\/envio-de-comunicaciones\/#primaryimage"},"datePublished":"2020-09-07T08:40:34+00:00","dateModified":"2023-06-12T12:17:47+00:00","breadcrumb":{"@id":"https:\/\/grupo-ebei.com\/confbe\/2023\/envio-de-comunicaciones\/#breadcrumb"},"inLanguage":"es","potentialAction":[{"@type":"ReadAction","target":["https:\/\/grupo-ebei.com\/confbe\/2023\/envio-de-comunicaciones\/"]}]},{"@type":"BreadcrumbList","@id":"https:\/\/grupo-ebei.com\/confbe\/2023\/envio-de-comunicaciones\/#breadcrumb","itemListElement":[{"@type":"ListItem","position":1,"name":"Home","item":"https:\/\/grupo-ebei.com\/confbe\/2023\/"},{"@type":"ListItem","position":2,"name":"Env\u00edo de comunicaciones"}]}]}},"_links":{"self":[{"href":"https:\/\/grupo-ebei.com\/confbe\/2023\/wp-json\/wp\/v2\/pages\/10549"}],"collection":[{"href":"https:\/\/grupo-ebei.com\/confbe\/2023\/wp-json\/wp\/v2\/pages"}],"about":[{"href":"https:\/\/grupo-ebei.com\/confbe\/2023\/wp-json\/wp\/v2\/types\/page"}],"author":[{"embeddable":true,"href":"https:\/\/grupo-ebei.com\/confbe\/2023\/wp-json\/wp\/v2\/users\/1"}],"replies":[{"embeddable":true,"href":"https:\/\/grupo-ebei.com\/confbe\/2023\/wp-json\/wp\/v2\/comments?post=10549"}],"version-history":[{"count":23,"href":"https:\/\/grupo-ebei.com\/confbe\/2023\/wp-json\/wp\/v2\/pages\/10549\/revisions"}],"predecessor-version":[{"id":11160,"href":"https:\/\/grupo-ebei.com\/confbe\/2023\/wp-json\/wp\/v2\/pages\/10549\/revisions\/11160"}],"wp:attachment":[{"href":"https:\/\/grupo-ebei.com\/confbe\/2023\/wp-json\/wp\/v2\/media?parent=10549"}],"curies":[{"name":"wp","href":"https:\/\/api.w.org\/{rel}","templated":true}]}}