{"id":10341,"date":"2020-06-24T17:52:20","date_gmt":"2020-06-24T15:52:20","guid":{"rendered":"https:\/\/www.grupo-ebei.es\/confbe\/2020\/?page_id=10341"},"modified":"2023-05-16T09:47:13","modified_gmt":"2023-05-16T07:47:13","slug":"contacto","status":"publish","type":"page","link":"https:\/\/grupo-ebei.com\/confbe\/2023\/contacto\/","title":{"rendered":"Contacto"},"content":{"rendered":"<section class=\"l-section wpb_row height_auto color_primary with_shape\"><div class=\"l-section-shape type_wave pos_bottom\" style=\"height:10vh;\"><svg xmlns=\"http:\/\/www.w3.org\/2000\/svg\" viewBox=\"0 4 64 4\" preserveAspectRatio=\"none\" width=\"100%\" height=\"100%\">\r\n\t<path fill=\"currentColor\" d=\"M64 6 C32 0 32 12 0 6 L0 8 L64 8 Z\"\/>\r\n<\/svg><\/div><div class=\"l-section-h i-cf\"><div class=\"g-cols vc_row type_default valign_top\"><div class=\"vc_col-sm-12 wpb_column vc_column_container\"><div class=\"vc_column-inner\"><div class=\"wpb_wrapper\"><div class=\"w-separator size_small\"><\/div><div class=\"w-separator size_huge\"><\/div><\/div><\/div><\/div><\/div><\/div><\/section><section class=\"l-section wpb_row height_auto\"><div class=\"l-section-h i-cf\"><div class=\"g-cols vc_row type_default valign_top\"><div class=\"vc_col-sm-12 wpb_column vc_column_container\"><div class=\"vc_column-inner\"><div class=\"wpb_wrapper\"><div class=\"w-separator size_small\"><\/div><div class=\"w-separator size_large\"><\/div>[vc_custom_heading text=\u00bbIX Congreso Internacional sobre Educaci\u00f3n Biling\u00fce\u00bb font_container=\u00bbtag:h2|text_align:center\u00bb use_theme_fonts=\u00bbyes\u00bb css=\u00bb%7B%22default%22%3A%7B%22color%22%3A%22%23013e67%22%2C%22font-size%22%3A%222.5rem%22%2C%22margin-bottom%22%3A%220px%22%7D%7D\u00bb][vc_custom_heading text=\u00bbRellene el siguiente formulario de contacto y un miembro de nuestro equipo se pondr\u00e1 en contacto con usted a la mayor brevedad para solucionar su consulta.\u00bb font_container=\u00bbtag:p|text_align:center\u00bb use_theme_fonts=\u00bbyes\u00bb css=\u00bb%7B%22default%22%3A%7B%22color%22%3A%22%23013e67%22%2C%22font-weight%22%3A%22500%22%2C%22font-size%22%3A%221.2rem%22%2C%22margin-top%22%3A%2210px%22%2C%22margin-bottom%22%3A%2215px%22%2C%22padding-left%22%3A%2240px%22%2C%22padding-right%22%3A%2240px%22%7D%7D\u00bb][vc_raw_html]JTNDaHIlMjBzdHlsZSUzRCUyMmJvcmRlciUzQSUyMDAlM0IlMjBoZWlnaHQlM0ElMjAzcHglM0IlMjBiYWNrZ3JvdW5kLWltYWdlJTNBJTIwbGluZWFyLWdyYWRpZW50JTI4dG8lMjByaWdodCUyQyUyMHJnYmElMjgyMjglMkMyMzUlMkMyMzklMkMlMjAwJTI5JTJDJTIwcmdiYSUyODAlMkM3OSUyQzEzMiUyQyUyMDAuNzUlMjklMkMlMjByZ2JhJTI4MjI4JTJDMjM1JTJDMjM5JTJDJTIwMCUyOSUyOSUzQm1hcmdpbi10b3AlM0E1MHB4JTNCbWFyZ2luLWJvdHRvbSUzQTUwcHglM0J3aWR0aCUzQTEwMCUyNSUzQiUyMiUzRQ==[\/vc_raw_html]<div class=\"w-iconbox iconpos_top style_default color_custom align_center no_title no_text\"><div class=\"w-iconbox-icon\" style=\"color:#013e67;\"><i class=\"fas fa-chevron-down\"><\/i><\/div><div class=\"w-iconbox-meta\"><\/div><\/div><\/div><\/div><\/div><\/div><\/div><\/section><section class=\"l-section wpb_row height_auto\"><div class=\"l-section-h i-cf\"><div class=\"g-cols vc_row type_default valign_top gap-10px\"><style>.g-cols.gap-10px{margin:0 calc(-1.5rem - 10px)}.gap-10px > .vc_column_container {padding:10px}<\/style><div class=\"vc_col-sm-6 wpb_column vc_column_container\"><div class=\"vc_column-inner\"><div class=\"wpb_wrapper\"><div class=\"w-separator size_small\"><\/div>[vc_custom_heading text=\u00bbBuz\u00f3n de consultas\u00bb use_theme_fonts=\u00bbyes\u00bb css=\u00bb%7B%22default%22%3A%7B%22color%22%3A%22%23013e67%22%2C%22font-weight%22%3A%22500%22%2C%22font-size%22%3A%222rem%22%2C%22margin-top%22%3A%220px%22%2C%22margin-bottom%22%3A%2215px%22%7D%7D\u00bb]<div class=\"w-separator size_custom\" style=\"height:0.2rem;\"><\/div><div class=\"wpb_text_column us_custom_6c91cc95\" ><div class=\"wpb_wrapper\"><p align=\"justify\">En esta secci\u00f3n queremos responder a las preguntas que puedan surgir en torno al VIII Congreso Internacional sobre Educaci\u00f3n Biling\u00fce. Si desea realizar alguna consulta, informarnos sobre cualquier tipo de dificultad que haya constatado, problemas al acceder a los contenidos o si quiere hacer alguna sugerencia que nos pueda ayudar a mejorar el desarrollo del Congreso, puede ponerse en contacto con el equipo organizador a trav\u00e9s del buz\u00f3n de consultas disponible en esta secci\u00f3n. <b>El buz\u00f3n funciona mediante el correo electr\u00f3nico<\/b>, de forma que el usuario recibir\u00e1 la respuesta a su consulta en la direcci\u00f3n de correo electr\u00f3nico que indique en el mismo.<\/p>\n<\/div><\/div><div class=\"w-separator size_medium\"><\/div><div class=\"w-separator size_custom\" style=\"height:0.2rem;\"><\/div><div class=\"w-image us_custom_6c91cc95 align_center\"><div class=\"w-image-h\"><img width=\"200\" height=\"200\" src=\"data:image\/svg+xml,%3Csvg xmlns=%22http:\/\/www.w3.org\/2000\/svg%22 viewBox=%220 0 200 200%22%3E%3C\/svg%3E\" data-lazy-type=\"image\" data-src=\"https:\/\/grupo-ebei.com\/confbe\/2023\/wp-content\/uploads\/2023\/05\/SELLO-CONFBE2023-200x200.png\" class=\"lazy lazy-hidden attachment-us_200_200 size-us_200_200\" alt=\"\" loading=\"lazy\" srcset=\"\" data-srcset=\"https:\/\/grupo-ebei.com\/confbe\/2023\/wp-content\/uploads\/2023\/05\/SELLO-CONFBE2023.png 200w, https:\/\/grupo-ebei.com\/confbe\/2023\/wp-content\/uploads\/2023\/05\/SELLO-CONFBE2023-150x150.png 150w, https:\/\/grupo-ebei.com\/confbe\/2023\/wp-content\/uploads\/2023\/05\/SELLO-CONFBE2023-100x100.png 100w, https:\/\/grupo-ebei.com\/confbe\/2023\/wp-content\/uploads\/2023\/05\/SELLO-CONFBE2023-120x120.png 120w, https:\/\/grupo-ebei.com\/confbe\/2023\/wp-content\/uploads\/2023\/05\/SELLO-CONFBE2023-175x175.png 175w\" sizes=\"(max-width: 200px) 100vw, 200px\" \/><\/div><\/div><\/div><\/div><\/div><div class=\"vc_col-sm-6 wpb_column vc_column_container\"><div class=\"vc_column-inner\"><div class=\"wpb_wrapper\"><div class=\"w-separator size_medium\"><\/div><div class=\"wpb_text_column\" ><div class=\"wpb_wrapper\"><div role=\"form\" class=\"wpcf7\" id=\"wpcf7-f10504-o1\" lang=\"es-ES\" dir=\"ltr\">\n<div class=\"screen-reader-response\"><p role=\"status\" aria-live=\"polite\" aria-atomic=\"true\"><\/p> <ul><\/ul><\/div>\n<form action=\"\/confbe\/2023\/wp-json\/wp\/v2\/pages\/10341#wpcf7-f10504-o1\" method=\"post\" class=\"wpcf7-form init cf7-style\" novalidate=\"novalidate\" data-status=\"init\">\n<div style=\"display: none;\">\n<input type=\"hidden\" name=\"_wpcf7\" value=\"10504\" \/>\n<input type=\"hidden\" name=\"_wpcf7_version\" value=\"5.5.6\" \/>\n<input type=\"hidden\" name=\"_wpcf7_locale\" value=\"es_ES\" \/>\n<input type=\"hidden\" name=\"_wpcf7_unit_tag\" value=\"wpcf7-f10504-o1\" \/>\n<input type=\"hidden\" name=\"_wpcf7_container_post\" value=\"0\" \/>\n<input type=\"hidden\" name=\"_wpcf7_posted_data_hash\" value=\"\" \/>\n<input type=\"hidden\" name=\"_wpcf7cf_hidden_group_fields\" value=\"[]\" \/>\n<input type=\"hidden\" name=\"_wpcf7cf_hidden_groups\" value=\"[]\" \/>\n<input type=\"hidden\" name=\"_wpcf7cf_visible_groups\" value=\"[]\" \/>\n<input type=\"hidden\" name=\"_wpcf7cf_repeaters\" value=\"[]\" \/>\n<input type=\"hidden\" name=\"_wpcf7cf_steps\" value=\"{}\" \/>\n<input type=\"hidden\" name=\"_wpcf7cf_options\" value=\"{&quot;form_id&quot;:10504,&quot;conditions&quot;:[],&quot;settings&quot;:{&quot;animation&quot;:&quot;yes&quot;,&quot;animation_intime&quot;:200,&quot;animation_outtime&quot;:200,&quot;conditions_ui&quot;:&quot;normal&quot;,&quot;notice_dismissed&quot;:true}}\" \/>\n<\/div>\n<fieldset>\n<table width=\"80%\" cellspacing=\"0\" cellpadding=\"0\" bgcolor=\"#ffffff\" align=\"center\" style=\"mso-table-lspace:0pt;mso-table-rspace:0pt;border-collapse:collapse;border-spacing:0px;background: -webkit-linear-gradient(45deg,#00a3d9,#00194e);border-radius:7px 7px 7px 7px;\">\n<tr style=\"border-collapse:collapse;\">\n<tr style=\"border-collapse:collapse;\">\n<tr style=\"border-collapse:collapse;\">\n<td class=\"es-m-txt-c\" align=\"left\" style=\"Margin:0;padding-top:15px;padding-right:35px;padding-bottom:15px;width:100%;\">\n<h5 style=\"Margin:0px 50px 0px 50px;line-height:100%;mso-line-height-rule:exactly;font-family:'Open Sans', 'helvetica neue', helvetica, arial, sans-serif;font-size:20px;font-style:normal;font-weight:600;color:#FFFFFF; align-items: flex-start;\"><i class=\"fa fa-pencil fa-fw\" aria-hidden=\"true\"><\/i>&nbsp;&nbsp;&nbsp;<span style=\"color: #ffffff; line-height: 100%;\">INFORMACI\u00d3N DEL REMITENTE<\/span><\/h5>\n<\/td>\n<\/tr>\n<\/tr>\n<\/tr>\n<\/table>\n<p align=\"justify\" style=\"Margin:0;padding-top:10px;padding-left:20px;padding-right:20px;padding-bottom:0px;width:100%;font-family:'Open Sans', 'helvetica neue', helvetica, arial, sans-serif;font-size:16px;font-style:normal;font-weight:600;\"><label><strong>Nombre completo:<\/strong><\/label><\/p>\n<p align=\"justify\" style=\"Margin:0;padding-top:5px;padding-left:20px;padding-right:20px;padding-bottom:0px;width:100%;\"><span class=\"wpcf7-form-control-wrap nombre-participante\"><input type=\"text\" name=\"nombre-participante\" value=\"\" size=\"40\" class=\"wpcf7-form-control wpcf7-text wpcf7-validates-as-required\" id=\"limitacion-ancho-campo-cf7-500px\" aria-required=\"true\" aria-invalid=\"false\" \/><\/span><\/p>\n<p align=\"justify\" style=\"Margin:0;padding-top:20px;padding-left:20px;padding-right:20px;padding-bottom:0px;width:100%;font-family:'Open Sans', 'helvetica neue', helvetica, arial, sans-serif;font-size:16px;font-style:normal;font-weight:600;\"><label><strong>Correo electr\u00f3nico:<\/strong><\/label><\/p>\n<p align=\"justify\" style=\"Margin:0;padding-top:5px;padding-left:20px;padding-right:20px;padding-bottom:0px;width:100%;\"><span class=\"wpcf7-form-control-wrap email-participante\"><input type=\"email\" name=\"email-participante\" value=\"\" size=\"40\" class=\"wpcf7-form-control wpcf7-text wpcf7-email wpcf7-validates-as-required wpcf7-validates-as-email\" id=\"limitacion-ancho-campo-cf7-500px\" aria-required=\"true\" aria-invalid=\"false\" \/><\/span><\/p>\n<p><br><\/p>\n<table width=\"80%\" cellspacing=\"0\" cellpadding=\"0\" bgcolor=\"#ffffff\" align=\"center\" style=\"mso-table-lspace:0pt;mso-table-rspace:0pt;border-collapse:collapse;border-spacing:0px;background: -webkit-linear-gradient(45deg,#00a3d9,#00194e);border-radius:7px 7px 7px 7px;\">\n<tr style=\"border-collapse:collapse;\">\n<tr style=\"border-collapse:collapse;\">\n<tr style=\"border-collapse:collapse;\">\n<td class=\"es-m-txt-c\" align=\"left\" style=\"Margin:0;padding-top:15px;padding-right:35px;padding-bottom:15px;width:100%;\">\n<h5 style=\"Margin:0px 50px 0px 50px;line-height:100%;mso-line-height-rule:exactly;font-family:'Open Sans', 'helvetica neue', helvetica, arial, sans-serif;font-size:20px;font-style:normal;font-weight:600;color:#FFFFFF; align-items: flex-start;\"><i class=\"fa fa-pencil fa-fw\" aria-hidden=\"true\"><\/i>&nbsp;&nbsp;&nbsp;<span style=\"color: #ffffff; line-height: 100%;\">DATOS SOBRE SU CONSULTA<\/span><\/h5>\n<\/td>\n<\/tr>\n<\/tr>\n<\/tr>\n<\/table>\n<p align=\"justify\" style=\"Margin:0;padding-top:10px;padding-left:20px;padding-right:20px;padding-bottom:10px;width:80%;font-family:'Open Sans', 'helvetica neue', helvetica, arial, sans-serif;font-size:16px;font-style:normal;font-weight:600;\"><label><strong>Indique el motivo de su consulta:<\/strong><\/label><\/p>\n<p align=\"justify\" style=\"Margin:0;padding-top:0px;padding-left:20px;padding-right:20px;padding-bottom:0px;width:100%;\"><span class=\"wpcf7-form-control-wrap categoria-consulta\"><select name=\"categoria-consulta\" class=\"wpcf7-form-control wpcf7-select wpcf7-validates-as-required\" id=\"limitacion-ancho-campo-cf7-400px\" aria-required=\"true\" aria-invalid=\"false\"><option value=\"\">---<\/option><option value=\"CONSULTA GENERAL SOBRE EL CONGRESO\">CONSULTA GENERAL SOBRE EL CONGRESO<\/option><option value=\"PROCEDIMIENTO DE INSCRIPCI\u00d3N\">PROCEDIMIENTO DE INSCRIPCI\u00d3N<\/option><option value=\"ENV\u00cdO DE RES\u00daMENES\">ENV\u00cdO DE RES\u00daMENES<\/option><option value=\"PUBLICACIONES DERIVADAS DEL CONGRESO\">PUBLICACIONES DERIVADAS DEL CONGRESO<\/option><option value=\"DETALLES Y OPORTUNIDADES DE PATROCINIO\">DETALLES Y OPORTUNIDADES DE PATROCINIO<\/option><option value=\"CONSULTA T\u00c9CNICA\">CONSULTA T\u00c9CNICA<\/option><\/select><\/span><\/p>\n<p align=\"justify\" style=\"Margin:0;padding-top:20px;padding-left:20px;padding-right:20px;padding-bottom:0px;width:100%;font-family:'Open Sans', 'helvetica neue', helvetica, arial, sans-serif;font-size:16px;font-style:normal;font-weight:600;\"><label>Escriba aqu\u00ed su consulta:<\/label><\/p>\n<p align=\"justify\" style=\"Margin:0;padding-top:5px;padding-left:20px;padding-right:20px;padding-bottom:0px;width:100%;\"><span class=\"wpcf7-form-control-wrap consulta\"><textarea name=\"consulta\" cols=\"40\" rows=\"10\" class=\"wpcf7-form-control wpcf7-textarea wpcf7-validates-as-required\" aria-required=\"true\" aria-invalid=\"false\"><\/textarea><\/span><\/p>\n<hr style=\"border: 0; height: 3px; background-image: linear-gradient(to right, rgba(228,235,239, 0), rgba(0,79,132, 0.75), rgba(228,235,239, 0));margin-top:50px;margin-bottom:50px;width:100%;\">\n<p>\t<center><input type=\"submit\" value=\"Enviar consulta\" class=\"wpcf7-form-control has-spinner wpcf7-submit\" \/><\/center><br \/>\n<br><br \/>\n<\/fieldset>\n<p style=\"display: none !important;\"><label>&#916;<textarea name=\"_wpcf7_ak_hp_textarea\" cols=\"45\" rows=\"8\" maxlength=\"100\"><\/textarea><\/label><input type=\"hidden\" id=\"ak_js_1\" name=\"_wpcf7_ak_js\" value=\"87\"\/><script>document.getElementById( \"ak_js_1\" ).setAttribute( \"value\", ( new Date() ).getTime() );<\/script><\/p><input type='hidden' class='wpcf7-pum' value='{\"closepopup\":false,\"closedelay\":0,\"openpopup\":false,\"openpopup_id\":0}' \/><div class=\"wpcf7-response-output\" aria-hidden=\"true\"><\/div><\/form><\/div>\n<\/div><\/div><\/div><\/div><\/div><\/div><\/div><\/section><section class=\"l-section wpb_row height_auto\"><div class=\"l-section-h i-cf\"><div class=\"g-cols vc_row type_default valign_top\"><div class=\"vc_col-sm-12 wpb_column vc_column_container\"><div class=\"vc_column-inner\"><div class=\"wpb_wrapper\">[vc_raw_html]JTNDaHIlMjBzdHlsZSUzRCUyMmJvcmRlciUzQSUyMDAlM0IlMjBoZWlnaHQlM0ElMjAzcHglM0IlMjBiYWNrZ3JvdW5kLWltYWdlJTNBJTIwbGluZWFyLWdyYWRpZW50JTI4dG8lMjByaWdodCUyQyUyMHJnYmElMjgyMjglMkMyMzUlMkMyMzklMkMlMjAwJTI5JTJDJTIwcmdiYSUyODAlMkM3OSUyQzEzMiUyQyUyMDAuNzUlMjklMkMlMjByZ2JhJTI4MjI4JTJDMjM1JTJDMjM5JTJDJTIwMCUyOSUyOSUzQm1hcmdpbi10b3AlM0E1MHB4JTNCbWFyZ2luLWJvdHRvbSUzQTUwcHglM0J3aWR0aCUzQTEwMCUyNSUzQiUyMiUzRQ==[\/vc_raw_html]<div class=\"w-separator size_small\"><\/div><div class=\"w-separator size_huge\"><\/div><\/div><\/div><\/div><\/div><\/div><\/section><section class=\"l-section wpb_row height_custom color_primary with_shape\"><div class=\"l-section-shape type_wave pos_bottom\" style=\"height:10vh;\"><svg xmlns=\"http:\/\/www.w3.org\/2000\/svg\" viewBox=\"0 4 64 4\" preserveAspectRatio=\"none\" width=\"100%\" height=\"100%\">\r\n\t<path fill=\"currentColor\" d=\"M64 6 C32 0 32 12 0 6 L0 8 L64 8 Z\"\/>\r\n<\/svg><\/div><div class=\"l-section-h i-cf\"><div class=\"g-cols vc_row type_default valign_top\"><div class=\"vc_col-sm-12 wpb_column vc_column_container\"><div class=\"vc_column-inner\"><div class=\"wpb_wrapper\">[vc_raw_html]JTNDJTJGaSUzRQ==[\/vc_raw_html][vc_custom_heading text=\u00bbAcceda a la Plataforma para env\u00edo de comunicaciones\u00bb font_container=\u00bbtag:h2|text_align:center\u00bb use_theme_fonts=\u00bbyes\u00bb css=\u00bb%7B%22default%22%3A%7B%22color%22%3A%22%23ffffff%22%2C%22font-weight%22%3A%22600%22%2C%22font-style%22%3A%22normal%22%7D%7D\u00bb][vc_raw_html]JTNDJTJGaSUzRQ==[\/vc_raw_html][vc_custom_heading text=\u00bbAseg\u00farese de haber realizado correctamente el proceso de inscripci\u00f3n siguiendo los pasos descritos en el apartado \u201cProcedimiento de inscripci\u00f3n\u201d.\u00bb font_container=\u00bbtag:p|text_align:center\u00bb use_theme_fonts=\u00bbyes\u00bb css=\u00bb%7B%22default%22%3A%7B%22color%22%3A%22%23ffffff%22%2C%22font-weight%22%3A%22500%22%2C%22font-style%22%3A%22normal%22%2C%22font-size%22%3A%221rem%22%7D%7D\u00bb]<div class=\"w-separator size_small\"><\/div><div class=\"w-btn-wrapper width_auto align_center\"><a class=\"w-btn us-btn-style_4\" href=\"https:\/\/grupo-ebei.com\/confbe\/ojsebei\/index.php\/confbe2023\/\" target=\"_blank\" rel=\"noopener\"><span class=\"w-btn-label\">ACCESO PLATAFORMA OJS<\/span><\/a><\/div><div class=\"w-separator size_medium\"><\/div><\/div><\/div><\/div><\/div><\/div><\/section>","protected":false},"excerpt":{"rendered":"[vc_custom_heading text=\"IX Congreso Internacional sobre Educaci\u00f3n Biling\u00fce\" font_container=\"tag:h2|text_align:center\" use_theme_fonts=\"yes\" css=\"%7B%22default%22%3A%7B%22color%22%3A%22%23013e67%22%2C%22font-size%22%3A%222.5rem%22%2C%22margin-bottom%22%3A%220px%22%7D%7D\"][vc_custom_heading text=\"Rellene el siguiente formulario de contacto y un miembro de nuestro equipo se pondr\u00e1 en contacto con usted a la mayor brevedad para solucionar su consulta.\" font_container=\"tag:p|text_align:center\" use_theme_fonts=\"yes\" css=\"%7B%22default%22%3A%7B%22color%22%3A%22%23013e67%22%2C%22font-weight%22%3A%22500%22%2C%22font-size%22%3A%221.2rem%22%2C%22margin-top%22%3A%2210px%22%2C%22margin-bottom%22%3A%2215px%22%2C%22padding-left%22%3A%2240px%22%2C%22padding-right%22%3A%2240px%22%7D%7D\"][vc_raw_html]JTNDaHIlMjBzdHlsZSUzRCUyMmJvcmRlciUzQSUyMDAlM0IlMjBoZWlnaHQlM0ElMjAzcHglM0IlMjBiYWNrZ3JvdW5kLWltYWdlJTNBJTIwbGluZWFyLWdyYWRpZW50JTI4dG8lMjByaWdodCUyQyUyMHJnYmElMjgyMjglMkMyMzUlMkMyMzklMkMlMjAwJTI5JTJDJTIwcmdiYSUyODAlMkM3OSUyQzEzMiUyQyUyMDAuNzUlMjklMkMlMjByZ2JhJTI4MjI4JTJDMjM1JTJDMjM5JTJDJTIwMCUyOSUyOSUzQm1hcmdpbi10b3AlM0E1MHB4JTNCbWFyZ2luLWJvdHRvbSUzQTUwcHglM0J3aWR0aCUzQTEwMCUyNSUzQiUyMiUzRQ==[\/vc_raw_html][vc_custom_heading text=\"Buz\u00f3n de consultas\" use_theme_fonts=\"yes\" css=\"%7B%22default%22%3A%7B%22color%22%3A%22%23013e67%22%2C%22font-weight%22%3A%22500%22%2C%22font-size%22%3A%222rem%22%2C%22margin-top%22%3A%220px%22%2C%22margin-bottom%22%3A%2215px%22%7D%7D\"]En esta secci\u00f3n queremos responder a las preguntas que puedan surgir en...","protected":false},"author":1,"featured_media":0,"parent":0,"menu_order":0,"comment_status":"closed","ping_status":"closed","template":"","meta":{"spay_email":""},"yoast_head":"<!-- This site is optimized with the Yoast SEO plugin v18.8 - https:\/\/yoast.com\/wordpress\/plugins\/seo\/ -->\n<title>Contacto - IX Congreso Internacional sobre Educaci\u00f3n Biling\u00fce<\/title>\n<meta name=\"robots\" content=\"index, follow, max-snippet:-1, max-image-preview:large, max-video-preview:-1\" \/>\n<link rel=\"canonical\" href=\"https:\/\/grupo-ebei.com\/confbe\/2023\/contacto\/\" \/>\n<meta property=\"og:locale\" content=\"es_ES\" \/>\n<meta property=\"og:type\" content=\"article\" \/>\n<meta property=\"og:title\" content=\"Contacto - IX Congreso Internacional sobre Educaci\u00f3n Biling\u00fce\" \/>\n<meta property=\"og:url\" content=\"https:\/\/grupo-ebei.com\/confbe\/2023\/contacto\/\" \/>\n<meta property=\"og:site_name\" content=\"IX Congreso Internacional sobre Educaci\u00f3n Biling\u00fce\" \/>\n<meta property=\"article:modified_time\" content=\"2023-05-16T07:47:13+00:00\" \/>\n<meta name=\"twitter:card\" content=\"summary_large_image\" \/>\n<meta name=\"twitter:label1\" content=\"Tiempo de lectura\" \/>\n\t<meta name=\"twitter:data1\" content=\"2 minutos\" \/>\n<script type=\"application\/ld+json\" class=\"yoast-schema-graph\">{\"@context\":\"https:\/\/schema.org\",\"@graph\":[{\"@type\":\"WebSite\",\"@id\":\"https:\/\/grupo-ebei.com\/confbe\/2023\/#website\",\"url\":\"https:\/\/grupo-ebei.com\/confbe\/2023\/\",\"name\":\"IX Congreso Internacional sobre Educaci\u00f3n Biling\u00fce\",\"description\":\"VIII International Conference on Bilingual Education\",\"potentialAction\":[{\"@type\":\"SearchAction\",\"target\":{\"@type\":\"EntryPoint\",\"urlTemplate\":\"https:\/\/grupo-ebei.com\/confbe\/2023\/?s={search_term_string}\"},\"query-input\":\"required name=search_term_string\"}],\"inLanguage\":\"es\"},{\"@type\":\"WebPage\",\"@id\":\"https:\/\/grupo-ebei.com\/confbe\/2023\/contacto\/#webpage\",\"url\":\"https:\/\/grupo-ebei.com\/confbe\/2023\/contacto\/\",\"name\":\"Contacto - IX Congreso Internacional sobre Educaci\u00f3n Biling\u00fce\",\"isPartOf\":{\"@id\":\"https:\/\/grupo-ebei.com\/confbe\/2023\/#website\"},\"datePublished\":\"2020-06-24T15:52:20+00:00\",\"dateModified\":\"2023-05-16T07:47:13+00:00\",\"breadcrumb\":{\"@id\":\"https:\/\/grupo-ebei.com\/confbe\/2023\/contacto\/#breadcrumb\"},\"inLanguage\":\"es\",\"potentialAction\":[{\"@type\":\"ReadAction\",\"target\":[\"https:\/\/grupo-ebei.com\/confbe\/2023\/contacto\/\"]}]},{\"@type\":\"BreadcrumbList\",\"@id\":\"https:\/\/grupo-ebei.com\/confbe\/2023\/contacto\/#breadcrumb\",\"itemListElement\":[{\"@type\":\"ListItem\",\"position\":1,\"name\":\"Home\",\"item\":\"https:\/\/grupo-ebei.com\/confbe\/2023\/\"},{\"@type\":\"ListItem\",\"position\":2,\"name\":\"Contacto\"}]}]}<\/script>\n<!-- \/ Yoast SEO plugin. -->","yoast_head_json":{"title":"Contacto - IX Congreso Internacional sobre Educaci\u00f3n Biling\u00fce","robots":{"index":"index","follow":"follow","max-snippet":"max-snippet:-1","max-image-preview":"max-image-preview:large","max-video-preview":"max-video-preview:-1"},"canonical":"https:\/\/grupo-ebei.com\/confbe\/2023\/contacto\/","og_locale":"es_ES","og_type":"article","og_title":"Contacto - IX Congreso Internacional sobre Educaci\u00f3n Biling\u00fce","og_url":"https:\/\/grupo-ebei.com\/confbe\/2023\/contacto\/","og_site_name":"IX Congreso Internacional sobre Educaci\u00f3n Biling\u00fce","article_modified_time":"2023-05-16T07:47:13+00:00","twitter_card":"summary_large_image","twitter_misc":{"Tiempo de lectura":"2 minutos"},"schema":{"@context":"https:\/\/schema.org","@graph":[{"@type":"WebSite","@id":"https:\/\/grupo-ebei.com\/confbe\/2023\/#website","url":"https:\/\/grupo-ebei.com\/confbe\/2023\/","name":"IX Congreso Internacional sobre Educaci\u00f3n Biling\u00fce","description":"VIII International Conference on Bilingual Education","potentialAction":[{"@type":"SearchAction","target":{"@type":"EntryPoint","urlTemplate":"https:\/\/grupo-ebei.com\/confbe\/2023\/?s={search_term_string}"},"query-input":"required name=search_term_string"}],"inLanguage":"es"},{"@type":"WebPage","@id":"https:\/\/grupo-ebei.com\/confbe\/2023\/contacto\/#webpage","url":"https:\/\/grupo-ebei.com\/confbe\/2023\/contacto\/","name":"Contacto - IX Congreso Internacional sobre Educaci\u00f3n Biling\u00fce","isPartOf":{"@id":"https:\/\/grupo-ebei.com\/confbe\/2023\/#website"},"datePublished":"2020-06-24T15:52:20+00:00","dateModified":"2023-05-16T07:47:13+00:00","breadcrumb":{"@id":"https:\/\/grupo-ebei.com\/confbe\/2023\/contacto\/#breadcrumb"},"inLanguage":"es","potentialAction":[{"@type":"ReadAction","target":["https:\/\/grupo-ebei.com\/confbe\/2023\/contacto\/"]}]},{"@type":"BreadcrumbList","@id":"https:\/\/grupo-ebei.com\/confbe\/2023\/contacto\/#breadcrumb","itemListElement":[{"@type":"ListItem","position":1,"name":"Home","item":"https:\/\/grupo-ebei.com\/confbe\/2023\/"},{"@type":"ListItem","position":2,"name":"Contacto"}]}]}},"_links":{"self":[{"href":"https:\/\/grupo-ebei.com\/confbe\/2023\/wp-json\/wp\/v2\/pages\/10341"}],"collection":[{"href":"https:\/\/grupo-ebei.com\/confbe\/2023\/wp-json\/wp\/v2\/pages"}],"about":[{"href":"https:\/\/grupo-ebei.com\/confbe\/2023\/wp-json\/wp\/v2\/types\/page"}],"author":[{"embeddable":true,"href":"https:\/\/grupo-ebei.com\/confbe\/2023\/wp-json\/wp\/v2\/users\/1"}],"replies":[{"embeddable":true,"href":"https:\/\/grupo-ebei.com\/confbe\/2023\/wp-json\/wp\/v2\/comments?post=10341"}],"version-history":[{"count":53,"href":"https:\/\/grupo-ebei.com\/confbe\/2023\/wp-json\/wp\/v2\/pages\/10341\/revisions"}],"predecessor-version":[{"id":11147,"href":"https:\/\/grupo-ebei.com\/confbe\/2023\/wp-json\/wp\/v2\/pages\/10341\/revisions\/11147"}],"wp:attachment":[{"href":"https:\/\/grupo-ebei.com\/confbe\/2023\/wp-json\/wp\/v2\/media?parent=10341"}],"curies":[{"name":"wp","href":"https:\/\/api.w.org\/{rel}","templated":true}]}}