{"id":10071,"date":"2020-06-17T12:53:49","date_gmt":"2020-06-17T10:53:49","guid":{"rendered":"https:\/\/www.grupo-ebei.es\/confbe\/2020\/?page_id=10071"},"modified":"2023-09-12T14:59:02","modified_gmt":"2023-09-12T12:59:02","slug":"organizacion","status":"publish","type":"page","link":"https:\/\/grupo-ebei.com\/confbe\/2023\/organizacion\/","title":{"rendered":"Organizaci\u00f3n y comit\u00e9s"},"content":{"rendered":"<section class=\"l-section wpb_row height_custom\"><div class=\"l-section-h i-cf\"><div class=\"g-cols vc_row type_default valign_top\"><div class=\"vc_col-sm-12 wpb_column vc_column_container\"><div class=\"vc_column-inner\"><div class=\"wpb_wrapper\"><div class=\"wpb_text_column\" ><div class=\"wpb_wrapper\"><\/div><\/div><\/div><\/div><\/div><\/div><\/div><\/section><section class=\"l-section wpb_row height_auto color_primary with_shape\"><div class=\"l-section-shape type_wave pos_bottom\" style=\"height:10vh;\"><svg xmlns=\"http:\/\/www.w3.org\/2000\/svg\" viewBox=\"0 4 64 4\" preserveAspectRatio=\"none\" width=\"100%\" height=\"100%\">\r\n\t<path fill=\"currentColor\" d=\"M64 6 C32 0 32 12 0 6 L0 8 L64 8 Z\"\/>\r\n<\/svg><\/div><div class=\"l-section-h i-cf\"><div class=\"g-cols vc_row type_default valign_top\"><div class=\"vc_col-sm-12 wpb_column vc_column_container\"><div class=\"vc_column-inner\"><div class=\"wpb_wrapper\"><div class=\"w-separator size_small\"><\/div><div class=\"w-separator size_huge\"><\/div><\/div><\/div><\/div><\/div><\/div><\/section><section class=\"l-section wpb_row height_auto\"><div class=\"l-section-h i-cf\"><div class=\"g-cols vc_row type_default valign_top\"><div class=\"vc_col-sm-12 wpb_column vc_column_container\"><div class=\"vc_column-inner\"><div class=\"wpb_wrapper\"><div class=\"w-separator size_small\"><\/div><div class=\"w-separator size_large\"><\/div>[vc_custom_heading text=\u00bbIX Congreso Internacional sobre Educaci\u00f3n Biling\u00fce\u00bb font_container=\u00bbtag:h2|text_align:center\u00bb use_theme_fonts=\u00bbyes\u00bb css=\u00bb%7B%22default%22%3A%7B%22color%22%3A%22%23013e67%22%2C%22font-size%22%3A%222.5rem%22%2C%22margin-bottom%22%3A%220px%22%7D%7D\u00bb][vc_custom_heading text=\u00bbOrganizaci\u00f3n y Comit\u00e9s\u00bb font_container=\u00bbtag:h2|text_align:center\u00bb use_theme_fonts=\u00bbyes\u00bb css=\u00bb%7B%22default%22%3A%7B%22color%22%3A%22%23013e67%22%2C%22font-weight%22%3A%22500%22%2C%22font-size%22%3A%221.4rem%22%2C%22margin-top%22%3A%220px%22%2C%22margin-bottom%22%3A%2215px%22%7D%7D\u00bb]<div class=\"w-separator size_custom\" style=\"height:1rem;\"><\/div><div class=\"w-separator size_custom with_line width_default thick_2 style_solid color_border align_center\" style=\"height:2rem;\"><div class=\"w-separator-h\"><\/div><\/div><div class=\"w-separator size_small\"><\/div>[vc_custom_heading text=\u00bbPresidencia\u00bb font_container=\u00bbtag:p|text_align:center\u00bb use_theme_fonts=\u00bbyes\u00bb css=\u00bb%7B%22default%22%3A%7B%22color%22%3A%22%23013e67%22%2C%22font-weight%22%3A%22600%22%2C%22font-size%22%3A%221.5rem%22%7D%7D\u00bb]<div class=\"wpb_text_column\" ><div class=\"wpb_wrapper\"><p><code style=\"display: none;\"><br \/>\n<\/code><\/p>\n<div class=\"wpb_text_column wpb_content_element wpb_animate_when_almost_visible wpb_fadeInUp fadeInUp wpb_start_animation animated\"><code style=\"display: none;\"><br \/>\n<\/code><\/p>\n<div class=\"wpb_wrapper\"><code style=\"display: none;\"><br \/>\n<\/code><\/p>\n<p align=\"center\">Mar\u00eda Elena G\u00f3mez Parra, <em>Universidad de C\u00f3rdoba (Espa\u00f1a).<\/em>\u00a0<\/p>\n<p><code style=\"display: none;\"><br \/>\n<\/code><code style=\"display: none;\"><br \/>\n<\/code><\/div>\n<p><code style=\"display: none;\"><br \/>\n<\/code><\/div>\n<p><code style=\"display: none;\"><br \/>\n<\/code><\/p>\n<\/div><\/div><div class=\"w-separator size_small\"><\/div><div class=\"w-separator size_custom with_line width_default thick_2 style_solid color_border align_center\" style=\"height:2rem;\"><div class=\"w-separator-h\"><\/div><\/div><div class=\"w-separator size_small\"><\/div>[vc_custom_heading text=\u00bbVicepresidencia\u00bb font_container=\u00bbtag:p|text_align:center\u00bb use_theme_fonts=\u00bbyes\u00bb css=\u00bb%7B%22default%22%3A%7B%22color%22%3A%22%23013e67%22%2C%22font-weight%22%3A%22600%22%2C%22font-size%22%3A%221.5rem%22%7D%7D\u00bb]<div class=\"wpb_text_column\" ><div class=\"wpb_wrapper\"><p><code style=\"display: none;\"><br \/>\n<\/code><\/p>\n<div class=\"wpb_text_column wpb_content_element wpb_animate_when_almost_visible wpb_fadeInUp fadeInUp wpb_start_animation animated\"><code style=\"display: none;\"><br \/>\n<\/code><\/p>\n<div class=\"wpb_wrapper\"><code style=\"display: none;\"><br \/>\n<\/code><\/p>\n<p align=\"center\">Leonor Mar\u00eda\u00a0Mart\u00ednez Serrano, <em>Universidad de C\u00f3rdoba (Espa\u00f1a).<\/em>\u00a0<\/p>\n<p><code style=\"display: none;\"><br \/>\n<\/code><code style=\"display: none;\"><br \/>\n<\/code><\/div>\n<p><code style=\"display: none;\"><br \/>\n<\/code><\/div>\n<p><code style=\"display: none;\"><br \/>\n<\/code><\/p>\n<\/div><\/div><div class=\"w-separator size_small\"><\/div><div class=\"w-separator size_custom with_line width_default thick_2 style_solid color_border align_center\" style=\"height:2rem;\"><div class=\"w-separator-h\"><\/div><\/div><div class=\"w-separator size_small\"><\/div>[vc_custom_heading text=\u00bbPresidencia de Honor\u00bb font_container=\u00bbtag:p|text_align:center\u00bb use_theme_fonts=\u00bbyes\u00bb css=\u00bb%7B%22default%22%3A%7B%22color%22%3A%22%23013e67%22%2C%22font-weight%22%3A%22600%22%2C%22font-size%22%3A%221.5rem%22%7D%7D\u00bb]<div class=\"wpb_text_column\" ><div class=\"wpb_wrapper\"><p align=\"center\">Richard Johnstone <i>(University of Stirling \u2013 UK) <\/i><\/p>\n<p align=\"center\">Ofelia Garc\u00eda <i>(The City University of New York)<\/i><\/p>\n<\/div><\/div><div class=\"w-separator size_small\"><\/div><div class=\"w-separator size_custom with_line width_default thick_2 style_solid color_border align_center\" style=\"height:2rem;\"><div class=\"w-separator-h\"><\/div><\/div><div class=\"w-separator size_small\"><\/div>[vc_custom_heading text=\u00bbSecretar\u00eda\u00bb font_container=\u00bbtag:p|text_align:center\u00bb use_theme_fonts=\u00bbyes\u00bb css=\u00bb%7B%22default%22%3A%7B%22color%22%3A%22%23013e67%22%2C%22font-weight%22%3A%22600%22%2C%22font-size%22%3A%221.5rem%22%7D%7D\u00bb]<div class=\"wpb_text_column\" ><div class=\"wpb_wrapper\"><p align=\"center\">Adela Gonz\u00e1lez Fern\u00e1ndez, <em>Universidad de C\u00f3rdoba (Espa\u00f1a).<\/em><\/p>\n<\/div><\/div><div class=\"w-separator size_small\"><\/div><div class=\"w-separator size_custom with_line width_default thick_2 style_solid color_border align_center\" style=\"height:2rem;\"><div class=\"w-separator-h\"><\/div><\/div><div class=\"w-separator size_small\"><\/div>[vc_custom_heading text=\u00bbSecretar\u00eda T\u00e9cnica\u00bb font_container=\u00bbtag:p|text_align:center\u00bb use_theme_fonts=\u00bbyes\u00bb css=\u00bb%7B%22default%22%3A%7B%22color%22%3A%22%23013e67%22%2C%22font-weight%22%3A%22600%22%2C%22font-size%22%3A%221.5rem%22%7D%7D\u00bb]<div class=\"wpb_text_column\" ><div class=\"wpb_wrapper\"><p><code style=\"display: none;\"><br \/>\n<\/code><\/p>\n<p align=\"center\">Antonio\u00a0Jes\u00fas Rodr\u00edguez Tinedo\u00a0, <em>Universidad Nacional de Educaci\u00f3n a Distancia, UNED (Espa\u00f1a).<\/em><\/p>\n<p align=\"center\">Mar\u00eda Jos\u00e9 Salinas Ranero, Universidad de C\u00f3rdoba (Espa\u00f1a).<\/p>\n<\/div><\/div><div class=\"w-separator size_small\"><\/div><div class=\"w-separator size_custom with_line width_default thick_2 style_solid color_border align_center\" style=\"height:2rem;\"><div class=\"w-separator-h\"><\/div><\/div><div class=\"w-separator size_small\"><\/div>[vc_custom_heading text=\u00bbTesorero\u00bb font_container=\u00bbtag:p|text_align:center\u00bb use_theme_fonts=\u00bbyes\u00bb css=\u00bb%7B%22default%22%3A%7B%22color%22%3A%22%23013e67%22%2C%22font-weight%22%3A%22600%22%2C%22font-size%22%3A%221.5rem%22%7D%7D\u00bb]<div class=\"wpb_text_column\" ><div class=\"wpb_wrapper\"><p align=\"center\">Emilio Arjona Crespo, <em>Universidad de C\u00f3rdoba (Espa\u00f1a).<\/em><\/p>\n<\/div><\/div><div class=\"w-separator size_small\"><\/div><div class=\"w-separator size_custom with_line width_default thick_2 style_solid color_border align_center\" style=\"height:2rem;\"><div class=\"w-separator-h\"><\/div><\/div><div class=\"w-separator size_small\"><\/div><div class=\"w-separator size_small\"><\/div><div class=\"w-actionbox us_custom_931c144d color_primary controls_right\"><div class=\"w-actionbox-text\"><h4 style=\"font-size:1.9rem;\">Comit\u00e9 Cient\u00edfico<\/h4><\/div><\/div><div class=\"w-separator size_small\"><\/div><div class=\"w-separator size_small\"><\/div><div class=\"wpb_text_column\" ><div class=\"wpb_wrapper\"><p><code style=\"display: none;\"><br \/>\n<\/code><code style=\"display: none;\"><br \/>\n<\/code><code style=\"display: none;\">    <\/code><\/p>\n<ul>\n<ul>\n<li style=\"list-style-type: none;\"><code style=\"display: none;\"><br \/>\n<\/code><\/li>\n<ul><\/ul>\n<\/ul>\n<\/ul>\n<p><code style=\"display: none;\"><br \/>\n<\/code><code style=\"display: none;\">    <\/code><\/p>\n<ul>\n<ul>\n<ul>\n<li style=\"list-style-type: none;\"><code style=\"display: none;\"><br \/>\n<\/code><\/li>\n<\/ul>\n<\/ul>\n<\/ul>\n<p><code style=\"display: none;\"><br \/>\n<\/code><code style=\"display: none;\"><br \/>\n<\/code><code style=\"display: none;\"><br \/>\n<\/code><code style=\"display: none;\"><br \/>\n<\/code><\/p>\n<ul>\n<li>Mar\u00eda\u00a0Elena G\u00f3mez Parra, Universidad de C\u00f3rdoba (Espa\u00f1a)<\/li>\n<li>Leonor\u00a0Mar\u00eda Mart\u00ednez Serrano, Universidad de C\u00f3rdoba (Espa\u00f1a)<\/li>\n<li>Stefka\u00a0Kitanova, Universidad de Sof\u00eda (Bulgaria)<\/li>\n<li>Adela\u00a0Gonz\u00e1lez Fern\u00e1ndez, Universidad de C\u00f3rdoba (Espa\u00f1a)<\/li>\n<li>Irina\u00a0Golubeva, Universidad de Baltimore (USA)<\/li>\n<li>Francisco\u00a0J. Mart\u00edn P\u00e1rraga, Universidad de C\u00f3rdoba (Espa\u00f1a)<\/li>\n<li>Violeta\u00a0Miguel P\u00e9rez, Universidad Camilo Jos\u00e9 Cela (Espa\u00f1a)<\/li>\n<li>Maaikke\u00a0Bremmers Geenen, Fontys (Pa\u00edses Bajos)<\/li>\n<li>Barbara\u00a0Muszynska, Universidad de Lower Silesia &#8211; Wroclaw (Polonia)<\/li>\n<li>Antonio\u00a0R. Raig\u00f3n Rodr\u00edguez, Universidad de C\u00f3rdoba (Espa\u00f1a)<\/li>\n<li>Joanna\u00a0Pfingstorn, Universidad de Bremen (Alemania)<\/li>\n<li>\u00c1ngela\u00a0Mar\u00eda Larrea Espinar, Universidad de C\u00f3rdoba (Espa\u00f1a)<\/li>\n<li>Dalila\u00a0Mar\u00eda Lino, Universidad de Lisboa (Portugal)<\/li>\n<li>Juan\u00a0de Dios Torralbo Caballero, Universidad de C\u00f3rdoba (Espa\u00f1a)<\/li>\n<li>Sylwester\u00a0\u0141odej, Universidad Jan Kochanowski (Polonia)<\/li>\n<li>Cristina\u00a0Mar\u00eda G\u00e1mez Fern\u00e1ndez, Universidad de C\u00f3rdoba (Espa\u00f1a)<\/li>\n<li>Francisco Javier Mart\u00edn P\u00e1rraga, Universidad de C\u00f3rdoba (Espa\u00f1a)<\/li>\n<li>Esra\u00a0Molu, Universidad del M\u00e1rmara (Turqu\u00eda)<\/li>\n<li>Antonio\u00a0R. Rold\u00e1n Tapia, IES Alhaken II\u00a0\u2013\u00a0C\u00f3rdoba (Espa\u00f1a)<\/li>\n<li>Mich\u00e9le\u00a0Catroux, Universidad de Burdeos (Francia)<\/li>\n<li>Mercedes\u00a0Osuna Rodr\u00edguez, Universidad de C\u00f3rdoba (Espa\u00f1a)<\/li>\n<li>Patricia\u00a0Arn\u00e1iz Castro, Universidad de Las Palmas de Gran Canaria (Espa\u00f1a)<\/li>\n<li>Valerie\u00a0Lemeur, ESPE de Bret\u00e1gne (Francia)<\/li>\n<li>Pilar\u00a0Couto Cantero, Universidad de La Coru\u00f1a (Espa\u00f1a)<\/li>\n<li>Alberto\u00a0Fern\u00e1ndez Costales, Universidad de Oviedo (Espa\u00f1a)<\/li>\n<li>M\u00f3nica \u0141odej, Universidad Jan Kochanowski (Polonia)<\/li>\n<li>Lisa Huffman, Texas Woman\u2019s University (USA)<\/li>\n<li>Holly Hansen-Thomas,Texas Woman\u2019s University (USA)<\/li>\n<li>Jorge Figueroa,\u00a0Texas Woman\u2019s University (USA)<\/li>\n<li>Emarely D\u00e1vila,\u00a0Texas Woman\u2019s University (USA)<\/li>\n<li>Tim Giesler, Universidad de Bremen (Alemania)<\/li>\n<li>Mar\u00eda Isabel Amor Almedina, Universidad de C\u00f3rdoba (Espa\u00f1a)<\/li>\n<li>Christian Krammer, Universidad de Oldemburgo (Alemania)<\/li>\n<li>Sylke Bakker, Universidad de Oldemburgo (Alemania)<\/li>\n<li>Noa Talav\u00e1n Zan\u00f3n &#8211; Universidad Nacional de Educaci\u00f3n a Distancia, UNED (Espa\u00f1a)<\/li>\n<li>Jennifer Lertola &#8211; Universit\u00e0 del Piemonte Orientales, uniUPO (Italia)<\/li>\n<li>Alejandro Bola\u00f1os Garc\u00eda-Escribano &#8211; University College London, UCL (Reino Unido)<\/li>\n<\/ul>\n<\/div><\/div><div class=\"w-separator size_small\"><\/div><div class=\"w-separator size_small\"><\/div>[vc_raw_html]JTNDJTJGaSUzRQ==[\/vc_raw_html]<div class=\"w-actionbox us_custom_c73f3cf7 color_primary controls_right\"><div class=\"w-actionbox-text\"><h4 style=\"font-size:1.9rem;\">Comit\u00e9 Organizador<\/h4><\/div><\/div><div class=\"w-separator size_small\"><\/div><div class=\"w-separator size_small\"><\/div><div class=\"wpb_text_column\" ><div class=\"wpb_wrapper\"><ul>\n<li>M\u00aa Elena G\u00f3mez Parra, Universidad de C\u00f3rdoba (Espa\u00f1a)<\/li>\n<li>\u00c1ngela Mar\u00eda Larrea Espinar, Universidad de C\u00f3rdoba (Espa\u00f1a)<\/li>\n<li>Leonor Mar\u00eda Mart\u00ednez Serrano, Universidad de C\u00f3rdoba (Espa\u00f1a)<\/li>\n<li>Adela Gonz\u00e1lez Fern\u00e1ndez, Universidad de C\u00f3rdoba (Espa\u00f1a)<\/li>\n<li>Emilio Arjona Crespo, Universidad de C\u00f3rdoba (Espa\u00f1a)<\/li>\n<li>Antonio Jes\u00fas Rodr\u00edguez Tinedo, Universidad Nacional de Educaci\u00f3n a Distancia, UNED (Espa\u00f1a)<\/li>\n<li>Mar\u00eda Jos\u00e9 Salinas Ranero, Universidad de C\u00f3rdoba (Espa\u00f1a).<\/li>\n<\/ul>\n<\/div><\/div><div class=\"w-separator size_small\"><\/div><div class=\"w-separator size_small with_line width_default thick_2 style_solid color_border align_center\"><div class=\"w-separator-h\"><\/div><\/div><div class=\"w-separator size_small\"><\/div><div class=\"w-separator size_huge\"><\/div><\/div><\/div><\/div><\/div><\/div><\/section><section class=\"l-section wpb_row height_custom color_primary with_shape\"><div class=\"l-section-shape type_wave pos_bottom\" style=\"height:10vh;\"><svg xmlns=\"http:\/\/www.w3.org\/2000\/svg\" viewBox=\"0 4 64 4\" preserveAspectRatio=\"none\" width=\"100%\" height=\"100%\">\r\n\t<path fill=\"currentColor\" d=\"M64 6 C32 0 32 12 0 6 L0 8 L64 8 Z\"\/>\r\n<\/svg><\/div><div class=\"l-section-h i-cf\"><div class=\"g-cols vc_row type_default valign_top\"><div class=\"vc_col-sm-12 wpb_column vc_column_container\"><div class=\"vc_column-inner\"><div class=\"wpb_wrapper\">[vc_raw_html]JTNDJTJGaSUzRQ==[\/vc_raw_html][vc_custom_heading text=\u00bbAcceda a la Plataforma para env\u00edo de comunicaciones\u00bb font_container=\u00bbtag:h2|text_align:center\u00bb use_theme_fonts=\u00bbyes\u00bb css=\u00bb%7B%22default%22%3A%7B%22color%22%3A%22%23ffffff%22%2C%22font-weight%22%3A%22600%22%2C%22font-style%22%3A%22normal%22%7D%7D\u00bb][vc_raw_html]JTNDJTJGaSUzRQ==[\/vc_raw_html][vc_custom_heading text=\u00bbAseg\u00farese de haber realizado correctamente el proceso de inscripci\u00f3n siguiendo los pasos descritos en el apartado \u201cProcedimiento de inscripci\u00f3n\u201d.\u00bb font_container=\u00bbtag:p|text_align:center\u00bb use_theme_fonts=\u00bbyes\u00bb css=\u00bb%7B%22default%22%3A%7B%22color%22%3A%22%23ffffff%22%2C%22font-weight%22%3A%22500%22%2C%22font-style%22%3A%22normal%22%2C%22font-size%22%3A%221rem%22%7D%7D\u00bb]<div class=\"w-separator size_small\"><\/div><div class=\"w-btn-wrapper width_auto align_center\"><a class=\"w-btn us-btn-style_4\" href=\"https:\/\/grupo-ebei.com\/confbe\/ojsebei\/index.php\/confbe2023\/\" target=\"_blank\" rel=\"noopener\"><span class=\"w-btn-label\">ACCESO PLATAFORMA OJS<\/span><\/a><\/div><div class=\"w-separator size_medium\"><\/div><\/div><\/div><\/div><\/div><\/div><\/section><section class=\"l-section wpb_row height_custom\"><div class=\"l-section-h i-cf\"><div class=\"g-cols vc_row type_default valign_top\"><div class=\"vc_col-sm-12 wpb_column vc_column_container\"><div class=\"vc_column-inner\"><div class=\"wpb_wrapper\"><div class=\"wpb_text_column\" ><div class=\"wpb_wrapper\"><\/div><\/div><\/div><\/div><\/div><\/div><\/div><\/section>","protected":false},"excerpt":{"rendered":"[vc_custom_heading text=\"IX Congreso Internacional sobre Educaci\u00f3n Biling\u00fce\" font_container=\"tag:h2|text_align:center\" use_theme_fonts=\"yes\" css=\"%7B%22default%22%3A%7B%22color%22%3A%22%23013e67%22%2C%22font-size%22%3A%222.5rem%22%2C%22margin-bottom%22%3A%220px%22%7D%7D\"][vc_custom_heading text=\"Organizaci\u00f3n y Comit\u00e9s\" font_container=\"tag:h2|text_align:center\" use_theme_fonts=\"yes\" css=\"%7B%22default%22%3A%7B%22color%22%3A%22%23013e67%22%2C%22font-weight%22%3A%22500%22%2C%22font-size%22%3A%221.4rem%22%2C%22margin-top%22%3A%220px%22%2C%22margin-bottom%22%3A%2215px%22%7D%7D\"][vc_custom_heading text=\"Presidencia\" font_container=\"tag:p|text_align:center\" use_theme_fonts=\"yes\" css=\"%7B%22default%22%3A%7B%22color%22%3A%22%23013e67%22%2C%22font-weight%22%3A%22600%22%2C%22font-size%22%3A%221.5rem%22%7D%7D\"] Mar\u00eda Elena G\u00f3mez Parra, Universidad de C\u00f3rdoba (Espa\u00f1a).\u00a0 [vc_custom_heading text=\"Vicepresidencia\" font_container=\"tag:p|text_align:center\" use_theme_fonts=\"yes\" css=\"%7B%22default%22%3A%7B%22color%22%3A%22%23013e67%22%2C%22font-weight%22%3A%22600%22%2C%22font-size%22%3A%221.5rem%22%7D%7D\"] Leonor Mar\u00eda\u00a0Mart\u00ednez Serrano, Universidad de C\u00f3rdoba (Espa\u00f1a).\u00a0 [vc_custom_heading text=\"Presidencia de Honor\" font_container=\"tag:p|text_align:center\" use_theme_fonts=\"yes\" css=\"%7B%22default%22%3A%7B%22color%22%3A%22%23013e67%22%2C%22font-weight%22%3A%22600%22%2C%22font-size%22%3A%221.5rem%22%7D%7D\"]Richard Johnstone (University of Stirling \u2013 UK) Ofelia Garc\u00eda...","protected":false},"author":1,"featured_media":0,"parent":0,"menu_order":0,"comment_status":"closed","ping_status":"closed","template":"","meta":{"spay_email":""},"yoast_head":"<!-- This site is optimized with the Yoast SEO plugin v18.8 - https:\/\/yoast.com\/wordpress\/plugins\/seo\/ -->\n<title>Organizaci\u00f3n y comit\u00e9s - IX Congreso Internacional sobre Educaci\u00f3n Biling\u00fce<\/title>\n<meta name=\"robots\" content=\"index, follow, max-snippet:-1, max-image-preview:large, max-video-preview:-1\" \/>\n<link rel=\"canonical\" href=\"https:\/\/grupo-ebei.com\/confbe\/2023\/organizacion\/\" \/>\n<meta property=\"og:locale\" content=\"es_ES\" \/>\n<meta property=\"og:type\" content=\"article\" \/>\n<meta property=\"og:title\" content=\"Organizaci\u00f3n y comit\u00e9s - IX Congreso Internacional sobre Educaci\u00f3n Biling\u00fce\" \/>\n<meta property=\"og:url\" content=\"https:\/\/grupo-ebei.com\/confbe\/2023\/organizacion\/\" \/>\n<meta property=\"og:site_name\" content=\"IX Congreso Internacional sobre Educaci\u00f3n Biling\u00fce\" \/>\n<meta property=\"article:modified_time\" content=\"2023-09-12T12:59:02+00:00\" \/>\n<meta name=\"twitter:card\" content=\"summary_large_image\" \/>\n<meta name=\"twitter:label1\" content=\"Tiempo de lectura\" \/>\n\t<meta name=\"twitter:data1\" content=\"3 minutos\" \/>\n<script type=\"application\/ld+json\" class=\"yoast-schema-graph\">{\"@context\":\"https:\/\/schema.org\",\"@graph\":[{\"@type\":\"WebSite\",\"@id\":\"https:\/\/grupo-ebei.com\/confbe\/2023\/#website\",\"url\":\"https:\/\/grupo-ebei.com\/confbe\/2023\/\",\"name\":\"IX Congreso Internacional sobre Educaci\u00f3n Biling\u00fce\",\"description\":\"VIII International Conference on Bilingual Education\",\"potentialAction\":[{\"@type\":\"SearchAction\",\"target\":{\"@type\":\"EntryPoint\",\"urlTemplate\":\"https:\/\/grupo-ebei.com\/confbe\/2023\/?s={search_term_string}\"},\"query-input\":\"required name=search_term_string\"}],\"inLanguage\":\"es\"},{\"@type\":\"WebPage\",\"@id\":\"https:\/\/grupo-ebei.com\/confbe\/2023\/organizacion\/#webpage\",\"url\":\"https:\/\/grupo-ebei.com\/confbe\/2023\/organizacion\/\",\"name\":\"Organizaci\u00f3n y comit\u00e9s - IX Congreso Internacional sobre Educaci\u00f3n Biling\u00fce\",\"isPartOf\":{\"@id\":\"https:\/\/grupo-ebei.com\/confbe\/2023\/#website\"},\"datePublished\":\"2020-06-17T10:53:49+00:00\",\"dateModified\":\"2023-09-12T12:59:02+00:00\",\"breadcrumb\":{\"@id\":\"https:\/\/grupo-ebei.com\/confbe\/2023\/organizacion\/#breadcrumb\"},\"inLanguage\":\"es\",\"potentialAction\":[{\"@type\":\"ReadAction\",\"target\":[\"https:\/\/grupo-ebei.com\/confbe\/2023\/organizacion\/\"]}]},{\"@type\":\"BreadcrumbList\",\"@id\":\"https:\/\/grupo-ebei.com\/confbe\/2023\/organizacion\/#breadcrumb\",\"itemListElement\":[{\"@type\":\"ListItem\",\"position\":1,\"name\":\"Home\",\"item\":\"https:\/\/grupo-ebei.com\/confbe\/2023\/\"},{\"@type\":\"ListItem\",\"position\":2,\"name\":\"Organizaci\u00f3n y comit\u00e9s\"}]}]}<\/script>\n<!-- \/ Yoast SEO plugin. -->","yoast_head_json":{"title":"Organizaci\u00f3n y comit\u00e9s - IX Congreso Internacional sobre Educaci\u00f3n Biling\u00fce","robots":{"index":"index","follow":"follow","max-snippet":"max-snippet:-1","max-image-preview":"max-image-preview:large","max-video-preview":"max-video-preview:-1"},"canonical":"https:\/\/grupo-ebei.com\/confbe\/2023\/organizacion\/","og_locale":"es_ES","og_type":"article","og_title":"Organizaci\u00f3n y comit\u00e9s - IX Congreso Internacional sobre Educaci\u00f3n Biling\u00fce","og_url":"https:\/\/grupo-ebei.com\/confbe\/2023\/organizacion\/","og_site_name":"IX Congreso Internacional sobre Educaci\u00f3n Biling\u00fce","article_modified_time":"2023-09-12T12:59:02+00:00","twitter_card":"summary_large_image","twitter_misc":{"Tiempo de lectura":"3 minutos"},"schema":{"@context":"https:\/\/schema.org","@graph":[{"@type":"WebSite","@id":"https:\/\/grupo-ebei.com\/confbe\/2023\/#website","url":"https:\/\/grupo-ebei.com\/confbe\/2023\/","name":"IX Congreso Internacional sobre Educaci\u00f3n Biling\u00fce","description":"VIII International Conference on Bilingual Education","potentialAction":[{"@type":"SearchAction","target":{"@type":"EntryPoint","urlTemplate":"https:\/\/grupo-ebei.com\/confbe\/2023\/?s={search_term_string}"},"query-input":"required name=search_term_string"}],"inLanguage":"es"},{"@type":"WebPage","@id":"https:\/\/grupo-ebei.com\/confbe\/2023\/organizacion\/#webpage","url":"https:\/\/grupo-ebei.com\/confbe\/2023\/organizacion\/","name":"Organizaci\u00f3n y comit\u00e9s - IX Congreso Internacional sobre Educaci\u00f3n Biling\u00fce","isPartOf":{"@id":"https:\/\/grupo-ebei.com\/confbe\/2023\/#website"},"datePublished":"2020-06-17T10:53:49+00:00","dateModified":"2023-09-12T12:59:02+00:00","breadcrumb":{"@id":"https:\/\/grupo-ebei.com\/confbe\/2023\/organizacion\/#breadcrumb"},"inLanguage":"es","potentialAction":[{"@type":"ReadAction","target":["https:\/\/grupo-ebei.com\/confbe\/2023\/organizacion\/"]}]},{"@type":"BreadcrumbList","@id":"https:\/\/grupo-ebei.com\/confbe\/2023\/organizacion\/#breadcrumb","itemListElement":[{"@type":"ListItem","position":1,"name":"Home","item":"https:\/\/grupo-ebei.com\/confbe\/2023\/"},{"@type":"ListItem","position":2,"name":"Organizaci\u00f3n y comit\u00e9s"}]}]}},"_links":{"self":[{"href":"https:\/\/grupo-ebei.com\/confbe\/2023\/wp-json\/wp\/v2\/pages\/10071"}],"collection":[{"href":"https:\/\/grupo-ebei.com\/confbe\/2023\/wp-json\/wp\/v2\/pages"}],"about":[{"href":"https:\/\/grupo-ebei.com\/confbe\/2023\/wp-json\/wp\/v2\/types\/page"}],"author":[{"embeddable":true,"href":"https:\/\/grupo-ebei.com\/confbe\/2023\/wp-json\/wp\/v2\/users\/1"}],"replies":[{"embeddable":true,"href":"https:\/\/grupo-ebei.com\/confbe\/2023\/wp-json\/wp\/v2\/comments?post=10071"}],"version-history":[{"count":61,"href":"https:\/\/grupo-ebei.com\/confbe\/2023\/wp-json\/wp\/v2\/pages\/10071\/revisions"}],"predecessor-version":[{"id":11179,"href":"https:\/\/grupo-ebei.com\/confbe\/2023\/wp-json\/wp\/v2\/pages\/10071\/revisions\/11179"}],"wp:attachment":[{"href":"https:\/\/grupo-ebei.com\/confbe\/2023\/wp-json\/wp\/v2\/media?parent=10071"}],"curies":[{"name":"wp","href":"https:\/\/api.w.org\/{rel}","templated":true}]}}