{"id":10025,"date":"2020-06-15T13:06:27","date_gmt":"2020-06-15T11:06:27","guid":{"rendered":"https:\/\/www.grupo-ebei.es\/confbe\/2020\/?page_id=10025"},"modified":"2022-06-27T22:13:24","modified_gmt":"2022-06-27T20:13:24","slug":"gestion-de-resumenes","status":"publish","type":"page","link":"https:\/\/grupo-ebei.com\/confbe\/2023\/gestion-de-resumenes\/","title":{"rendered":"Panel de Gesti\u00f3n de Res\u00famenes"},"content":{"rendered":"<section class=\"l-section wpb_row height_auto color_primary with_shape\"><div class=\"l-section-shape type_wave pos_bottom\" style=\"height:10vh;\"><svg xmlns=\"http:\/\/www.w3.org\/2000\/svg\" viewBox=\"0 4 64 4\" preserveAspectRatio=\"none\" width=\"100%\" height=\"100%\">\r\n\t<path fill=\"currentColor\" d=\"M64 6 C32 0 32 12 0 6 L0 8 L64 8 Z\"\/>\r\n<\/svg><\/div><div class=\"l-section-h i-cf\"><div class=\"g-cols vc_row type_default valign_top\"><div class=\"vc_col-sm-12 wpb_column vc_column_container\"><div class=\"vc_column-inner\"><div class=\"wpb_wrapper\"><div class=\"w-separator size_small\"><\/div><div class=\"w-separator size_huge\"><\/div><\/div><\/div><\/div><\/div><\/div><\/section><section class=\"l-section wpb_row height_auto\"><div class=\"l-section-h i-cf\"><div class=\"g-cols vc_row type_default valign_top\"><div class=\"vc_col-sm-12 wpb_column vc_column_container\"><div class=\"vc_column-inner\"><div class=\"wpb_wrapper\"><div class=\"w-separator size_large\"><\/div>[vc_custom_heading text=\u00bbProcedimiento para el env\u00edo de res\u00famenes\u00bb font_container=\u00bbtag:h2|text_align:center\u00bb use_theme_fonts=\u00bbyes\u00bb]<div class=\"w-separator size_custom\" style=\"height:1rem;\"><\/div><div class=\"wpb_text_column\" ><div class=\"wpb_wrapper\"><p><code style='display: none;'><br \/>\n<\/code><\/p>\n<p align=\"justify\">El env\u00edo de propuestas solo deber\u00e1n llevarlo a cabo aquellos participantes que deseen presentar una o varias comunicaciones en el Congreso. El proceso de <b>env\u00edo de res\u00famenes<\/b> y su revisi\u00f3n <b>se realizar\u00e1 exclusivamente <\/b>a trav\u00e9s del <b>Sistema de Env\u00edo de Res\u00famenes.<\/b><\/p>\n<p><code style='display: none;'><br \/>\n<\/code><\/p>\n<p align=\"justify\">En el caso de <b>comunicaciones con varios autores<\/b>, <b>el env\u00edo deber\u00e1 llevarlo a cabo<\/b> <b>\u00fanicamente el autor de correspondencia<\/b>.\u00a0<\/p>\n<p><code style='display: none;'><br \/>\n<\/code><\/p>\n<p align=\"justify\">Podr\u00e1 conocer en todo momento el estado de la revisi\u00f3n de sus comunicaciones accediendo al Panel de Gesti\u00f3n. Una vez que las diferentes comunicaciones hayan sido evaluadas a trav\u00e9s de este sistema de <i>peer review<\/i>, <b>el autor de correspondencia recibir\u00e1 la revisi\u00f3n de la propuesta <\/b>a trav\u00e9s de su direcci\u00f3n de correo electr\u00f3nico.<\/p>\n<p><code style='display: none;'><br \/>\n<\/code><\/p>\n<p align=\"justify\">Con el fin de facilitar la labor de env\u00edo de propuestas hemos habilitado una breve gu\u00eda para el uso del Panel de Gesti\u00f3n.<\/p>\n<p><code style='display: none;'><br \/>\n<\/code><\/p>\n<\/div><\/div><div class=\"w-separator size_small\"><\/div><div class=\"w-btn-wrapper width_auto align_center\"><a class=\"w-btn us-btn-style_1 icon_atleft\" href=\"https:\/\/grupo-ebei.com\/confbe\/2023\/wp-content\/uploads\/2022\/06\/Registro.pdf\" target=\"_blank\" rel=\"noopener\"><i class=\"fas fa-question-circle\"><\/i><span class=\"w-btn-label\">GU\u00cdA PARA EL ENV\u00cdO Y REVISI\u00d3N DE RESUMENES<\/span><\/a><\/div><\/div><\/div><\/div><\/div><\/div><\/section><section class=\"l-section wpb_row height_custom\"><div class=\"l-section-h i-cf\"><div class=\"g-cols vc_row type_default valign_top\"><div class=\"vc_col-sm-12 wpb_column vc_column_container\"><div class=\"vc_column-inner\"><div class=\"wpb_wrapper\"><div class=\"wpb_text_column us_custom_e5aea6d2\" ><div class=\"wpb_wrapper\"><p>Procedimiento general para el env\u00edo de res\u00famenes:<\/p>\n<ul>\n<li>Acceder a la plataforma de env\u00edos<\/li>\n<li>Crear un usuario<\/li>\n<li>Subir el resumen utilizando la plantilla proporcionada<\/li>\n<li>Realizar el pago una vez que el <i>abstract<\/i> est\u00e9 aceptado.<\/li>\n<\/ul>\n<p>No olvide seguir las normas de citaci\u00f3n APA7 para la confecci\u00f3n de su <i>abstract<\/i>.<\/p>\n<\/div><\/div><div class=\"w-btn-wrapper width_auto align_center\"><a class=\"w-btn us-btn-style_1 icon_atleft\" href=\"https:\/\/grupo-ebei.com\/confbe\/2023\/wp-content\/uploads\/2022\/06\/1-Plantilla-resumen-CONFBE_espanol.docx\" target=\"_blank\" rel=\"noopener\"><i class=\"fas fa-question-circle\"><\/i><span class=\"w-btn-label\">PLANTILLA EN ESPA\u00d1OL<\/span><\/a><\/div><div class=\"w-btn-wrapper width_auto align_center\"><a class=\"w-btn us-btn-style_1 icon_atleft\" href=\"https:\/\/grupo-ebei.com\/confbe\/2023\/wp-content\/uploads\/2022\/06\/1-Plantilla-resumen-CONFBE_espanol.docx\" target=\"_blank\" rel=\"noopener\"><i class=\"fas fa-question-circle\"><\/i><span class=\"w-btn-label\">PLANTILLA EN INGL\u00c9S<\/span><\/a><\/div><\/div><\/div><\/div><\/div><\/div><\/section><section class=\"l-section wpb_row height_auto\"><div class=\"l-section-h i-cf\"><div class=\"g-cols vc_row type_default valign_top\"><div class=\"vc_col-sm-12 wpb_column vc_column_container\"><div class=\"vc_column-inner\"><div class=\"wpb_wrapper\"><div class=\"w-actionbox us_custom_50477a6d color_primary controls_right\"><div class=\"w-actionbox-text\"><p>Tenga en cuenta que la <strong>fecha l\u00edmite para el env\u00edo de res\u00famenes<\/strong> es el <strong>16 de septiembre de 2022<\/strong>. Una vez evaluada su propuesta por parte del Comit\u00e9 Cient\u00edfico, recibir\u00e1 una <strong>notificaci\u00f3n sobre la aceptaci\u00f3n<\/strong> de su comunicaci\u00f3n antes del <strong>30 de septiembre de 2022<\/strong>.<\/p>\n<\/div><\/div><div class=\"w-separator size_small\"><\/div><div class=\"w-separator size_huge\"><\/div><\/div><\/div><\/div><\/div><\/div><\/section><section class=\"l-section wpb_row height_custom color_primary with_shape\"><div class=\"l-section-shape type_wave pos_bottom\" style=\"height:10vh;\"><svg xmlns=\"http:\/\/www.w3.org\/2000\/svg\" viewBox=\"0 4 64 4\" preserveAspectRatio=\"none\" width=\"100%\" height=\"100%\">\r\n\t<path fill=\"currentColor\" d=\"M64 6 C32 0 32 12 0 6 L0 8 L64 8 Z\"\/>\r\n<\/svg><\/div><div class=\"l-section-h i-cf\"><div class=\"g-cols vc_row type_default valign_top\"><div class=\"vc_col-sm-12 wpb_column vc_column_container\"><div class=\"vc_column-inner\"><div class=\"wpb_wrapper\"><div class=\"w-separator size_medium\"><\/div><\/div><\/div><\/div><\/div><\/div><\/section>","protected":false},"excerpt":{"rendered":"[vc_custom_heading text=\"Procedimiento para el env\u00edo de res\u00famenes\" font_container=\"tag:h2|text_align:center\" use_theme_fonts=\"yes\"] El env\u00edo de propuestas solo deber\u00e1n llevarlo a cabo aquellos participantes que deseen presentar una o varias comunicaciones en el Congreso. El proceso de env\u00edo de res\u00famenes y su revisi\u00f3n se realizar\u00e1 exclusivamente a trav\u00e9s del Sistema de Env\u00edo de Res\u00famenes. En el caso de comunicaciones...","protected":false},"author":1,"featured_media":0,"parent":0,"menu_order":0,"comment_status":"closed","ping_status":"closed","template":"","meta":{"spay_email":""},"yoast_head":"<!-- This site is optimized with the Yoast SEO plugin v18.8 - https:\/\/yoast.com\/wordpress\/plugins\/seo\/ -->\n<title>Panel de Gesti\u00f3n de Res\u00famenes - IX Congreso Internacional sobre Educaci\u00f3n Biling\u00fce<\/title>\n<meta name=\"robots\" content=\"index, follow, max-snippet:-1, max-image-preview:large, max-video-preview:-1\" \/>\n<link rel=\"canonical\" href=\"https:\/\/grupo-ebei.com\/confbe\/2023\/gestion-de-resumenes\/\" \/>\n<meta property=\"og:locale\" content=\"es_ES\" \/>\n<meta property=\"og:type\" content=\"article\" \/>\n<meta property=\"og:title\" content=\"Panel de Gesti\u00f3n de Res\u00famenes - IX Congreso Internacional sobre Educaci\u00f3n Biling\u00fce\" \/>\n<meta property=\"og:url\" content=\"https:\/\/grupo-ebei.com\/confbe\/2023\/gestion-de-resumenes\/\" \/>\n<meta property=\"og:site_name\" content=\"IX Congreso Internacional sobre Educaci\u00f3n Biling\u00fce\" \/>\n<meta property=\"article:modified_time\" content=\"2022-06-27T20:13:24+00:00\" \/>\n<meta name=\"twitter:card\" content=\"summary_large_image\" \/>\n<meta name=\"twitter:label1\" content=\"Tiempo de lectura\" \/>\n\t<meta name=\"twitter:data1\" content=\"3 minutos\" \/>\n<script type=\"application\/ld+json\" class=\"yoast-schema-graph\">{\"@context\":\"https:\/\/schema.org\",\"@graph\":[{\"@type\":\"WebSite\",\"@id\":\"https:\/\/grupo-ebei.com\/confbe\/2023\/#website\",\"url\":\"https:\/\/grupo-ebei.com\/confbe\/2023\/\",\"name\":\"IX Congreso Internacional sobre Educaci\u00f3n Biling\u00fce\",\"description\":\"VIII International Conference on Bilingual Education\",\"potentialAction\":[{\"@type\":\"SearchAction\",\"target\":{\"@type\":\"EntryPoint\",\"urlTemplate\":\"https:\/\/grupo-ebei.com\/confbe\/2023\/?s={search_term_string}\"},\"query-input\":\"required name=search_term_string\"}],\"inLanguage\":\"es\"},{\"@type\":\"WebPage\",\"@id\":\"https:\/\/grupo-ebei.com\/confbe\/2023\/gestion-de-resumenes\/#webpage\",\"url\":\"https:\/\/grupo-ebei.com\/confbe\/2023\/gestion-de-resumenes\/\",\"name\":\"Panel de Gesti\u00f3n de Res\u00famenes - IX Congreso Internacional sobre Educaci\u00f3n Biling\u00fce\",\"isPartOf\":{\"@id\":\"https:\/\/grupo-ebei.com\/confbe\/2023\/#website\"},\"datePublished\":\"2020-06-15T11:06:27+00:00\",\"dateModified\":\"2022-06-27T20:13:24+00:00\",\"breadcrumb\":{\"@id\":\"https:\/\/grupo-ebei.com\/confbe\/2023\/gestion-de-resumenes\/#breadcrumb\"},\"inLanguage\":\"es\",\"potentialAction\":[{\"@type\":\"ReadAction\",\"target\":[\"https:\/\/grupo-ebei.com\/confbe\/2023\/gestion-de-resumenes\/\"]}]},{\"@type\":\"BreadcrumbList\",\"@id\":\"https:\/\/grupo-ebei.com\/confbe\/2023\/gestion-de-resumenes\/#breadcrumb\",\"itemListElement\":[{\"@type\":\"ListItem\",\"position\":1,\"name\":\"Home\",\"item\":\"https:\/\/grupo-ebei.com\/confbe\/2023\/\"},{\"@type\":\"ListItem\",\"position\":2,\"name\":\"Panel de Gesti\u00f3n de Res\u00famenes\"}]}]}<\/script>\n<!-- \/ Yoast SEO plugin. -->","yoast_head_json":{"title":"Panel de Gesti\u00f3n de Res\u00famenes - IX Congreso Internacional sobre Educaci\u00f3n Biling\u00fce","robots":{"index":"index","follow":"follow","max-snippet":"max-snippet:-1","max-image-preview":"max-image-preview:large","max-video-preview":"max-video-preview:-1"},"canonical":"https:\/\/grupo-ebei.com\/confbe\/2023\/gestion-de-resumenes\/","og_locale":"es_ES","og_type":"article","og_title":"Panel de Gesti\u00f3n de Res\u00famenes - IX Congreso Internacional sobre Educaci\u00f3n Biling\u00fce","og_url":"https:\/\/grupo-ebei.com\/confbe\/2023\/gestion-de-resumenes\/","og_site_name":"IX Congreso Internacional sobre Educaci\u00f3n Biling\u00fce","article_modified_time":"2022-06-27T20:13:24+00:00","twitter_card":"summary_large_image","twitter_misc":{"Tiempo de lectura":"3 minutos"},"schema":{"@context":"https:\/\/schema.org","@graph":[{"@type":"WebSite","@id":"https:\/\/grupo-ebei.com\/confbe\/2023\/#website","url":"https:\/\/grupo-ebei.com\/confbe\/2023\/","name":"IX Congreso Internacional sobre Educaci\u00f3n Biling\u00fce","description":"VIII International Conference on Bilingual Education","potentialAction":[{"@type":"SearchAction","target":{"@type":"EntryPoint","urlTemplate":"https:\/\/grupo-ebei.com\/confbe\/2023\/?s={search_term_string}"},"query-input":"required name=search_term_string"}],"inLanguage":"es"},{"@type":"WebPage","@id":"https:\/\/grupo-ebei.com\/confbe\/2023\/gestion-de-resumenes\/#webpage","url":"https:\/\/grupo-ebei.com\/confbe\/2023\/gestion-de-resumenes\/","name":"Panel de Gesti\u00f3n de Res\u00famenes - IX Congreso Internacional sobre Educaci\u00f3n Biling\u00fce","isPartOf":{"@id":"https:\/\/grupo-ebei.com\/confbe\/2023\/#website"},"datePublished":"2020-06-15T11:06:27+00:00","dateModified":"2022-06-27T20:13:24+00:00","breadcrumb":{"@id":"https:\/\/grupo-ebei.com\/confbe\/2023\/gestion-de-resumenes\/#breadcrumb"},"inLanguage":"es","potentialAction":[{"@type":"ReadAction","target":["https:\/\/grupo-ebei.com\/confbe\/2023\/gestion-de-resumenes\/"]}]},{"@type":"BreadcrumbList","@id":"https:\/\/grupo-ebei.com\/confbe\/2023\/gestion-de-resumenes\/#breadcrumb","itemListElement":[{"@type":"ListItem","position":1,"name":"Home","item":"https:\/\/grupo-ebei.com\/confbe\/2023\/"},{"@type":"ListItem","position":2,"name":"Panel de Gesti\u00f3n de Res\u00famenes"}]}]}},"_links":{"self":[{"href":"https:\/\/grupo-ebei.com\/confbe\/2023\/wp-json\/wp\/v2\/pages\/10025"}],"collection":[{"href":"https:\/\/grupo-ebei.com\/confbe\/2023\/wp-json\/wp\/v2\/pages"}],"about":[{"href":"https:\/\/grupo-ebei.com\/confbe\/2023\/wp-json\/wp\/v2\/types\/page"}],"author":[{"embeddable":true,"href":"https:\/\/grupo-ebei.com\/confbe\/2023\/wp-json\/wp\/v2\/users\/1"}],"replies":[{"embeddable":true,"href":"https:\/\/grupo-ebei.com\/confbe\/2023\/wp-json\/wp\/v2\/comments?post=10025"}],"version-history":[{"count":48,"href":"https:\/\/grupo-ebei.com\/confbe\/2023\/wp-json\/wp\/v2\/pages\/10025\/revisions"}],"predecessor-version":[{"id":10956,"href":"https:\/\/grupo-ebei.com\/confbe\/2023\/wp-json\/wp\/v2\/pages\/10025\/revisions\/10956"}],"wp:attachment":[{"href":"https:\/\/grupo-ebei.com\/confbe\/2023\/wp-json\/wp\/v2\/media?parent=10025"}],"curies":[{"name":"wp","href":"https:\/\/api.w.org\/{rel}","templated":true}]}}